{"id":778117,"date":"2025-11-05T12:15:49","date_gmt":"2025-11-05T09:15:49","guid":{"rendered":"https:\/\/roveyayinevi.com.tr\/index.php\/urun\/birlikten-kuvvet-dogar\/"},"modified":"2026-04-15T03:43:34","modified_gmt":"2026-04-15T00:43:34","slug":"birlikten-kuvvet-dogar","status":"publish","type":"product","link":"https:\/\/roveyayinevi.com.tr\/index.php\/urun\/birlikten-kuvvet-dogar\/","title":{"rendered":"Birlikten Kuvvet Do\u011far"},"content":{"rendered":"<p>D\u00dcNYAYI TEK BA\u015eIMIZA DE\u011e\u0130\u015eT\u0130REMEY\u0130Z AMA BUNU EL B\u0130RL\u0130\u011e\u0130YLE BA\u015eARAB\u0130L\u0130R\u0130Z! BU K\u0130TAPTA YER ALAN DEVR\u0130M N\u0130TEL\u0130\u011e\u0130NDEK\u0130 ON \u0130CADIN TAR\u0130H\u00c7ES\u0130 DE \u0130\u015eTE BUNUN KANITI. HER B\u0130R\u0130 ONLARCA HATTA Y\u00dcZLERCE YIL BOYUNCA B\u0130R\u00c7OK SIRADI\u015eI \u0130NSANIN KATKILARIYLA GEL\u0130\u015eT\u0130R\u0130LD\u0130, DE\u011e\u0130\u015eT\u0130R\u0130LD\u0130 VE M\u00dcKEMMELLE\u015eT\u0130R\u0130LD\u0130. BU DA DEMEK OLUYOR K\u0130 TAKIM \u00c7ALI\u015eMASI B\u0130ZLER\u0130 \u00c7OK AMA \u00c7OK \u0130LER\u0130 TA\u015eIYAB\u0130L\u0130R! <\/p>\n","protected":false},"excerpt":{"rendered":"<p>D\u00dcNYAYI TEK BA\u015eIMIZA DE\u011e\u0130\u015eT\u0130REMEY\u0130Z AMA BUNU EL B\u0130RL\u0130\u011e\u0130YLE BA\u015eARAB\u0130L\u0130R\u0130Z! BU K\u0130TAPTA YER ALAN DEVR\u0130M N\u0130TEL\u0130\u011e\u0130NDEK\u0130 ON \u0130CADIN TAR\u0130H\u00c7ES\u0130 DE \u0130\u015eTE BUNUN KANITI. HER B\u0130R\u0130 ONLARCA HATTA<span class=\"excerpt-hellip\"> [\u2026]<\/span><\/p>\n","protected":false},"featured_media":0,"template":"","meta":{"_monsterinsights_skip_tracking":false,"_monsterinsights_sitenote_active":false,"_monsterinsights_sitenote_note":"","_monsterinsights_sitenote_category":0},"product_brand":[],"product_cat":[13005,13006],"product_tag":[],"class_list":{"0":"post-778117","1":"product","2":"type-product","3":"status-publish","5":"product_cat-bilim-muhendislik","6":"product_cat-populer-bilim","7":"pa_cilt-ciltsiz","8":"pa_tur-kitap","9":"pa_yayinevi-orenda","10":"pa_yazar-tea-orsi-max-temporelli","12":"first","13":"instock","14":"sale","15":"shipping-taxable","16":"purchasable","17":"product-type-simple"},"_links":{"self":[{"href":"https:\/\/roveyayinevi.com.tr\/index.php\/wp-json\/wp\/v2\/product\/778117","targetHints":{"allow":["GET"]}}],"collection":[{"href":"https:\/\/roveyayinevi.com.tr\/index.php\/wp-json\/wp\/v2\/product"}],"about":[{"href":"https:\/\/roveyayinevi.com.tr\/index.php\/wp-json\/wp\/v2\/types\/product"}],"wp:attachment":[{"href":"https:\/\/roveyayinevi.com.tr\/index.php\/wp-json\/wp\/v2\/media?parent=778117"}],"wp:term":[{"taxonomy":"product_brand","embeddable":true,"href":"https:\/\/roveyayinevi.com.tr\/index.php\/wp-json\/wp\/v2\/product_brand?post=778117"},{"taxonomy":"product_cat","embeddable":true,"href":"https:\/\/roveyayinevi.com.tr\/index.php\/wp-json\/wp\/v2\/product_cat?post=778117"},{"taxonomy":"product_tag","embeddable":true,"href":"https:\/\/roveyayinevi.com.tr\/index.php\/wp-json\/wp\/v2\/product_tag?post=778117"}],"curies":[{"name":"wp","href":"https:\/\/api.w.org\/{rel}","templated":true}]}}