{"id":778116,"date":"2025-11-05T12:15:38","date_gmt":"2025-11-05T09:15:38","guid":{"rendered":"https:\/\/roveyayinevi.com.tr\/index.php\/urun\/juniper-mae-tikotek-sehrinin-sovalyesi\/"},"modified":"2026-04-15T03:43:16","modified_gmt":"2026-04-15T00:43:16","slug":"juniper-mae-tikotek-sehrinin-sovalyesi","status":"publish","type":"product","link":"https:\/\/roveyayinevi.com.tr\/index.php\/urun\/juniper-mae-tikotek-sehrinin-sovalyesi\/","title":{"rendered":"Juniper Mae &#8211; Tikotek \u015eehrinin \u015e\u00f6valyesi"},"content":{"rendered":"<p>D\u00f6rt bir yan\u0131 g\u00fcr ormanlarla \u00e7evrili dev teknoloji \u015fehri Tikotek\u2019e ho\u015f geldiniz.   Hayal bile edilemeyecek teknolojilerle tasarlanm\u0131\u015f bu \u0131\u015f\u0131l \u0131\u015f\u0131l \u015fehirde t\u00fcm halk huzur ve g\u00fcven i\u00e7inde ya\u015f\u0131yordu. Ta ki g\u00fcnbeg\u00fcn artan elektrik kesintileri ortaya \u00e7\u0131kana kadar! \u015eehrin tamamen karanl\u0131\u011fa g\u00f6m\u00fclmesini \u00f6nleyebilecek tek \u015fey, k\u00fc\u00e7\u00fck bir mucitti\u2026 Juniper Mae.   Bug\u00fcne dek odas\u0131na kurdu\u011fu laboratuvar\u0131nda jet motorlu s\u0131rt \u00e7antalar\u0131, \u0131s\u0131t\u0131c\u0131l\u0131 \u00e7oraplar, havada s\u00fcz\u00fclen akvaryumlar icat etmekle yetinen utanga\u00e7 Juniper, \u015fimdi korkular\u0131n\u0131 yenip sinsi g\u00fc\u00e7lerin oyununu bozacak icatlar yapmak ve onlara kar\u015f\u0131 duracak cesareti bulmak zorunda. Bakal\u0131m \u00e7ok sevdi\u011fi efsanevi Muhaf\u0131z \u015e\u00f6valyeler ve orman halk\u0131 tama-tamalar ona ne kadar yard\u0131m edecek?   Juniper Mae, bilim ve icatlara merakl\u0131 t\u00fcm \u00e7ocuklara \u015fahane \u00e7izimler e\u015fli\u011finde fantastik bir macera sunuyor. Onu takip edin, size anlatacaklar\u0131 var!   BBC Blue Peter Kitap Kul\u00fcb\u00fc Se\u00e7kisinde <\/p>\n","protected":false},"excerpt":{"rendered":"<p>D\u00f6rt bir yan\u0131 g\u00fcr ormanlarla \u00e7evrili dev teknoloji \u015fehri Tikotek\u2019e ho\u015f geldiniz. Hayal bile edilemeyecek teknolojilerle tasarlanm\u0131\u015f bu \u0131\u015f\u0131l \u0131\u015f\u0131l \u015fehirde t\u00fcm halk huzur ve g\u00fcven<span class=\"excerpt-hellip\"> [\u2026]<\/span><\/p>\n","protected":false},"featured_media":0,"template":"","meta":{"_monsterinsights_skip_tracking":false,"_monsterinsights_sitenote_active":false,"_monsterinsights_sitenote_note":"","_monsterinsights_sitenote_category":0},"product_brand":[],"product_cat":[12291,14777],"product_tag":[],"class_list":{"0":"post-778116","1":"product","2":"type-product","3":"status-publish","5":"product_cat-edebiyat","6":"product_cat-fantastik","7":"pa_cilt-ciltsiz","8":"pa_tur-kitap","9":"pa_yayinevi-domingo-yayinevi","10":"pa_yazar-sarah-soh","12":"first","13":"instock","14":"sale","15":"shipping-taxable","16":"purchasable","17":"product-type-simple"},"_links":{"self":[{"href":"https:\/\/roveyayinevi.com.tr\/index.php\/wp-json\/wp\/v2\/product\/778116","targetHints":{"allow":["GET"]}}],"collection":[{"href":"https:\/\/roveyayinevi.com.tr\/index.php\/wp-json\/wp\/v2\/product"}],"about":[{"href":"https:\/\/roveyayinevi.com.tr\/index.php\/wp-json\/wp\/v2\/types\/product"}],"wp:attachment":[{"href":"https:\/\/roveyayinevi.com.tr\/index.php\/wp-json\/wp\/v2\/media?parent=778116"}],"wp:term":[{"taxonomy":"product_brand","embeddable":true,"href":"https:\/\/roveyayinevi.com.tr\/index.php\/wp-json\/wp\/v2\/product_brand?post=778116"},{"taxonomy":"product_cat","embeddable":true,"href":"https:\/\/roveyayinevi.com.tr\/index.php\/wp-json\/wp\/v2\/product_cat?post=778116"},{"taxonomy":"product_tag","embeddable":true,"href":"https:\/\/roveyayinevi.com.tr\/index.php\/wp-json\/wp\/v2\/product_tag?post=778116"}],"curies":[{"name":"wp","href":"https:\/\/api.w.org\/{rel}","templated":true}]}}