{"id":778113,"date":"2025-11-05T12:14:51","date_gmt":"2025-11-05T09:14:51","guid":{"rendered":"https:\/\/roveyayinevi.com.tr\/index.php\/urun\/kitaplar-ve-savas-savas-zamaninda-okurlar-ve-kutuphaneler\/"},"modified":"2026-04-15T03:43:13","modified_gmt":"2026-04-15T00:43:13","slug":"kitaplar-ve-savas-savas-zamaninda-okurlar-ve-kutuphaneler","status":"publish","type":"product","link":"https:\/\/roveyayinevi.com.tr\/index.php\/urun\/kitaplar-ve-savas-savas-zamaninda-okurlar-ve-kutuphaneler\/","title":{"rendered":"Kitaplar Ve Sava\u015f &#8211; Sava\u015f Zaman\u0131nda Okurlar ve K\u00fct\u00fcphaneler"},"content":{"rendered":"<p>Propaganda, ucuz romanlar, casuslar ve sans\u00fcr: Sava\u015f zaman\u0131ndaki kitaplar\u0131n b\u00fcy\u00fcleyici ve aksiyon dolu hik\u00e2yesi. Ba\u015fkan Mao bir k\u00fct\u00fcphaneci, Stalin ise yay\u0131mlanm\u0131\u015f \u015fiirleri olan bir \u015fairdi. Evelyn Waugh ise Brideshead Revisited\u2019i yazmak \u00fczere izne ayr\u0131lmadan \u00f6nce orduda komando olarak g\u00f6rev yap\u0131yordu. Kitaplar da sava\u015f\u0131n ayr\u0131lmaz bir par\u00e7as\u0131 olarak kendilerini s\u0131kl\u0131kla cephe hatt\u0131nda bulmaya ba\u015flam\u0131\u015flard\u0131. Tan\u0131nm\u0131\u015f tarih\u00e7i Andrew Pettegree, Kitaplar ve Sava\u015f adl\u0131 eserinde -seyahat rehberleri ve bilimsel makalelerden, Biggles ve Anne Frank\u2019a var\u0131ncaya dek- modern \u00e7a\u011f\u0131n b\u00fcy\u00fck \u00e7at\u0131\u015fmalar\u0131n\u0131n yaz\u0131l\u0131 k\u00fclt\u00fcr\u00fc nas\u0131l \u015fekillendirdi\u011finin izlerini s\u00fcr\u00fcyor. Bu \u00e7\u0131\u011f\u0131r a\u00e7\u0131c\u0131 \u00e7al\u0131\u015fma, Amerikan \u0130\u00e7 Sava\u015f\u0131\u2019ndan Rusya\u2019n\u0131n Ukrayna\u2019y\u0131 i\u015fgaline kadar ge\u00e7en d\u00f6nemde -hik\u00e2ye ve romanlar ile posterler, haritalar ve bilimsel yaz\u0131lar gibi- matbu metinlerle sava\u015flar aras\u0131ndaki ili\u015fkiyi inceliyor. Yaz\u0131l\u0131 metinlerin yaln\u0131zca propaganda i\u00e7in de\u011fil, ayn\u0131 zamanda e\u011flendirme ve bilgilendirme amac\u0131yla da istifade edilebilece\u011fini g\u00f6stererek, bunlar\u0131n h\u00fck\u00fcmetler, askerler ve siviller taraf\u0131ndan muharebe esnas\u0131nda kullan\u0131m\u0131n\u0131n \u00fczerindeki \u00f6rt\u00fcy\u00fc kald\u0131r\u0131yor. Ayr\u0131ca \u00e7at\u0131\u015fmalar\u0131n, Evelyn Waugh ve George Orwell gibi yazarlar\u0131 nas\u0131l etkiledi\u011fini de g\u00f6zler \u00f6n\u00fcne seriyor. <\/p>\n","protected":false},"excerpt":{"rendered":"<p>Propaganda, ucuz romanlar, casuslar ve sans\u00fcr: Sava\u015f zaman\u0131ndaki kitaplar\u0131n b\u00fcy\u00fcleyici ve aksiyon dolu hik\u00e2yesi. Ba\u015fkan Mao bir k\u00fct\u00fcphaneci, Stalin ise yay\u0131mlanm\u0131\u015f \u015fiirleri olan bir \u015fairdi. Evelyn<span class=\"excerpt-hellip\"> [\u2026]<\/span><\/p>\n","protected":false},"featured_media":0,"template":"","meta":{"_monsterinsights_skip_tracking":false,"_monsterinsights_sitenote_active":false,"_monsterinsights_sitenote_note":"","_monsterinsights_sitenote_category":0},"product_brand":[],"product_cat":[13072,12291],"product_tag":[],"class_list":{"0":"post-778113","1":"product","2":"type-product","3":"status-publish","5":"product_cat-arastirma-inceleme-referans","6":"product_cat-edebiyat","7":"pa_cilt-ciltsiz","8":"pa_tur-kitap","9":"pa_yayinevi-yeditepe-yayinevi","10":"pa_yazar-andrew-pettegree","12":"first","13":"instock","14":"sale","15":"shipping-taxable","16":"purchasable","17":"product-type-simple"},"_links":{"self":[{"href":"https:\/\/roveyayinevi.com.tr\/index.php\/wp-json\/wp\/v2\/product\/778113","targetHints":{"allow":["GET"]}}],"collection":[{"href":"https:\/\/roveyayinevi.com.tr\/index.php\/wp-json\/wp\/v2\/product"}],"about":[{"href":"https:\/\/roveyayinevi.com.tr\/index.php\/wp-json\/wp\/v2\/types\/product"}],"wp:attachment":[{"href":"https:\/\/roveyayinevi.com.tr\/index.php\/wp-json\/wp\/v2\/media?parent=778113"}],"wp:term":[{"taxonomy":"product_brand","embeddable":true,"href":"https:\/\/roveyayinevi.com.tr\/index.php\/wp-json\/wp\/v2\/product_brand?post=778113"},{"taxonomy":"product_cat","embeddable":true,"href":"https:\/\/roveyayinevi.com.tr\/index.php\/wp-json\/wp\/v2\/product_cat?post=778113"},{"taxonomy":"product_tag","embeddable":true,"href":"https:\/\/roveyayinevi.com.tr\/index.php\/wp-json\/wp\/v2\/product_tag?post=778113"}],"curies":[{"name":"wp","href":"https:\/\/api.w.org\/{rel}","templated":true}]}}