{"id":778109,"date":"2025-11-05T12:13:36","date_gmt":"2025-11-05T09:13:36","guid":{"rendered":"https:\/\/roveyayinevi.com.tr\/index.php\/urun\/cahiliye-doneminde-arap-kadin-sairler-ve-siirleri-tematik-ve-retorik-bir-inceleme\/"},"modified":"2026-04-15T03:43:07","modified_gmt":"2026-04-15T00:43:07","slug":"cahiliye-doneminde-arap-kadin-sairler-ve-siirleri-tematik-ve-retorik-bir-inceleme","status":"publish","type":"product","link":"https:\/\/roveyayinevi.com.tr\/index.php\/urun\/cahiliye-doneminde-arap-kadin-sairler-ve-siirleri-tematik-ve-retorik-bir-inceleme\/","title":{"rendered":"Cahiliye D\u00f6neminde Arap Kad\u0131n \u015eairler Ve \u015eiirleri Tematik Ve Retorik Bir \u0130nceleme"},"content":{"rendered":"<p>C\u00e2hiliye devri Arap kad\u0131n \u015fairleri \u00fczerine ger\u00e7ekle\u015ftirilen \u00e7al\u0131\u015fmalar\u0131n genellikle biyografik bilgi a\u011f\u0131rl\u0131kl\u0131 oldu\u011fu, buna kar\u015f\u0131l\u0131k \u015fiirlerin tematik ve \u00fcslup \u00f6zelliklerini inceleyen m\u00fcstakil nitelikte ara\u015ft\u0131rmalara rastlanmad\u0131\u011f\u0131 g\u00f6r\u00fclmektedir. Bu \u00e7al\u0131\u015fmada, C\u00e2hiliye devri kad\u0131n \u015fairlerin \u015fiirlerinden se\u00e7ilmi\u015f \u00f6rnekler, ihtiva ettikleri edeb\u00ee temalar a\u00e7\u0131s\u0131ndan incelenmi\u015ftir. Ele al\u0131nan temel meseleyle ili\u015fkisi kapsam\u0131nda, C\u00e2hiliye devrine dair se\u00e7ilmi\u015f tarih\u00ee ve edeb\u00ee hususiyetlere, kad\u0131n\u0131n \u015fiirdeki temsiline ve \u015fiir hakk\u0131ndaki genel de\u011ferlendirmelere de de\u011finilmi\u015ftir. C\u00e2hiliye d\u00f6nemine ait \u015fiir k\u00fclliyat\u0131, gazel, mersiye, ham\u00e2se, vas\u0131f, hikmet, fahriye, methiye ve hiciv gibi pek \u00e7ok edeb\u00ee t\u00fcr ve konu ba\u015fl\u0131\u011f\u0131 alt\u0131nda \u015fekillenmi\u015ftir. \u00c7al\u0131\u015fman\u0131n temel amac\u0131, C\u00e2hiliye devrindeki kad\u0131n \u015fairlerin \u015fiirlerini tema ve \u00fcslup ba\u011flam\u0131nda inceleyerek kad\u0131n\u0131n \u015fiirsel temsiline \u0131\u015f\u0131k tutmakt\u0131r. <\/p>\n","protected":false},"excerpt":{"rendered":"<p>C\u00e2hiliye devri Arap kad\u0131n \u015fairleri \u00fczerine ger\u00e7ekle\u015ftirilen \u00e7al\u0131\u015fmalar\u0131n genellikle biyografik bilgi a\u011f\u0131rl\u0131kl\u0131 oldu\u011fu, buna kar\u015f\u0131l\u0131k \u015fiirlerin tematik ve \u00fcslup \u00f6zelliklerini inceleyen m\u00fcstakil nitelikte ara\u015ft\u0131rmalara rastlanmad\u0131\u011f\u0131 g\u00f6r\u00fclmektedir.<span class=\"excerpt-hellip\"> [\u2026]<\/span><\/p>\n","protected":false},"featured_media":0,"template":"","meta":{"_monsterinsights_skip_tracking":false,"_monsterinsights_sitenote_active":false,"_monsterinsights_sitenote_note":"","_monsterinsights_sitenote_category":0},"product_brand":[],"product_cat":[13072,12291],"product_tag":[],"class_list":{"0":"post-778109","1":"product","2":"type-product","3":"status-publish","5":"product_cat-arastirma-inceleme-referans","6":"product_cat-edebiyat","7":"pa_cilt-ciltsiz","8":"pa_tur-kitap","9":"pa_yayinevi-soncag-akademik-kitaplar","10":"pa_yazar-nurullah-oruc","12":"first","13":"instock","14":"sale","15":"shipping-taxable","16":"purchasable","17":"product-type-simple"},"_links":{"self":[{"href":"https:\/\/roveyayinevi.com.tr\/index.php\/wp-json\/wp\/v2\/product\/778109","targetHints":{"allow":["GET"]}}],"collection":[{"href":"https:\/\/roveyayinevi.com.tr\/index.php\/wp-json\/wp\/v2\/product"}],"about":[{"href":"https:\/\/roveyayinevi.com.tr\/index.php\/wp-json\/wp\/v2\/types\/product"}],"wp:attachment":[{"href":"https:\/\/roveyayinevi.com.tr\/index.php\/wp-json\/wp\/v2\/media?parent=778109"}],"wp:term":[{"taxonomy":"product_brand","embeddable":true,"href":"https:\/\/roveyayinevi.com.tr\/index.php\/wp-json\/wp\/v2\/product_brand?post=778109"},{"taxonomy":"product_cat","embeddable":true,"href":"https:\/\/roveyayinevi.com.tr\/index.php\/wp-json\/wp\/v2\/product_cat?post=778109"},{"taxonomy":"product_tag","embeddable":true,"href":"https:\/\/roveyayinevi.com.tr\/index.php\/wp-json\/wp\/v2\/product_tag?post=778109"}],"curies":[{"name":"wp","href":"https:\/\/api.w.org\/{rel}","templated":true}]}}