{"id":778108,"date":"2025-11-05T12:11:55","date_gmt":"2025-11-05T09:11:55","guid":{"rendered":"https:\/\/roveyayinevi.com.tr\/index.php\/urun\/geriye-sadece-karanlik-kaldi-ciltli\/"},"modified":"2026-04-15T03:42:37","modified_gmt":"2026-04-15T00:42:37","slug":"geriye-sadece-karanlik-kaldi-ciltli","status":"publish","type":"product","link":"https:\/\/roveyayinevi.com.tr\/index.php\/urun\/geriye-sadece-karanlik-kaldi-ciltli\/","title":{"rendered":"Geriye Sadece Karanl\u0131k Kald\u0131 (Ciltli)"},"content":{"rendered":"<p>G\u00fcne\u015f Ay\u2019\u0131n cinayet i\u015flemek i\u00e7in girdi\u011fi evde kar\u015f\u0131la\u015ft\u0131\u011f\u0131 di\u011fer katil, ertesi g\u00fcn emniyette onu sorgulayan polisin ta kendisiydi.   Komiser Arden Deniz\u2026   \u0130kisi de ayn\u0131 adam\u0131 \u00f6ld\u00fcrmek istiyordu. \u0130kisi de intikam\u0131n pen\u00e7esine tak\u0131lm\u0131\u015ft\u0131.   Ve birbirlerinden pek haz etmeseler de, art\u0131k ayn\u0131 d\u00fc\u015fmana kar\u015f\u0131 yan yana y\u00fcr\u00fcmek zorundalard\u0131.G\u00fcne\u015f Ay\u2019\u0131n cinayet i\u015flemek i\u00e7in girdi\u011fi evde kar\u015f\u0131la\u015ft\u0131\u011f\u0131 di\u011fer katil, ertesi g\u00fcn emniyette onu sorgulayan polisin ta kendisiydi. <\/p>\n","protected":false},"excerpt":{"rendered":"<p>G\u00fcne\u015f Ay\u2019\u0131n cinayet i\u015flemek i\u00e7in girdi\u011fi evde kar\u015f\u0131la\u015ft\u0131\u011f\u0131 di\u011fer katil, ertesi g\u00fcn emniyette onu sorgulayan polisin ta kendisiydi. Komiser Arden Deniz\u2026 \u0130kisi de ayn\u0131 adam\u0131 \u00f6ld\u00fcrmek<span class=\"excerpt-hellip\"> [\u2026]<\/span><\/p>\n","protected":false},"featured_media":0,"template":"","meta":{"_monsterinsights_skip_tracking":false,"_monsterinsights_sitenote_active":false,"_monsterinsights_sitenote_note":"","_monsterinsights_sitenote_category":0},"product_brand":[],"product_cat":[12291,12711],"product_tag":[],"class_list":{"0":"post-778108","1":"product","2":"type-product","3":"status-publish","5":"product_cat-edebiyat","6":"product_cat-roman-oyku","7":"pa_cilt-ciltli","8":"pa_tur-kitap","9":"pa_yayinevi-marti-yayinlari","10":"pa_yazar-selin-solaris","12":"first","13":"instock","14":"sale","15":"shipping-taxable","16":"purchasable","17":"product-type-simple"},"_links":{"self":[{"href":"https:\/\/roveyayinevi.com.tr\/index.php\/wp-json\/wp\/v2\/product\/778108","targetHints":{"allow":["GET"]}}],"collection":[{"href":"https:\/\/roveyayinevi.com.tr\/index.php\/wp-json\/wp\/v2\/product"}],"about":[{"href":"https:\/\/roveyayinevi.com.tr\/index.php\/wp-json\/wp\/v2\/types\/product"}],"wp:attachment":[{"href":"https:\/\/roveyayinevi.com.tr\/index.php\/wp-json\/wp\/v2\/media?parent=778108"}],"wp:term":[{"taxonomy":"product_brand","embeddable":true,"href":"https:\/\/roveyayinevi.com.tr\/index.php\/wp-json\/wp\/v2\/product_brand?post=778108"},{"taxonomy":"product_cat","embeddable":true,"href":"https:\/\/roveyayinevi.com.tr\/index.php\/wp-json\/wp\/v2\/product_cat?post=778108"},{"taxonomy":"product_tag","embeddable":true,"href":"https:\/\/roveyayinevi.com.tr\/index.php\/wp-json\/wp\/v2\/product_tag?post=778108"}],"curies":[{"name":"wp","href":"https:\/\/api.w.org\/{rel}","templated":true}]}}