{"id":778107,"date":"2025-11-05T12:11:23","date_gmt":"2025-11-05T09:11:23","guid":{"rendered":"https:\/\/roveyayinevi.com.tr\/index.php\/urun\/yasasin-folklor\/"},"modified":"2026-04-15T03:42:34","modified_gmt":"2026-04-15T00:42:34","slug":"yasasin-folklor","status":"publish","type":"product","link":"https:\/\/roveyayinevi.com.tr\/index.php\/urun\/yasasin-folklor\/","title":{"rendered":"Ya\u015fas\u0131n Folklor"},"content":{"rendered":"<p>Folklor nedir ve neden \u00f6nemlidir? Ya\u015fas\u0131n Folklor\u2019da Lynne S. McNeill, okurlar\u0131 akademik folklor ara\u015ft\u0131rmalar\u0131n\u0131n canl\u0131, \u015fa\u015f\u0131rt\u0131c\u0131 ve \u00e7o\u011fu zaman yanl\u0131\u015f anla\u015f\u0131lan d\u00fcnyas\u0131na davet ediyor. A\u00e7\u0131kl\u0131\u011f\u0131, mizah duygusu ve g\u00fcndelik k\u00fclt\u00fcre duydu\u011fu derin sayg\u0131yla McNeill, bu disiplini anla\u015f\u0131l\u0131r k\u0131l\u0131yor; f\u0131kralarda ve efsanelerde, geleneklerde ve mesleklerde, bayramlar ve sosyal medya etiketlerinde, k\u0131sacas\u0131 folklorun her yerde oldu\u011funu g\u00f6steriyor. \u00d6\u011frenciler, e\u011fitmenler ve merakl\u0131 zihinler i\u00e7in birebir olan bu k\u0131sa ama enfes kitap, folklor \u00e7al\u0131\u015fmalar\u0131n\u0131n temellerini anla\u015f\u0131l\u0131r bir dille sunuyor. Folklor ara\u015ft\u0131rmac\u0131lar\u0131n\u0131n ne i\u015f yapt\u0131klar\u0131n\u0131, folklorun alabilece\u011fi \u00e7e\u015fitli bi\u00e7imleri ve \u00fcniversite yurtlar\u0131ndan \u015firket ofislerine kadar her yerde \u201chalk gruplar\u0131n\u0131\u201d nas\u0131l tan\u0131yabilece\u011finizi \u00f6\u011fretiyor. \u0130ster bu alana yeni ad\u0131m at\u0131yor olun, ister bu alanda yol katetmi\u015f olun, bu kitap size folklorun yaln\u0131zca ge\u00e7mi\u015fle ilgili olmad\u0131\u011f\u0131n\u0131; ayn\u0131 zamanda g\u00fcnl\u00fck ya\u015fant\u0131n\u0131zda, ileti\u015fim kurma yollar\u0131n\u0131zda ve k\u00fclt\u00fcrel ba\u011flar\u0131n\u0131z\u0131n in\u015fas\u0131nda oynad\u0131\u011f\u0131 rol\u00fc g\u00f6steriyor.<\/p>\n","protected":false},"excerpt":{"rendered":"<p>Folklor nedir ve neden \u00f6nemlidir? Ya\u015fas\u0131n Folklor\u2019da Lynne S. McNeill, okurlar\u0131 akademik folklor ara\u015ft\u0131rmalar\u0131n\u0131n canl\u0131, \u015fa\u015f\u0131rt\u0131c\u0131 ve \u00e7o\u011fu zaman yanl\u0131\u015f anla\u015f\u0131lan d\u00fcnyas\u0131na davet ediyor. A\u00e7\u0131kl\u0131\u011f\u0131, mizah<span class=\"excerpt-hellip\"> [\u2026]<\/span><\/p>\n","protected":false},"featured_media":0,"template":"","meta":{"_monsterinsights_skip_tracking":false,"_monsterinsights_sitenote_active":false,"_monsterinsights_sitenote_note":"","_monsterinsights_sitenote_category":0},"product_brand":[],"product_cat":[13633,12324],"product_tag":[],"class_list":{"0":"post-778107","1":"product","2":"type-product","3":"status-publish","5":"product_cat-kultur-ve-bilim","6":"product_cat-sosyoloji","7":"pa_cilt-ciltsiz","8":"pa_tur-kitap","9":"pa_yayinevi-otuken-nesriyat","10":"pa_yazar-lynne-s-mcneill","12":"first","13":"instock","14":"sale","15":"shipping-taxable","16":"purchasable","17":"product-type-simple"},"_links":{"self":[{"href":"https:\/\/roveyayinevi.com.tr\/index.php\/wp-json\/wp\/v2\/product\/778107","targetHints":{"allow":["GET"]}}],"collection":[{"href":"https:\/\/roveyayinevi.com.tr\/index.php\/wp-json\/wp\/v2\/product"}],"about":[{"href":"https:\/\/roveyayinevi.com.tr\/index.php\/wp-json\/wp\/v2\/types\/product"}],"wp:attachment":[{"href":"https:\/\/roveyayinevi.com.tr\/index.php\/wp-json\/wp\/v2\/media?parent=778107"}],"wp:term":[{"taxonomy":"product_brand","embeddable":true,"href":"https:\/\/roveyayinevi.com.tr\/index.php\/wp-json\/wp\/v2\/product_brand?post=778107"},{"taxonomy":"product_cat","embeddable":true,"href":"https:\/\/roveyayinevi.com.tr\/index.php\/wp-json\/wp\/v2\/product_cat?post=778107"},{"taxonomy":"product_tag","embeddable":true,"href":"https:\/\/roveyayinevi.com.tr\/index.php\/wp-json\/wp\/v2\/product_tag?post=778107"}],"curies":[{"name":"wp","href":"https:\/\/api.w.org\/{rel}","templated":true}]}}