{"id":778106,"date":"2025-11-05T12:07:24","date_gmt":"2025-11-05T09:07:24","guid":{"rendered":"https:\/\/roveyayinevi.com.tr\/index.php\/urun\/cesur-tohum-pino\/"},"modified":"2026-04-15T03:41:36","modified_gmt":"2026-04-15T00:41:36","slug":"cesur-tohum-pino","status":"publish","type":"product","link":"https:\/\/roveyayinevi.com.tr\/index.php\/urun\/cesur-tohum-pino\/","title":{"rendered":"Cesur Tohum Pino"},"content":{"rendered":"<p>Pino, bir serada arkada\u015flar\u0131yla fidan olmay\u0131 bekleyen, merakl\u0131 ve hayalperest bir \u00e7am tohumuydu. Bir g\u00fcn seraya gelen birinin torbas\u0131na girmeyi ba\u015fard\u0131 ve hep istedi\u011fi, macera dolu yolculu\u011funa ba\u015flad\u0131. Yan\u0131nda b\u00fcy\u00fckbabas\u0131n\u0131n verdi\u011fi bilgelik ve cesaret iksiri, k\u00fc\u00e7\u00fck bir \u00e7anta ile y\u00fcre\u011fine s\u0131\u011fmayan kahraman olma arzusu vard\u0131\u2026E\u011fitimci yazar Serap \u015eahin, Cesur Tohum Pino\u2019nun hik\u00e2yesiyle \u00e7ocuklara, zorluklara ra\u011fmen hayallerinin pe\u015finde ko\u015fman\u0131n \u00f6nemini anlat\u0131yor.<\/p>\n","protected":false},"excerpt":{"rendered":"<p>Pino, bir serada arkada\u015flar\u0131yla fidan olmay\u0131 bekleyen, merakl\u0131 ve hayalperest bir \u00e7am tohumuydu. Bir g\u00fcn seraya gelen birinin torbas\u0131na girmeyi ba\u015fard\u0131 ve hep istedi\u011fi, macera dolu<span class=\"excerpt-hellip\"> [\u2026]<\/span><\/p>\n","protected":false},"featured_media":0,"template":"","meta":{"_monsterinsights_skip_tracking":false,"_monsterinsights_sitenote_active":false,"_monsterinsights_sitenote_note":"","_monsterinsights_sitenote_category":0},"product_brand":[],"product_cat":[12274,12284],"product_tag":[],"class_list":{"0":"post-778106","1":"product","2":"type-product","3":"status-publish","5":"product_cat-cocuk-ve-genclik-kitaplari","6":"product_cat-hikayeler","7":"pa_cilt-ciltsiz","8":"pa_tur-kitap","9":"pa_yayinevi-beyaz-balina-yayinlari","10":"pa_yazar-serap-sahin","12":"first","13":"instock","14":"sale","15":"shipping-taxable","16":"purchasable","17":"product-type-simple"},"_links":{"self":[{"href":"https:\/\/roveyayinevi.com.tr\/index.php\/wp-json\/wp\/v2\/product\/778106","targetHints":{"allow":["GET"]}}],"collection":[{"href":"https:\/\/roveyayinevi.com.tr\/index.php\/wp-json\/wp\/v2\/product"}],"about":[{"href":"https:\/\/roveyayinevi.com.tr\/index.php\/wp-json\/wp\/v2\/types\/product"}],"wp:attachment":[{"href":"https:\/\/roveyayinevi.com.tr\/index.php\/wp-json\/wp\/v2\/media?parent=778106"}],"wp:term":[{"taxonomy":"product_brand","embeddable":true,"href":"https:\/\/roveyayinevi.com.tr\/index.php\/wp-json\/wp\/v2\/product_brand?post=778106"},{"taxonomy":"product_cat","embeddable":true,"href":"https:\/\/roveyayinevi.com.tr\/index.php\/wp-json\/wp\/v2\/product_cat?post=778106"},{"taxonomy":"product_tag","embeddable":true,"href":"https:\/\/roveyayinevi.com.tr\/index.php\/wp-json\/wp\/v2\/product_tag?post=778106"}],"curies":[{"name":"wp","href":"https:\/\/api.w.org\/{rel}","templated":true}]}}