{"id":778103,"date":"2025-11-05T12:01:37","date_gmt":"2025-11-05T09:01:37","guid":{"rendered":"https:\/\/roveyayinevi.com.tr\/index.php\/urun\/hikayeler-ve-masallar-ortaya-karisik-anlati\/"},"modified":"2026-04-15T03:39:46","modified_gmt":"2026-04-15T00:39:46","slug":"hikayeler-ve-masallar-ortaya-karisik-anlati","status":"publish","type":"product","link":"https:\/\/roveyayinevi.com.tr\/index.php\/urun\/hikayeler-ve-masallar-ortaya-karisik-anlati\/","title":{"rendered":"Hikayeler ve Masallar Ortaya Kar\u0131\u015f\u0131k Anlat\u0131"},"content":{"rendered":"<p>On sekiz gen\u00e7, hayal evrenlerinde yepyeni d\u00fcnyalar kurdular. Ma\u011faralardan y\u0131ld\u0131zlara uzan\u0131rken teknolojiden kalbe bir yolculuk \u00e7a\u011fr\u0131s\u0131 da yapt\u0131lar. Cesaretin, dostlu\u011fun, insanl\u0131\u011f\u0131n ve var olman\u0131n \u00f6z\u00fcn\u00fc sorgulay\u0131p sorgulatt\u0131lar. \u0130\u00e7imizde bir yerlerde bulunan de\u011ferleri sanki yeniden icat ettiler. Her \u00f6yk\u00fc bir \u0131\u015f\u0131k, her masal bir umut oldu. <\/p>\n","protected":false},"excerpt":{"rendered":"<p>On sekiz gen\u00e7, hayal evrenlerinde yepyeni d\u00fcnyalar kurdular. Ma\u011faralardan y\u0131ld\u0131zlara uzan\u0131rken teknolojiden kalbe bir yolculuk \u00e7a\u011fr\u0131s\u0131 da yapt\u0131lar. Cesaretin, dostlu\u011fun, insanl\u0131\u011f\u0131n ve var olman\u0131n \u00f6z\u00fcn\u00fc sorgulay\u0131p<span class=\"excerpt-hellip\"> [\u2026]<\/span><\/p>\n","protected":false},"featured_media":0,"template":"","meta":{"_monsterinsights_skip_tracking":false,"_monsterinsights_sitenote_active":false,"_monsterinsights_sitenote_note":"","_monsterinsights_sitenote_category":0},"product_brand":[],"product_cat":[12291,12711],"product_tag":[],"class_list":{"0":"post-778103","1":"product","2":"type-product","3":"status-publish","5":"product_cat-edebiyat","6":"product_cat-roman-oyku","7":"pa_cilt-ciltsiz","8":"pa_tur-kitap","9":"pa_yayinevi-soncag","10":"pa_yazar-kolektif","12":"first","13":"instock","14":"sale","15":"shipping-taxable","16":"purchasable","17":"product-type-simple"},"_links":{"self":[{"href":"https:\/\/roveyayinevi.com.tr\/index.php\/wp-json\/wp\/v2\/product\/778103","targetHints":{"allow":["GET"]}}],"collection":[{"href":"https:\/\/roveyayinevi.com.tr\/index.php\/wp-json\/wp\/v2\/product"}],"about":[{"href":"https:\/\/roveyayinevi.com.tr\/index.php\/wp-json\/wp\/v2\/types\/product"}],"wp:attachment":[{"href":"https:\/\/roveyayinevi.com.tr\/index.php\/wp-json\/wp\/v2\/media?parent=778103"}],"wp:term":[{"taxonomy":"product_brand","embeddable":true,"href":"https:\/\/roveyayinevi.com.tr\/index.php\/wp-json\/wp\/v2\/product_brand?post=778103"},{"taxonomy":"product_cat","embeddable":true,"href":"https:\/\/roveyayinevi.com.tr\/index.php\/wp-json\/wp\/v2\/product_cat?post=778103"},{"taxonomy":"product_tag","embeddable":true,"href":"https:\/\/roveyayinevi.com.tr\/index.php\/wp-json\/wp\/v2\/product_tag?post=778103"}],"curies":[{"name":"wp","href":"https:\/\/api.w.org\/{rel}","templated":true}]}}