{"id":778101,"date":"2025-11-05T11:38:42","date_gmt":"2025-11-05T08:38:42","guid":{"rendered":"https:\/\/roveyayinevi.com.tr\/index.php\/urun\/powerless-reckless-2-kitap-ciltli-set\/"},"modified":"2026-04-15T03:37:01","modified_gmt":"2026-04-15T00:37:01","slug":"powerless-reckless-2-kitap-ciltli-set","status":"publish","type":"product","link":"https:\/\/roveyayinevi.com.tr\/index.php\/urun\/powerless-reckless-2-kitap-ciltli-set\/","title":{"rendered":"Powerless &#8211; Reckless 2 Kitap (Ciltli) Set"},"content":{"rendered":"<p>Powerless &#8211; Reckless 2 Kitap (Ciltli) Set   1.       9786254237386 \u2013 Powerless (Ciltli) 2.       9786254238666 \u2013 Reckless (Ciltli)       &#8220;Lauren Roberts&#8217;\u0131n heyecan verici hik\u00e2yesi, fl\u00f6rt\u00f6z konu\u015fmalar, ac\u0131mas\u0131z sava\u015flar ve yak\u0131c\u0131 ihanetlerle okuyucular\u0131 b\u00fcy\u00fcl\u00fcyor&#8230; \u00d6l\u00fcmc\u00fcl oyun temas\u0131na \u00e7ok katmanl\u0131 bir karma\u015f\u0131kl\u0131k ekleyerek yeni bir bak\u0131\u015f a\u00e7\u0131s\u0131 sunuyor: \u00e7ift bak\u0131\u015f a\u00e7\u0131s\u0131; hem hayranl\u0131k uyand\u0131ran hem de sorunlu babalar; Pae ve iki karde\u015f aras\u0131nda bir a\u015fk \u00fc\u00e7geni ipu\u00e7lar\u0131; &#8216;tutku vaat eden&#8217; cinsel gerilim anlar\u0131; yarat\u0131c\u0131 yeteneklerle zenginle\u015ftirilmi\u015f sert e\u011fitim ve d\u00f6v\u00fc\u015f sahneleri; ve intikam pe\u015finde olan yeralt\u0131 direni\u015fi. Powerless, karanl\u0131k ve y\u0131k\u0131m\u0131n, zalim bir kral\u0131n yaratt\u0131\u011f\u0131 b\u00f6l\u00fcnmenin ve \u00f6zg\u00fcrl\u00fc\u011f\u00fcn, se\u00e7imin ve g\u00fcc\u00fcn \u00e7ekicili\u011finin etkileyici bir hikayesidir.&#8221; &#8212; Shelf Awareness &#8220;Denemeler giderek daha \u00f6l\u00fcmc\u00fcl hale geldik\u00e7e, Paedyn ve Kai, ac\u0131mas\u0131z ve ayr\u0131mc\u0131 bir toplumdaki kendi yerleriyle b\u00fcy\u00fcyen romantik hislerini uzla\u015ft\u0131rmak zorundad\u0131rlar&#8230; Paedyn ve Kai\u2019nin d\u00f6n\u00fc\u015f\u00fcml\u00fc bak\u0131\u015f a\u00e7\u0131lar\u0131, buharl\u0131 romantik kar\u015f\u0131la\u015fmalar\u0131 y\u00fcrek hoplatan aksiyon ve kanl\u0131 \u015fiddetle ustaca yan yana getirerek, epik bir \u00fc\u00e7lemeyi ba\u015far\u0131yla ba\u015flatan siyasi ve ki\u015fisel entrika dolu bir hik\u00e2ye sunuyor.&#8221; &#8212; Publishers Weekly <\/p>\n","protected":false},"excerpt":{"rendered":"<p>Powerless &#8211; Reckless 2 Kitap (Ciltli) Set 1. 9786254237386 \u2013 Powerless (Ciltli) 2. 9786254238666 \u2013 Reckless (Ciltli) &#8220;Lauren Roberts&#8217;\u0131n heyecan verici hik\u00e2yesi, fl\u00f6rt\u00f6z konu\u015fmalar, ac\u0131mas\u0131z sava\u015flar<span class=\"excerpt-hellip\"> [\u2026]<\/span><\/p>\n","protected":false},"featured_media":0,"template":"","meta":{"_monsterinsights_skip_tracking":false,"_monsterinsights_sitenote_active":false,"_monsterinsights_sitenote_note":"","_monsterinsights_sitenote_category":0},"product_brand":[],"product_cat":[12291,14777],"product_tag":[],"class_list":{"0":"post-778101","1":"product","2":"type-product","3":"status-publish","5":"product_cat-edebiyat","6":"product_cat-fantastik","7":"pa_cilt-ciltli","8":"pa_tur-kitap","9":"pa_yayinevi-beta-byou","10":"pa_yazar-lauren-roberts","12":"first","13":"instock","14":"sale","15":"shipping-taxable","16":"purchasable","17":"product-type-simple"},"_links":{"self":[{"href":"https:\/\/roveyayinevi.com.tr\/index.php\/wp-json\/wp\/v2\/product\/778101","targetHints":{"allow":["GET"]}}],"collection":[{"href":"https:\/\/roveyayinevi.com.tr\/index.php\/wp-json\/wp\/v2\/product"}],"about":[{"href":"https:\/\/roveyayinevi.com.tr\/index.php\/wp-json\/wp\/v2\/types\/product"}],"wp:attachment":[{"href":"https:\/\/roveyayinevi.com.tr\/index.php\/wp-json\/wp\/v2\/media?parent=778101"}],"wp:term":[{"taxonomy":"product_brand","embeddable":true,"href":"https:\/\/roveyayinevi.com.tr\/index.php\/wp-json\/wp\/v2\/product_brand?post=778101"},{"taxonomy":"product_cat","embeddable":true,"href":"https:\/\/roveyayinevi.com.tr\/index.php\/wp-json\/wp\/v2\/product_cat?post=778101"},{"taxonomy":"product_tag","embeddable":true,"href":"https:\/\/roveyayinevi.com.tr\/index.php\/wp-json\/wp\/v2\/product_tag?post=778101"}],"curies":[{"name":"wp","href":"https:\/\/api.w.org\/{rel}","templated":true}]}}