{"id":778100,"date":"2025-11-05T11:38:28","date_gmt":"2025-11-05T08:38:28","guid":{"rendered":"https:\/\/roveyayinevi.com.tr\/index.php\/urun\/ilimkat-gonuller-uzerinde-insa-edilmis-bir-institute\/"},"modified":"2026-04-15T03:36:39","modified_gmt":"2026-04-15T00:36:39","slug":"ilimkat-gonuller-uzerinde-insa-edilmis-bir-institute","status":"publish","type":"product","link":"https:\/\/roveyayinevi.com.tr\/index.php\/urun\/ilimkat-gonuller-uzerinde-insa-edilmis-bir-institute\/","title":{"rendered":"\u0130limkat &#8211; G\u00f6n\u00fcller \u00dczerinde \u0130n\u015fa Edilmi\u015f Bir \u0130nstitute"},"content":{"rendered":"<p>Aziz okuyucu \u201c\u0130limkat\u201d sadece g\u00f6n\u00fcller \u00fczerinde kurulmu\u015f bir in\u015fa hareketidir. Bu k\u00fclli ihya projesine dahil olmak i\u00e7in asla bir ba\u015fvuru yoktur. Kaydolmak yoktur. \u0130zin almak yoktur. Bir merciye m\u00fcracaat etmek yoktur. Ast \u00fcst ili\u015fkisi yoktur. Kimse amir veya memur de\u011fildir. Herkes e\u015fittir ve herkes sadece karde\u015ftir. Karde\u015f karde\u015fe baba tavr\u0131 tak\u0131namaz ve tak\u0131nmamal\u0131d\u0131r. Hem t\u0131pk\u0131 namaz k\u0131lmak gibidir yani namaz k\u0131lmaya karar veren bir ki\u015fi bir yerden izin almaz. Kimseye m\u00fcracaat etmek zorunda de\u011fildir. Namaz da kimse kimsenin \u201cast\u0131 \u00fcst\u00fc\u201d de\u011fildir. Namaz\u0131n\u0131 bireysel de k\u0131labilir camide cemaat ile safta omuz omuza da k\u0131labilir. \u00c7\u00fcnk\u00fc camide herkes e\u015fittir. Zengin, fakir, alim cahil yan yanad\u0131r. \u00c7ocuk dedesiyle ayn\u0131 safta yerini alabilir.Bizce \u0130slam \u201csaf d\u00fczeninin\u201d ad\u0131d\u0131r yani \u0130limkat\u2019ta \u201cpiramitsel bir anlay\u0131\u015f\u201d yoktur ve olmamal\u0131d\u0131r. Zira bu y\u00fcce g\u00f6n\u00fcll\u00fclerin g\u00f6n\u00fclleri \u00fczerinde yan yana, el ele ve omuz omuza olmak kadar g\u00fczel ne olabilir ki? Sadece Allah r\u0131zas\u0131n\u0131 aramaktan daha y\u00fcksek hangi amelolabilir ki? \u0130\u015fte biz eserlerimiz ve derslerimizle t\u0131pk\u0131 Sahabenin takip etti\u011fi meslek gibi bir mesle\u011fi \u00f6neriyoruz. \u0130\u015fte \u0130limkat tam olarak bunu yap\u0131yor ki g\u00f6n\u00fcller \u00fczerinde kurulmu\u015f bu \u0130nstitute\u2019de her \u015fey g\u00f6n\u00fcll\u00fcl\u00fck esas\u0131na dayan\u0131yor. Hem bu manaya t\u00fcm mahiyeti ile inan\u0131r ki cennet vatan\u0131m\u0131z\u0131 \u00e7ok seven necip milletine ve onun \u015fanl\u0131 devletine ba\u011fl\u0131 hay\u0131rl\u0131 bir vatanda\u015f olarak b\u00fcy\u00fck insanl\u0131k ailesine katk\u0131 sunmay\u0131 hedefler.Son olarak yazarlar\u0131m\u0131zdan S.Melih Ay\u2019\u0131n \u201cHocam\u201d kitab\u0131nda nakletti\u011fi \u015fu m\u00fchim hususu da siz aziz okuyucularla payla\u015fmak isterim: \u201cHocam Y\u0131lmaz YEN\u0130D\u0130N\u00c7 yan\u0131na gelen ziyaret\u00e7ilerine H.Hilmi I\u015f\u0131k\u2019\u0131n \u015fu beyanlar\u0131n\u0131 okuttu\u011funa onlarca kez \u015fahit oldum \u015f\u00f6yle ki: \u201c H.Hilmi I\u015f\u0131k kitaplar\u0131nda do\u011fruyu yazmaktan ka\u00e7\u0131nmaz, &#8220;Korkulacak yaln\u0131z Allah\u00fc te\u00e2l\u00e2d\u0131r&#8221; der, ama fitne \u00e7\u0131kmamas\u0131na da \u00e7ok dikkat ederdi. Devletin kanunlar\u0131na uymada \u00e7ok titiz davran\u0131rd\u0131. &#8220;M\u00dcSL\u00dcMAN D\u0130NE UYAR, G\u00dcNAH \u0130\u015eLEMEZ; KANUNLARA UYAR, SU\u00c7 \u0130\u015eLEMEZ&#8221; derdi. S\u0131k s\u0131k &#8220;VATAN SEVG\u0130S\u0130 \u0130MANDANDIR&#8221; hadis-i \u015fer\u00eefini okuturdu.\u201dVesselam\u2026<\/p>\n","protected":false},"excerpt":{"rendered":"<p>Aziz okuyucu \u201c\u0130limkat\u201d sadece g\u00f6n\u00fcller \u00fczerinde kurulmu\u015f bir in\u015fa hareketidir. Bu k\u00fclli ihya projesine dahil olmak i\u00e7in asla bir ba\u015fvuru yoktur. Kaydolmak yoktur. \u0130zin almak yoktur.<span class=\"excerpt-hellip\"> [\u2026]<\/span><\/p>\n","protected":false},"featured_media":0,"template":"","meta":{"_monsterinsights_skip_tracking":false,"_monsterinsights_sitenote_active":false,"_monsterinsights_sitenote_note":"","_monsterinsights_sitenote_category":0},"product_brand":[],"product_cat":[12718],"product_tag":[],"class_list":{"0":"post-778100","1":"product","2":"type-product","3":"status-publish","5":"product_cat-din","6":"pa_cilt-ciltsiz","7":"pa_tur-kitap","8":"pa_yayinevi-gulnar-yayinlari","9":"pa_yazar-said-erdemli","11":"first","12":"instock","13":"sale","14":"shipping-taxable","15":"purchasable","16":"product-type-simple"},"_links":{"self":[{"href":"https:\/\/roveyayinevi.com.tr\/index.php\/wp-json\/wp\/v2\/product\/778100","targetHints":{"allow":["GET"]}}],"collection":[{"href":"https:\/\/roveyayinevi.com.tr\/index.php\/wp-json\/wp\/v2\/product"}],"about":[{"href":"https:\/\/roveyayinevi.com.tr\/index.php\/wp-json\/wp\/v2\/types\/product"}],"wp:attachment":[{"href":"https:\/\/roveyayinevi.com.tr\/index.php\/wp-json\/wp\/v2\/media?parent=778100"}],"wp:term":[{"taxonomy":"product_brand","embeddable":true,"href":"https:\/\/roveyayinevi.com.tr\/index.php\/wp-json\/wp\/v2\/product_brand?post=778100"},{"taxonomy":"product_cat","embeddable":true,"href":"https:\/\/roveyayinevi.com.tr\/index.php\/wp-json\/wp\/v2\/product_cat?post=778100"},{"taxonomy":"product_tag","embeddable":true,"href":"https:\/\/roveyayinevi.com.tr\/index.php\/wp-json\/wp\/v2\/product_tag?post=778100"}],"curies":[{"name":"wp","href":"https:\/\/api.w.org\/{rel}","templated":true}]}}