{"id":778099,"date":"2025-11-05T11:29:44","date_gmt":"2025-11-05T08:29:44","guid":{"rendered":"https:\/\/roveyayinevi.com.tr\/index.php\/urun\/jujutsu-kaisen-1-lanet-savaslari\/"},"modified":"2025-11-11T11:15:43","modified_gmt":"2025-11-11T08:15:43","slug":"jujutsu-kaisen-1-lanet-savaslari","status":"publish","type":"product","link":"https:\/\/roveyayinevi.com.tr\/index.php\/urun\/jujutsu-kaisen-1-lanet-savaslari\/","title":{"rendered":"Jujutsu Kaisen 1 &#8211; Lanet Sava\u015flar\u0131"},"content":{"rendered":"<p>S\u0131rad\u0131\u015f\u0131 bir fiziksel yetene\u011fe sahip olan Yuuji \u0130tadori, hasta yata\u011f\u0131ndaki b\u00fcy\u00fckbabas\u0131n\u0131 s\u0131k s\u0131k ziyaret etmektedir. Bir g\u00fcn, okulunda bulunan bir lanetli nesnenin m\u00fch\u00fcr\u00fc \u00e7\u00f6z\u00fcl\u00fcr ve ortal\u0131k bir anda korkun\u00e7 yarat\u0131klarla dolup ta\u015far. Bunun \u00fczerine \u0130tadori, geride kalan kul\u00fcp arkada\u015flar\u0131n\u0131 kurtarmak i\u00e7in okul binas\u0131na dalar!<\/p>\n","protected":false},"excerpt":{"rendered":"<p>S\u0131rad\u0131\u015f\u0131 bir fiziksel yetene\u011fe sahip olan Yuuji \u0130tadori, hasta yata\u011f\u0131ndaki b\u00fcy\u00fckbabas\u0131n\u0131 s\u0131k s\u0131k ziyaret etmektedir. Bir g\u00fcn, okulunda bulunan bir lanetli nesnenin m\u00fch\u00fcr\u00fc \u00e7\u00f6z\u00fcl\u00fcr ve ortal\u0131k<span class=\"excerpt-hellip\"> [\u2026]<\/span><\/p>\n","protected":false},"featured_media":0,"template":"","meta":{"_monsterinsights_skip_tracking":false,"_monsterinsights_sitenote_active":false,"_monsterinsights_sitenote_note":"","_monsterinsights_sitenote_category":0},"product_brand":[],"product_cat":[12416,12291],"product_tag":[],"class_list":{"0":"post-778099","1":"product","2":"type-product","3":"status-publish","5":"product_cat-cizgi-roman","6":"product_cat-edebiyat","7":"pa_cilt-ciltsiz","8":"pa_tur-kitap","9":"pa_yayinevi-gerekli-seyler-yayincilik","10":"pa_yazar-gege-akutami","12":"first","13":"instock","14":"sale","15":"shipping-taxable","16":"purchasable","17":"product-type-simple"},"_links":{"self":[{"href":"https:\/\/roveyayinevi.com.tr\/index.php\/wp-json\/wp\/v2\/product\/778099","targetHints":{"allow":["GET"]}}],"collection":[{"href":"https:\/\/roveyayinevi.com.tr\/index.php\/wp-json\/wp\/v2\/product"}],"about":[{"href":"https:\/\/roveyayinevi.com.tr\/index.php\/wp-json\/wp\/v2\/types\/product"}],"wp:attachment":[{"href":"https:\/\/roveyayinevi.com.tr\/index.php\/wp-json\/wp\/v2\/media?parent=778099"}],"wp:term":[{"taxonomy":"product_brand","embeddable":true,"href":"https:\/\/roveyayinevi.com.tr\/index.php\/wp-json\/wp\/v2\/product_brand?post=778099"},{"taxonomy":"product_cat","embeddable":true,"href":"https:\/\/roveyayinevi.com.tr\/index.php\/wp-json\/wp\/v2\/product_cat?post=778099"},{"taxonomy":"product_tag","embeddable":true,"href":"https:\/\/roveyayinevi.com.tr\/index.php\/wp-json\/wp\/v2\/product_tag?post=778099"}],"curies":[{"name":"wp","href":"https:\/\/api.w.org\/{rel}","templated":true}]}}