{"id":778098,"date":"2025-11-05T11:27:47","date_gmt":"2025-11-05T08:27:47","guid":{"rendered":"https:\/\/roveyayinevi.com.tr\/index.php\/urun\/evrad-i-imam-nursi\/"},"modified":"2026-04-15T03:34:56","modified_gmt":"2026-04-15T00:34:56","slug":"evrad-i-imam-nursi","status":"publish","type":"product","link":"https:\/\/roveyayinevi.com.tr\/index.php\/urun\/evrad-i-imam-nursi\/","title":{"rendered":"Evrad-\u0131 \u0130mam Nursi"},"content":{"rendered":"<p>Aziz Kaari, Nurun birinci talebesi Albay Hulusi Yahyagil Barla\u2019da \u00dcstad Bedi\u00fczzaman\u2019\u0131 ziyaret eder. Kendisine bir \u015feyh aramaktad\u0131r. Lakin Hz. Bedi\u00fczzaman Said Nursi Hulusi Bey\u2019e \u015f\u00f6yle hitap eder ve der ki: \u201cKarda\u015f\u0131m! Ben \u015feyh de\u011filim. T\u0131pk\u0131 \u0130mam Rabbani gibi \u0130mam Gazali gibi \u0130mam\u0131m der.\u201d \u0130\u015fte bu m\u00fcnasebetle kitab\u0131m\u0131z\u0131n ad\u0131n\u0131 \u201cEvrad-\u0131 \u0130mam Nursi\u201d koyduk. \u0130mam Nursi\u2019nin evrad okuma keyfiyeti \u00e7ok ulvidir. Kalb-i pakleri bu dua ve virdlerle nurlanm\u0131\u015ft\u0131r. \u0130mam Nursi bu virdlerinin bir b\u00f6l\u00fcm\u00fcn\u00fc Ahmed Ziya\u00fcddin G\u00fcm\u00fc\u015fhanev\u00ee hazretlerinin 3 ciltlik \u201cMecmuat\u2019\u00fcl Ahzab\u201d eserinden alm\u0131\u015ft\u0131r ki bu Mecmuatu\u2019l-Ahzab\u2019\u0131 her on be\u015f g\u00fcnde bir defa bitirirlermi\u015f. Evet \u0130mam Nursi\u2019nin en \u00e7ok okudu\u011fu virdlerden olan \u201cCelcelutiyye\u201d ki Mecmuatu\u2019l-Ahzab\u2019\u0131n birinci cildi olan \u201c\u015eazeli\u201d cildinde \u201cCev\u015fen \u00fcl Kebir\u201d ikinci cildi olan \u201cMuhyiddin-i Arabi\u201d cildinde \u201cEvr\u00e2d-\u0131 Kudsiye\u201d ise \u00fc\u00e7\u00fcnc\u00fc cildi olan \u201cNak\u015fibendi\u201d cildinde yer al\u0131r. \u0130\u015fte elinizdeki \u201cEvrad-\u0131 \u0130mam Nursi\u201d eserinin ana eksenini merhum Mustafa Sungur\u2019un nezdinde bulunan ve Hz. \u00dcstad Said Nursi\u2019nin (R.A.) 1918 y\u0131l\u0131nda \u0130stanbul\u2019dan al\u0131p okudu\u011fu ve \u00fczerine kendi m\u00fcbarek el yaz\u0131lar\u0131n\u0131n oldu\u011fu orijinal Osmanl\u0131 ta\u015f bask\u0131s\u0131 \u201cMecmuat\u2019\u00fcl Ahzab\u201d eserinin yine merhum Mustafa Sungur\u2019un izni ile al\u0131nan foto\u011fraflar\u0131 olu\u015fturmaktad\u0131r. Bu eserde \u0130mam Nursi\u2019nin en \u00e7ok okudu\u011fu virdlerden olan \u201cCev\u015fen \u00fcl Kebir\u201din ve \u201cEvr\u00e2d-\u0131 Kudsiye\u201dnin tamam\u0131n\u0131 orijinal 1918 y\u0131l\u0131 Osmanl\u0131 ta\u015f bask\u0131s\u0131 n\u00fcshas\u0131ndan ne\u015frettik. \u0130mam Nursi\u2019nin \u201cMecmuat\u2019\u00fcl Ahzab\u201d \u00fczerindeki kendi m\u00fcbarek el yaz\u0131lar\u0131n\u0131 ve notlar\u0131n\u0131 da ne\u015frettik. \u0130\u015fte bu d\u00fcnyada bir ilktir ki ilme ehemmiyet veren ara\u015ft\u0131rmac\u0131lar i\u00e7in harika bir tarihi vesikad\u0131r. Yine bu eserde \u0130mam Nursi\u2019nin M\u0131s\u0131r\u2019\u0131n kaht u gal\u00e2s\u0131n\u0131n sebeb-i ref\u2019i olan \u0130mam-\u0131 \u015e\u00e2fi\u00ee\u2019nin me\u015fhur bir m\u00fcn\u00e2c\u00e2t\u0131n\u0131 da ne\u015frettim ki arab\u00e7a hat bana aittir. Son olarak diyorum ki: Her \u015feyi imana ve Kur\u2019an\u2019a hizmete vesile k\u0131lanlara selam olsun, in\u015faallah necip milletimizin asil evlatlar\u0131 bu kitab\u0131m\u0131zdan azami derecede istifade ederler. Zihninize, kalbinize, tefekk\u00fcr d\u00fcnyan\u0131za at\u0131fetler ve afiyetler olsun. Kemal-i H\u00fcrmetlerimle\u2026 <\/p>\n","protected":false},"excerpt":{"rendered":"<p>Aziz Kaari, Nurun birinci talebesi Albay Hulusi Yahyagil Barla\u2019da \u00dcstad Bedi\u00fczzaman\u2019\u0131 ziyaret eder. Kendisine bir \u015feyh aramaktad\u0131r. Lakin Hz. Bedi\u00fczzaman Said Nursi Hulusi Bey\u2019e \u015f\u00f6yle hitap<span class=\"excerpt-hellip\"> [\u2026]<\/span><\/p>\n","protected":false},"featured_media":0,"template":"","meta":{"_monsterinsights_skip_tracking":false,"_monsterinsights_sitenote_active":false,"_monsterinsights_sitenote_note":"","_monsterinsights_sitenote_category":0},"product_brand":[],"product_cat":[13575,12718,12719],"product_tag":[],"class_list":{"0":"post-778098","1":"product","2":"type-product","3":"status-publish","5":"product_cat-alevilik-bektasilik","6":"product_cat-din","7":"product_cat-islam","8":"pa_cilt-ciltsiz","9":"pa_tur-kitap","10":"pa_yayinevi-gulnar-yayinlari","11":"pa_yazar-yilmaz-yenidinc","13":"first","14":"instock","15":"sale","16":"shipping-taxable","17":"purchasable","18":"product-type-simple"},"_links":{"self":[{"href":"https:\/\/roveyayinevi.com.tr\/index.php\/wp-json\/wp\/v2\/product\/778098","targetHints":{"allow":["GET"]}}],"collection":[{"href":"https:\/\/roveyayinevi.com.tr\/index.php\/wp-json\/wp\/v2\/product"}],"about":[{"href":"https:\/\/roveyayinevi.com.tr\/index.php\/wp-json\/wp\/v2\/types\/product"}],"wp:attachment":[{"href":"https:\/\/roveyayinevi.com.tr\/index.php\/wp-json\/wp\/v2\/media?parent=778098"}],"wp:term":[{"taxonomy":"product_brand","embeddable":true,"href":"https:\/\/roveyayinevi.com.tr\/index.php\/wp-json\/wp\/v2\/product_brand?post=778098"},{"taxonomy":"product_cat","embeddable":true,"href":"https:\/\/roveyayinevi.com.tr\/index.php\/wp-json\/wp\/v2\/product_cat?post=778098"},{"taxonomy":"product_tag","embeddable":true,"href":"https:\/\/roveyayinevi.com.tr\/index.php\/wp-json\/wp\/v2\/product_tag?post=778098"}],"curies":[{"name":"wp","href":"https:\/\/api.w.org\/{rel}","templated":true}]}}