{"id":778091,"date":"2025-11-05T10:02:39","date_gmt":"2025-11-05T07:02:39","guid":{"rendered":"https:\/\/roveyayinevi.com.tr\/index.php\/urun\/sorularla-islamin-kisa-tarihi\/"},"modified":"2026-04-16T03:10:06","modified_gmt":"2026-04-16T00:10:06","slug":"sorularla-islamin-kisa-tarihi","status":"publish","type":"product","link":"https:\/\/roveyayinevi.com.tr\/index.php\/urun\/sorularla-islamin-kisa-tarihi\/","title":{"rendered":"Sorularla \u0130slam&#8217;\u0131n K\u0131sa Tarihi"},"content":{"rendered":"<p>\u0130sl\u00e2m, tarih\u00e7ilerin, h\u00e2l\u00e2 canl\u0131 konular\u0131n\u0131n ba\u015f\u0131nda geliyor. \u0130sl\u00e2m\u2019\u0131n Tarihi, do\u011fdu\u011fu topraklardan ba\u015flayarak ad\u0131m ad\u0131m d\u00fcnyay\u0131 da ilgilendirdi hep.   \u0130lk insan, ilk peygamberden ba\u015flat\u0131r \u0130sl\u00e2m kendini. Hz. Muhammed&#8217;in ortaya \u00e7\u0131kt\u0131\u011f\u0131 d\u00f6neme gelinceye dek neler ya\u015fand\u0131? Hz. Muhammed kimdi, ilk vahyi ne zaman,  nas\u0131l alm\u0131\u015ft\u0131? Ad\u0131m ad\u0131m \u0130sl\u00e2m\u2019\u0131n ilerleyi\u015fi. K\u0131talar a\u015fmas\u0131. Medeniyet olarak beliri\u015fi. \u0130nsanl\u0131\u011fa getirdi\u011fi yeni a\u00e7\u0131l\u0131mlar. Kendi i\u00e7inde u\u011frad\u0131\u011f\u0131 \u00e7eki\u015fme ve \u00e7at\u0131\u015fmalar.   Sorular e\u015fli\u011finde k\u0131saca ama \u00f6z\u00fcnden \u0130sl\u00e2m\u2019\u0131 bilmek ve \u00e7a\u011flar a\u015fan mesaj\u0131n\u0131 anlamak i\u00e7in rehber bir kitap.<\/p>\n","protected":false},"excerpt":{"rendered":"<p>\u0130sl\u00e2m, tarih\u00e7ilerin, h\u00e2l\u00e2 canl\u0131 konular\u0131n\u0131n ba\u015f\u0131nda geliyor. \u0130sl\u00e2m\u2019\u0131n Tarihi, do\u011fdu\u011fu topraklardan ba\u015flayarak ad\u0131m ad\u0131m d\u00fcnyay\u0131 da ilgilendirdi hep. \u0130lk insan, ilk peygamberden ba\u015flat\u0131r \u0130sl\u00e2m kendini. Hz.<span class=\"excerpt-hellip\"> [\u2026]<\/span><\/p>\n","protected":false},"featured_media":0,"template":"","meta":{"_monsterinsights_skip_tracking":false,"_monsterinsights_sitenote_active":false,"_monsterinsights_sitenote_note":"","_monsterinsights_sitenote_category":0},"product_brand":[],"product_cat":[12718,12719],"product_tag":[],"class_list":{"0":"post-778091","1":"product","2":"type-product","3":"status-publish","5":"product_cat-din","6":"product_cat-islam","7":"pa_cilt-ciltsiz","8":"pa_tur-kitap","9":"pa_yayinevi-kapi-yayinlari","10":"pa_yazar-kolektif","12":"first","13":"instock","14":"sale","15":"shipping-taxable","16":"purchasable","17":"product-type-simple"},"_links":{"self":[{"href":"https:\/\/roveyayinevi.com.tr\/index.php\/wp-json\/wp\/v2\/product\/778091","targetHints":{"allow":["GET"]}}],"collection":[{"href":"https:\/\/roveyayinevi.com.tr\/index.php\/wp-json\/wp\/v2\/product"}],"about":[{"href":"https:\/\/roveyayinevi.com.tr\/index.php\/wp-json\/wp\/v2\/types\/product"}],"wp:attachment":[{"href":"https:\/\/roveyayinevi.com.tr\/index.php\/wp-json\/wp\/v2\/media?parent=778091"}],"wp:term":[{"taxonomy":"product_brand","embeddable":true,"href":"https:\/\/roveyayinevi.com.tr\/index.php\/wp-json\/wp\/v2\/product_brand?post=778091"},{"taxonomy":"product_cat","embeddable":true,"href":"https:\/\/roveyayinevi.com.tr\/index.php\/wp-json\/wp\/v2\/product_cat?post=778091"},{"taxonomy":"product_tag","embeddable":true,"href":"https:\/\/roveyayinevi.com.tr\/index.php\/wp-json\/wp\/v2\/product_tag?post=778091"}],"curies":[{"name":"wp","href":"https:\/\/api.w.org\/{rel}","templated":true}]}}