{"id":778089,"date":"2025-11-05T09:51:23","date_gmt":"2025-11-05T06:51:23","guid":{"rendered":"https:\/\/roveyayinevi.com.tr\/index.php\/urun\/geleneksel-cocuk-oyunlari\/"},"modified":"2026-04-16T03:08:48","modified_gmt":"2026-04-16T00:08:48","slug":"geleneksel-cocuk-oyunlari","status":"publish","type":"product","link":"https:\/\/roveyayinevi.com.tr\/index.php\/urun\/geleneksel-cocuk-oyunlari\/","title":{"rendered":"Geleneksel \u00c7ocuk Oyunlar\u0131"},"content":{"rendered":"<p>Oyun, insanl\u0131k var oldu\u011fundan beri s\u00fcregelen bir olgudur. Tarih boyunca insanlar\u0131n e\u011flenmesi, bo\u015f vakitlerini de\u011ferlendirmesi, sorunlara yeni \u00e7\u00f6z\u00fcm yollar\u0131 geli\u015ftirmesi gibi g\u00f6revler \u00fcstlenmi\u015ftir. Ayn\u0131 zamanda oyunlar, i\u00e7inde ya\u015fan\u0131lan k\u00fclt\u00fcr\u00fcn vazge\u00e7ilmez bir par\u00e7as\u0131 olmu\u015f ve k\u00fclt\u00fcr\u00fcn ku\u015faktan ku\u015fa\u011fa aktar\u0131lmas\u0131nda \u00f6nemli bir rol oynam\u0131\u015ft\u0131r. Oyunlar da di\u011fer folklorik \u00f6geler gibi de\u011ferlerin aktar\u0131lmas\u0131nda, sosyal beceri kazan\u0131lmas\u0131nda, s\u00fcrd\u00fcr\u00fclebilir bir \u00e7evrenin nas\u0131l ya\u015fat\u0131laca\u011f\u0131 konular\u0131nda bizlere rehber olmu\u015flard\u0131r. Bu oyunlar bize sayg\u0131y\u0131, payla\u015fmay\u0131, yard\u0131mla\u015fmay\u0131 ve i\u015fbirli\u011fini \u00f6\u011fretirken bir taraftan da do\u011fadaki ta\u015f, kozalak, yaprak gibi her bir unsuru yeniden de\u011ferlendirmeyi ve \u00e7evrenin nas\u0131l s\u00fcrd\u00fcr\u00fclebilir olaca\u011f\u0131n\u0131 uygulamal\u0131 ve en \u00f6nemlisi e\u011flenceli bir bi\u00e7imde \u00f6\u011fretmi\u015ftir. Ku\u015faklar aras\u0131 bu aktar\u0131m; oyuna yeni bir isim, yeni bir s\u0131n\u0131flama getirmi\u015f ve geleneksel \u00e7ocuk oyunlar\u0131 kavram\u0131 b\u00f6ylelikle kar\u015f\u0131m\u0131za \u00e7\u0131km\u0131\u015ft\u0131r.   G\u00fcn\u00fcm\u00fcz de\u011fi\u015fen ya\u015fam ko\u015fullar\u0131, h\u0131zla geli\u015fen teknoloji her ne kadar geleneksel \u00e7ocuk oyunlar\u0131n\u0131 yava\u015f yava\u015f bize unutturmaya ba\u015flasa da amac\u0131m\u0131z bu k\u00fclt\u00fcr aktar\u0131m\u0131n\u0131 devam ettirmek olmu\u015ftur.<\/p>\n","protected":false},"excerpt":{"rendered":"<p>Oyun, insanl\u0131k var oldu\u011fundan beri s\u00fcregelen bir olgudur. Tarih boyunca insanlar\u0131n e\u011flenmesi, bo\u015f vakitlerini de\u011ferlendirmesi, sorunlara yeni \u00e7\u00f6z\u00fcm yollar\u0131 geli\u015ftirmesi gibi g\u00f6revler \u00fcstlenmi\u015ftir. Ayn\u0131 zamanda oyunlar,<span class=\"excerpt-hellip\"> [\u2026]<\/span><\/p>\n","protected":false},"featured_media":0,"template":"","meta":{"_monsterinsights_skip_tracking":false,"_monsterinsights_sitenote_active":false,"_monsterinsights_sitenote_note":"","_monsterinsights_sitenote_category":0},"product_brand":[],"product_cat":[12573,12566],"product_tag":[],"class_list":{"0":"post-778089","1":"product","2":"type-product","3":"status-publish","5":"product_cat-akademik-kitaplar","6":"product_cat-egitim","7":"pa_cilt-ciltsiz","8":"pa_tur-kitap","9":"pa_yayinevi-egiten-kitap","10":"pa_yazar-kolektif","12":"first","13":"instock","14":"sale","15":"shipping-taxable","16":"purchasable","17":"product-type-simple"},"_links":{"self":[{"href":"https:\/\/roveyayinevi.com.tr\/index.php\/wp-json\/wp\/v2\/product\/778089","targetHints":{"allow":["GET"]}}],"collection":[{"href":"https:\/\/roveyayinevi.com.tr\/index.php\/wp-json\/wp\/v2\/product"}],"about":[{"href":"https:\/\/roveyayinevi.com.tr\/index.php\/wp-json\/wp\/v2\/types\/product"}],"wp:attachment":[{"href":"https:\/\/roveyayinevi.com.tr\/index.php\/wp-json\/wp\/v2\/media?parent=778089"}],"wp:term":[{"taxonomy":"product_brand","embeddable":true,"href":"https:\/\/roveyayinevi.com.tr\/index.php\/wp-json\/wp\/v2\/product_brand?post=778089"},{"taxonomy":"product_cat","embeddable":true,"href":"https:\/\/roveyayinevi.com.tr\/index.php\/wp-json\/wp\/v2\/product_cat?post=778089"},{"taxonomy":"product_tag","embeddable":true,"href":"https:\/\/roveyayinevi.com.tr\/index.php\/wp-json\/wp\/v2\/product_tag?post=778089"}],"curies":[{"name":"wp","href":"https:\/\/api.w.org\/{rel}","templated":true}]}}