{"id":778088,"date":"2025-11-05T09:40:09","date_gmt":"2025-11-05T06:40:09","guid":{"rendered":"https:\/\/roveyayinevi.com.tr\/index.php\/urun\/ben-amir\/"},"modified":"2025-11-21T09:36:56","modified_gmt":"2025-11-21T06:36:56","slug":"ben-amir","status":"publish","type":"product","link":"https:\/\/roveyayinevi.com.tr\/index.php\/urun\/ben-amir\/","title":{"rendered":"Ben, Amir"},"content":{"rendered":"<p>\u201cSeni,\u201d diye s\u00fcrd\u00fcrd\u00fc konu\u015fmas\u0131n\u0131, \u201cdo\u011furdum ama hi\u00e7 do\u011furmam\u0131\u015f sayd\u0131m. Hi\u00e7 benim olmam\u0131\u015f gibisin. \u00c7\u00fcnk\u00fc sen benim aln\u0131mdaki kara bir lekesin!\u201d Birden t\u00fcylerim diken diken oldu. \u201cHay\u0131r,\u201d diye hayk\u0131rd\u0131m, \u201chay\u0131r\u2026 Ben kara bir leke de\u011filim. Ben bir pi\u00e7 de\u011filim. Ben bir lanet de\u011filim. Ben bir \u015ferefsiz de\u011filim. Ben sadece hasarl\u0131 biriyim. Ben sadece ruhu yaral\u0131 biriyim. T\u0131pk\u0131 senin gibi anne.\u201d   Y\u00fcz binlerce insan\u0131n katledildi\u011fi Bosna Sava\u015f\u0131\u2019n\u0131n en b\u00fcy\u00fck  ma\u011fdurlar\u0131yd\u0131 onlar. Ya\u015fad\u0131klar\u0131 i\u015fkence ve tecav\u00fczleri unutmalar\u0131 m\u00fcmk\u00fcn de\u011fildi. \u0130steseler de unutamazlard\u0131. \u201cTecav\u00fcz kamplar\u0131\u201d denilen yerlerde zorla hamile b\u0131rak\u0131lm\u0131\u015flard\u0131. Binlerce \u00e7ocuk i\u015fte b\u00f6yle d\u00fcnyaya geldi:  \u201cG\u00f6r\u00fcnmeyen\u201d ve \u201cunutulan\u201d \u00e7ocuklar\u2026 Sava\u015f\u0131n ve soyk\u0131r\u0131m\u0131n a\u011f\u0131r y\u00fck\u00fcn\u00fc omuzlar\u0131nda ta\u015f\u0131yan \u00e7ocuklar\u2026 Her yerde olmalar\u0131na ra\u011fmen asl\u0131nda kimler oldu\u011fu bilinmeyen ruhu yaral\u0131 \u00e7ocuklar\u2026 \u0130ncir Ku\u015flar\u0131 ve Meyra\u2019n\u0131n yazar\u0131 Sinan Aky\u00fcz\u2019den bu kez Bosna Sava\u015f\u0131 sonras\u0131 ya\u015fananlar\u0131 anlatan son roman: Ben, Amir Sava\u015f\u0131n Unutulan \u00c7ocu\u011fu. <\/p>\n","protected":false},"excerpt":{"rendered":"<p>\u201cSeni,\u201d diye s\u00fcrd\u00fcrd\u00fc konu\u015fmas\u0131n\u0131, \u201cdo\u011furdum ama hi\u00e7 do\u011furmam\u0131\u015f sayd\u0131m. Hi\u00e7 benim olmam\u0131\u015f gibisin. \u00c7\u00fcnk\u00fc sen benim aln\u0131mdaki kara bir lekesin!\u201d Birden t\u00fcylerim diken diken oldu. \u201cHay\u0131r,\u201d<span class=\"excerpt-hellip\"> [\u2026]<\/span><\/p>\n","protected":false},"featured_media":0,"template":"","meta":{"_monsterinsights_skip_tracking":false,"_monsterinsights_sitenote_active":false,"_monsterinsights_sitenote_note":"","_monsterinsights_sitenote_category":0},"product_brand":[],"product_cat":[12291],"product_tag":[],"class_list":{"0":"post-778088","1":"product","2":"type-product","3":"status-publish","5":"product_cat-edebiyat","6":"pa_cilt-ciltsiz","7":"pa_tur-kitap","8":"pa_yayinevi-alfa-yayinlari","9":"pa_yazar-sinan-akyuz","11":"first","12":"instock","13":"sale","14":"shipping-taxable","15":"purchasable","16":"product-type-simple"},"_links":{"self":[{"href":"https:\/\/roveyayinevi.com.tr\/index.php\/wp-json\/wp\/v2\/product\/778088","targetHints":{"allow":["GET"]}}],"collection":[{"href":"https:\/\/roveyayinevi.com.tr\/index.php\/wp-json\/wp\/v2\/product"}],"about":[{"href":"https:\/\/roveyayinevi.com.tr\/index.php\/wp-json\/wp\/v2\/types\/product"}],"wp:attachment":[{"href":"https:\/\/roveyayinevi.com.tr\/index.php\/wp-json\/wp\/v2\/media?parent=778088"}],"wp:term":[{"taxonomy":"product_brand","embeddable":true,"href":"https:\/\/roveyayinevi.com.tr\/index.php\/wp-json\/wp\/v2\/product_brand?post=778088"},{"taxonomy":"product_cat","embeddable":true,"href":"https:\/\/roveyayinevi.com.tr\/index.php\/wp-json\/wp\/v2\/product_cat?post=778088"},{"taxonomy":"product_tag","embeddable":true,"href":"https:\/\/roveyayinevi.com.tr\/index.php\/wp-json\/wp\/v2\/product_tag?post=778088"}],"curies":[{"name":"wp","href":"https:\/\/api.w.org\/{rel}","templated":true}]}}