{"id":778085,"date":"2025-11-05T08:50:33","date_gmt":"2025-11-05T05:50:33","guid":{"rendered":"https:\/\/roveyayinevi.com.tr\/index.php\/urun\/fahim-bey-ve-biz-kitap-boy\/"},"modified":"2026-04-16T02:59:57","modified_gmt":"2026-04-15T23:59:57","slug":"fahim-bey-ve-biz-kitap-boy","status":"publish","type":"product","link":"https:\/\/roveyayinevi.com.tr\/index.php\/urun\/fahim-bey-ve-biz-kitap-boy\/","title":{"rendered":"Fahim Bey ve  Biz (Kitap Boy)"},"content":{"rendered":"<p>Abd\u00fclhak \u015einasi Hisar\u2019\u0131n \u201chik\u00e2ye\u201d dedi\u011fi romanlar\u0131, insan\u0131n i\u00e7 d\u00fcnyas\u0131n\u0131n izini s\u00fcren, ruhunun derinliklerinde seyreden \u00fcslubuyla 20. y\u00fczy\u0131l klasiklerimizdendir. Hisar, \u00f6zg\u00fcn diliyle karakterlerini ve hayatlar\u0131n\u0131 in\u015fa ederken onlara hem \u00e7ok yak\u0131n hem \u00e7ok mesafelidir. Romanlar\u0131n\u0131 vakalar\u0131n de\u011fil karakterlerin etraf\u0131nda kurgulayan Hisar, zaman ve mek\u00e2n\u0131 ge\u00e7mi\u015fseverlikten ziyade haf\u0131zan\u0131n temel ta\u015flar\u0131 olarak kullan\u0131r.   Abd\u00fclhak \u015einasi Hisar, ilk roman\u0131 Fahim Bey ve Biz\u2019de, Fahim Bey\u2019in s\u0131radan, fakat gelecekten bak\u0131ld\u0131\u011f\u0131nda t\u00fcm bir d\u00f6nemin hareket, d\u00f6n\u00fc\u015f\u00fcm ve \u00e7eli\u015fkilerini i\u00e7inde bar\u0131nd\u0131ran hayat\u0131n\u0131 hik\u00e2ye eder. Ge\u00e7 d\u00f6nem Osmanl\u0131 dairelerindeki b\u00fcrokratl\u0131\u011f\u0131, t\u00fcccarl\u0131k denemeleri, kimlik aray\u0131\u015flar\u0131, tutunamay\u0131\u015flar\u0131yla Fahim Bey, edebiyat\u0131m\u0131z\u0131n benzersiz karakterlerindendir. <\/p>\n","protected":false},"excerpt":{"rendered":"<p>Abd\u00fclhak \u015einasi Hisar\u2019\u0131n \u201chik\u00e2ye\u201d dedi\u011fi romanlar\u0131, insan\u0131n i\u00e7 d\u00fcnyas\u0131n\u0131n izini s\u00fcren, ruhunun derinliklerinde seyreden \u00fcslubuyla 20. y\u00fczy\u0131l klasiklerimizdendir. Hisar, \u00f6zg\u00fcn diliyle karakterlerini ve hayatlar\u0131n\u0131 in\u015fa ederken<span class=\"excerpt-hellip\"> [\u2026]<\/span><\/p>\n","protected":false},"featured_media":0,"template":"","meta":{"_monsterinsights_skip_tracking":false,"_monsterinsights_sitenote_active":false,"_monsterinsights_sitenote_note":"","_monsterinsights_sitenote_category":0},"product_brand":[],"product_cat":[12291,12711],"product_tag":[],"class_list":{"0":"post-778085","1":"product","2":"type-product","3":"status-publish","5":"product_cat-edebiyat","6":"product_cat-roman-oyku","7":"pa_cilt-ciltsiz","8":"pa_tur-kitap","9":"pa_yayinevi-everest-yayinlari","10":"pa_yazar-abdulhak-sinasi-hisar","12":"first","13":"instock","14":"sale","15":"shipping-taxable","16":"purchasable","17":"product-type-simple"},"_links":{"self":[{"href":"https:\/\/roveyayinevi.com.tr\/index.php\/wp-json\/wp\/v2\/product\/778085","targetHints":{"allow":["GET"]}}],"collection":[{"href":"https:\/\/roveyayinevi.com.tr\/index.php\/wp-json\/wp\/v2\/product"}],"about":[{"href":"https:\/\/roveyayinevi.com.tr\/index.php\/wp-json\/wp\/v2\/types\/product"}],"wp:attachment":[{"href":"https:\/\/roveyayinevi.com.tr\/index.php\/wp-json\/wp\/v2\/media?parent=778085"}],"wp:term":[{"taxonomy":"product_brand","embeddable":true,"href":"https:\/\/roveyayinevi.com.tr\/index.php\/wp-json\/wp\/v2\/product_brand?post=778085"},{"taxonomy":"product_cat","embeddable":true,"href":"https:\/\/roveyayinevi.com.tr\/index.php\/wp-json\/wp\/v2\/product_cat?post=778085"},{"taxonomy":"product_tag","embeddable":true,"href":"https:\/\/roveyayinevi.com.tr\/index.php\/wp-json\/wp\/v2\/product_tag?post=778085"}],"curies":[{"name":"wp","href":"https:\/\/api.w.org\/{rel}","templated":true}]}}