{"id":778082,"date":"2025-11-05T08:09:44","date_gmt":"2025-11-05T05:09:44","guid":{"rendered":"https:\/\/roveyayinevi.com.tr\/index.php\/urun\/acemi-seyyah-tuna-1\/"},"modified":"2026-04-16T02:52:51","modified_gmt":"2026-04-15T23:52:51","slug":"acemi-seyyah-tuna-1","status":"publish","type":"product","link":"https:\/\/roveyayinevi.com.tr\/index.php\/urun\/acemi-seyyah-tuna-1\/","title":{"rendered":"Acemi Seyyah Tuna 1"},"content":{"rendered":"<p>Eser, Tuna adl\u0131 bir \u00e7ocu\u011fun tarih\u00e7i annesi ve mimar babas\u0131 ile M\u0131s\u0131r&#8217;a yapt\u0131klar\u0131 seyahati konu al\u0131r. Biraz haylaz, obur ve sakar olan kahraman\u0131m\u0131z bu yolculukta  pek \u00e7ok macera ya\u015far ve bunlar\u0131 g\u00fcnl\u00fck formunda kaleme al\u0131r. Evliya \u00c7elebi&#8217;nin Seyahatname eserine benzeyen bir kitap yazmaya \u00e7al\u0131\u015f\u0131r. G\u00fcnl\u00fc\u011f\u00fcne M\u0131s\u0131r tarihi ve k\u00fclt\u00fcr\u00fc hakk\u0131nda \u00f6\u011frendiklerini kaydeder. M\u00fczeleri, tarihi eserleri gezer ve g\u00f6rd\u00fc\u011f\u00fc yerlerin foto\u011fraflar\u0131n\u0131 \u00e7ekerek g\u00fcnl\u00fc\u011f\u00fcne yap\u0131\u015ft\u0131r\u0131r. Acemi Seyyah Tuna, bu yolculuk s\u0131ras\u0131nda Kahire&#8217;de \u00e7ok say\u0131da T\u00fcrk eseri oldu\u011funu da \u00f6\u011frenir. Ve Anadolu d\u0131\u015f\u0131ndaki topraklarda eski T\u00fcrk devletlerinden geriye kalan pek \u00e7ok tarihi yap\u0131 oldu\u011funa dair bir fark\u0131ndal\u0131k kazan\u0131r.  Art\u0131k en b\u00fcy\u00fck emeli bu geni\u015f k\u00fclt\u00fcrel miras\u0131 ke\u015ffetmeye devam etmektir. Tarih\u00e7i Esra Koca taraf\u0131ndan 8+ ya\u015f i\u00e7in kaleme al\u0131nan macera dolu bu eser okura e\u011flenerek \u00f6\u011frenme f\u0131rsat\u0131 sunuyor. <\/p>\n","protected":false},"excerpt":{"rendered":"<p>Eser, Tuna adl\u0131 bir \u00e7ocu\u011fun tarih\u00e7i annesi ve mimar babas\u0131 ile M\u0131s\u0131r&#8217;a yapt\u0131klar\u0131 seyahati konu al\u0131r. Biraz haylaz, obur ve sakar olan kahraman\u0131m\u0131z bu yolculukta pek<span class=\"excerpt-hellip\"> [\u2026]<\/span><\/p>\n","protected":false},"featured_media":0,"template":"","meta":{"_monsterinsights_skip_tracking":false,"_monsterinsights_sitenote_active":false,"_monsterinsights_sitenote_note":"","_monsterinsights_sitenote_category":0},"product_brand":[],"product_cat":[12274,12284],"product_tag":[],"class_list":{"0":"post-778082","1":"product","2":"type-product","3":"status-publish","5":"product_cat-cocuk-ve-genclik-kitaplari","6":"product_cat-hikayeler","7":"pa_cilt-ciltsiz","8":"pa_tur-kitap","9":"pa_yayinevi-nito-kitap","10":"pa_yazar-esra-koca","12":"first","13":"instock","14":"sale","15":"shipping-taxable","16":"purchasable","17":"product-type-simple"},"_links":{"self":[{"href":"https:\/\/roveyayinevi.com.tr\/index.php\/wp-json\/wp\/v2\/product\/778082","targetHints":{"allow":["GET"]}}],"collection":[{"href":"https:\/\/roveyayinevi.com.tr\/index.php\/wp-json\/wp\/v2\/product"}],"about":[{"href":"https:\/\/roveyayinevi.com.tr\/index.php\/wp-json\/wp\/v2\/types\/product"}],"wp:attachment":[{"href":"https:\/\/roveyayinevi.com.tr\/index.php\/wp-json\/wp\/v2\/media?parent=778082"}],"wp:term":[{"taxonomy":"product_brand","embeddable":true,"href":"https:\/\/roveyayinevi.com.tr\/index.php\/wp-json\/wp\/v2\/product_brand?post=778082"},{"taxonomy":"product_cat","embeddable":true,"href":"https:\/\/roveyayinevi.com.tr\/index.php\/wp-json\/wp\/v2\/product_cat?post=778082"},{"taxonomy":"product_tag","embeddable":true,"href":"https:\/\/roveyayinevi.com.tr\/index.php\/wp-json\/wp\/v2\/product_tag?post=778082"}],"curies":[{"name":"wp","href":"https:\/\/api.w.org\/{rel}","templated":true}]}}