{"id":778079,"date":"2025-11-05T06:19:01","date_gmt":"2025-11-05T03:19:01","guid":{"rendered":"https:\/\/roveyayinevi.com.tr\/index.php\/urun\/gocler-ve-kulturler-bir-dunya-gorusu\/"},"modified":"2025-11-07T06:14:23","modified_gmt":"2025-11-07T03:14:23","slug":"gocler-ve-kulturler-bir-dunya-gorusu","status":"publish","type":"product","link":"https:\/\/roveyayinevi.com.tr\/index.php\/urun\/gocler-ve-kulturler-bir-dunya-gorusu\/","title":{"rendered":"G\u00f6\u00e7ler Ve K\u00fclt\u00fcrler Bir D\u00fcnya G\u00f6r\u00fc\u015f\u00fc"},"content":{"rendered":"<p>Depremlerle yery\u00fcz\u00fcn\u00fcn \u015feklinin de\u011fi\u015fmesi, k\u0131talar\u0131n kaymas\u0131 gibi y\u00fczy\u0131llard\u0131r s\u00fcregelen g\u00f6\u00e7lerle de insanlar\u0131n ya\u015fad\u0131klar\u0131 yerler ve dolay\u0131s\u0131yla ya\u015fam bi\u00e7imleri de\u011fi\u015fmekte. Sadece g\u00f6\u00e7 edenlerin de\u011fil, g\u00f6\u00e7\u00fc kabul eden topraklardaki insanlar\u0131n da hayatlar\u0131 derinden etkilenmekte. Diller, dinler, renkler hepsi birbirine kar\u0131\u015fmakta, s\u0131n\u0131rlar ya\u015famak i\u00e7in \u00e7\u0131rp\u0131nan insanlar\u0131 durdurmakta zorlanmakta.  Peki co\u011frafya hakikaten kader midir?  \u0130nsanlar hayatta kalmak i\u00e7in do\u011fduklar\u0131 topraklar\u0131 terk edip ba\u015fka topraklara g\u00f6\u00e7 etmek zorunda kald\u0131klar\u0131nda kaderlerini de kendileriyle mi ta\u015f\u0131rlar yoksa g\u00f6\u00e7le birlikte kendi kaderlerini kendileri mi yazmaya ba\u015flarlar?<\/p>\n","protected":false},"excerpt":{"rendered":"<p>Depremlerle yery\u00fcz\u00fcn\u00fcn \u015feklinin de\u011fi\u015fmesi, k\u0131talar\u0131n kaymas\u0131 gibi y\u00fczy\u0131llard\u0131r s\u00fcregelen g\u00f6\u00e7lerle de insanlar\u0131n ya\u015fad\u0131klar\u0131 yerler ve dolay\u0131s\u0131yla ya\u015fam bi\u00e7imleri de\u011fi\u015fmekte. Sadece g\u00f6\u00e7 edenlerin de\u011fil, g\u00f6\u00e7\u00fc kabul eden<span class=\"excerpt-hellip\"> [\u2026]<\/span><\/p>\n","protected":false},"featured_media":0,"template":"","meta":{"_monsterinsights_skip_tracking":false,"_monsterinsights_sitenote_active":false,"_monsterinsights_sitenote_note":"","_monsterinsights_sitenote_category":0},"product_brand":[],"product_cat":[74169],"product_tag":[],"class_list":{"0":"post-778079","1":"product","2":"type-product","3":"status-publish","5":"product_cat-cografya","6":"pa_cilt-ciltsiz","7":"pa_tur-kitap","8":"pa_yayinevi-hece-yayinlari","9":"pa_yazar-thomas-sowell","11":"first","12":"instock","13":"sale","14":"shipping-taxable","15":"purchasable","16":"product-type-simple"},"_links":{"self":[{"href":"https:\/\/roveyayinevi.com.tr\/index.php\/wp-json\/wp\/v2\/product\/778079","targetHints":{"allow":["GET"]}}],"collection":[{"href":"https:\/\/roveyayinevi.com.tr\/index.php\/wp-json\/wp\/v2\/product"}],"about":[{"href":"https:\/\/roveyayinevi.com.tr\/index.php\/wp-json\/wp\/v2\/types\/product"}],"wp:attachment":[{"href":"https:\/\/roveyayinevi.com.tr\/index.php\/wp-json\/wp\/v2\/media?parent=778079"}],"wp:term":[{"taxonomy":"product_brand","embeddable":true,"href":"https:\/\/roveyayinevi.com.tr\/index.php\/wp-json\/wp\/v2\/product_brand?post=778079"},{"taxonomy":"product_cat","embeddable":true,"href":"https:\/\/roveyayinevi.com.tr\/index.php\/wp-json\/wp\/v2\/product_cat?post=778079"},{"taxonomy":"product_tag","embeddable":true,"href":"https:\/\/roveyayinevi.com.tr\/index.php\/wp-json\/wp\/v2\/product_tag?post=778079"}],"curies":[{"name":"wp","href":"https:\/\/api.w.org\/{rel}","templated":true}]}}