{"id":778078,"date":"2025-11-05T06:09:41","date_gmt":"2025-11-05T03:09:41","guid":{"rendered":"https:\/\/roveyayinevi.com.tr\/index.php\/urun\/felsefe-tarihi-1-antik-yunan\/"},"modified":"2026-04-16T02:32:45","modified_gmt":"2026-04-15T23:32:45","slug":"felsefe-tarihi-1-antik-yunan","status":"publish","type":"product","link":"https:\/\/roveyayinevi.com.tr\/index.php\/urun\/felsefe-tarihi-1-antik-yunan\/","title":{"rendered":"Felsefe Tarihi 1 &#8211; Antik Yunan"},"content":{"rendered":"<p>Felsefe tarihinin Yunanlarla ba\u015flamas\u0131n\u0131n k\u00fclt\u00fcrel bir nedeni var. Bat\u0131 d\u00fcnyas\u0131n\u0131n d\u00fc\u015f\u00fcnce bi\u00e7imini \u015fekillendiren Yunan d\u00fc\u015f\u00fcncesidir ve yakla\u015f\u0131k \u00fc\u00e7 bin y\u0131ld\u0131r nas\u0131l d\u00fc\u015f\u00fcnd\u00fc\u011f\u00fcm\u00fcz\u00fc anlamak i\u00e7in Yunanlar\u0131n ne d\u00fc\u015f\u00fcnd\u00fc\u011f\u00fcn\u00fc anlamak zorunday\u0131z. Bat\u0131 d\u00fc\u015f\u00fcncesinin tamam\u0131 yanl\u0131\u015f olsa bile, nereden geldi\u011fimizi ve ne oldu\u011fumuzu anlamam\u0131z i\u00e7in o d\u00fc\u015f\u00fcnce hakk\u0131nda bilgi sahibi olmal\u0131y\u0131z.Aksi takdirde \u00f6\u011frencilere Yunan mitolojisini incelemenin bir \u00e2lemi olmad\u0131\u011f\u0131n\u0131,\u00e7\u00fcnk\u00fc bir y\u0131\u011f\u0131n hayal \u00fcr\u00fcn\u00fcnden ba\u015fka bir \u015fey olmad\u0131\u011f\u0131n\u0131 s\u00f6ylemi\u015f oluruz, o zaman da Homeros ile Vergilius\u2019un neden s\u00f6z etti\u011fini anlamalar\u0131n\u0131 engellemi\u015f oluruz.\u201d\u2013Umberto Eco<\/p>\n","protected":false},"excerpt":{"rendered":"<p>Felsefe tarihinin Yunanlarla ba\u015flamas\u0131n\u0131n k\u00fclt\u00fcrel bir nedeni var. Bat\u0131 d\u00fcnyas\u0131n\u0131n d\u00fc\u015f\u00fcnce bi\u00e7imini \u015fekillendiren Yunan d\u00fc\u015f\u00fcncesidir ve yakla\u015f\u0131k \u00fc\u00e7 bin y\u0131ld\u0131r nas\u0131l d\u00fc\u015f\u00fcnd\u00fc\u011f\u00fcm\u00fcz\u00fc anlamak i\u00e7in Yunanlar\u0131n ne<span class=\"excerpt-hellip\"> [\u2026]<\/span><\/p>\n","protected":false},"featured_media":0,"template":"","meta":{"_monsterinsights_skip_tracking":false,"_monsterinsights_sitenote_active":false,"_monsterinsights_sitenote_note":"","_monsterinsights_sitenote_category":0},"product_brand":[],"product_cat":[12388,14717],"product_tag":[],"class_list":{"0":"post-778078","1":"product","2":"type-product","3":"status-publish","5":"product_cat-felsefe","6":"product_cat-felsefe-tarihi","7":"pa_cilt-ciltsiz","8":"pa_tur-kitap","9":"pa_yayinevi-alfa-yayinlari","10":"pa_yazar-umberto-eco","12":"first","13":"instock","14":"sale","15":"shipping-taxable","16":"purchasable","17":"product-type-simple"},"_links":{"self":[{"href":"https:\/\/roveyayinevi.com.tr\/index.php\/wp-json\/wp\/v2\/product\/778078","targetHints":{"allow":["GET"]}}],"collection":[{"href":"https:\/\/roveyayinevi.com.tr\/index.php\/wp-json\/wp\/v2\/product"}],"about":[{"href":"https:\/\/roveyayinevi.com.tr\/index.php\/wp-json\/wp\/v2\/types\/product"}],"wp:attachment":[{"href":"https:\/\/roveyayinevi.com.tr\/index.php\/wp-json\/wp\/v2\/media?parent=778078"}],"wp:term":[{"taxonomy":"product_brand","embeddable":true,"href":"https:\/\/roveyayinevi.com.tr\/index.php\/wp-json\/wp\/v2\/product_brand?post=778078"},{"taxonomy":"product_cat","embeddable":true,"href":"https:\/\/roveyayinevi.com.tr\/index.php\/wp-json\/wp\/v2\/product_cat?post=778078"},{"taxonomy":"product_tag","embeddable":true,"href":"https:\/\/roveyayinevi.com.tr\/index.php\/wp-json\/wp\/v2\/product_tag?post=778078"}],"curies":[{"name":"wp","href":"https:\/\/api.w.org\/{rel}","templated":true}]}}