{"id":778077,"date":"2025-11-05T05:08:42","date_gmt":"2025-11-05T02:08:42","guid":{"rendered":"https:\/\/roveyayinevi.com.tr\/index.php\/urun\/selahattin-eyyubi-savaslari-siyaseti\/"},"modified":"2026-04-16T02:24:36","modified_gmt":"2026-04-15T23:24:36","slug":"selahattin-eyyubi-savaslari-siyaseti","status":"publish","type":"product","link":"https:\/\/roveyayinevi.com.tr\/index.php\/urun\/selahattin-eyyubi-savaslari-siyaseti\/","title":{"rendered":"Selahattin Eyyubi Sava\u015flar\u0131 Siyaseti"},"content":{"rendered":"<p>Destek\u00e7ileri a\u00e7\u0131s\u0131ndan Selahattin Eyyubi, \u0130slam\u2019\u0131n kahraman\u0131, Latin Krall\u0131\u011f\u0131\u2019n\u0131 y\u0131kan lider ve Kudu\u0308s\u2019teki mabetleri yeniden aya\u011fa kald\u0131ran ki\u015fi olarak g\u00f6ru\u0308lebilir. Ancak hakk\u0131nda bu gibi methiyeler olmakla birlikte b\u00f6ylesi bir g\u00f6ru\u0308\u015fu\u0308n \u00e7ok say\u0131da Mu\u0308slu\u0308man \u00e7a\u011fda\u015f\u0131 taraf\u0131ndan kabul edilmedi\u011fini de belirtmek gerekir. Kar\u015f\u0131 cephesinde yer alanlar taraf\u0131ndan, kendisi ve ailesi i\u00e7in gu\u0308\u00e7 kazanmak ad\u0131na \u0130slam\u2019\u0131 manipu\u0308le eden, yaln\u0131zca bu gu\u0308cu\u0308 elde ettikten sonra bir maceraya at\u0131lan ama yine de ard\u0131nda Avrupa\u2019n\u0131n desteklemesi halinde her an kar\u015f\u0131 sald\u0131r\u0131ya ge\u00e7meye haz\u0131r bir Frenk devleti ve a\u011f\u0131r bir yu\u0308ku\u0308n alt\u0131nda kalm\u0131\u015f yoksul bir Mu\u0308slu\u0308man imparatorlu\u011fu b\u0131rakan bir hu\u0308ku\u0308mdar olarak tasvir edilebilir. Tu\u0308m bu kar\u015f\u0131t du\u0308\u015fu\u0308nceler \u00e7er\u00e7evesinde Eyyubi\u2019nin hayat\u0131, bugu\u0308ne kadar g\u00f6z ard\u0131 edilmi\u015f Arap\u00e7a kaynaklar\u0131n yol g\u00f6stericili\u011fi de kullan\u0131larak o d\u00f6nemdeki Ortado\u011fu co\u011frafyas\u0131n\u0131n dinamiklerini g\u00f6zler \u00f6nu\u0308ne seriyor, gu\u0308nu\u0308mu\u0308zde de devam eden din sava\u015f\u0131 tart\u0131\u015fmalar\u0131n\u0131n \u00f6nemli bir evresine \u0131\u015f\u0131k tutuyor&#8230;. <\/p>\n","protected":false},"excerpt":{"rendered":"<p>Destek\u00e7ileri a\u00e7\u0131s\u0131ndan Selahattin Eyyubi, \u0130slam\u2019\u0131n kahraman\u0131, Latin Krall\u0131\u011f\u0131\u2019n\u0131 y\u0131kan lider ve Kudu\u0308s\u2019teki mabetleri yeniden aya\u011fa kald\u0131ran ki\u015fi olarak g\u00f6ru\u0308lebilir. Ancak hakk\u0131nda bu gibi methiyeler olmakla birlikte<span class=\"excerpt-hellip\"> [\u2026]<\/span><\/p>\n","protected":false},"featured_media":0,"template":"","meta":{"_monsterinsights_skip_tracking":false,"_monsterinsights_sitenote_active":false,"_monsterinsights_sitenote_note":"","_monsterinsights_sitenote_category":0},"product_brand":[],"product_cat":[13946,12304],"product_tag":[],"class_list":{"0":"post-778077","1":"product","2":"type-product","3":"status-publish","5":"product_cat-biyografi-otobiyografi","6":"product_cat-tarih","7":"pa_cilt-ciltsiz","8":"pa_tur-kitap","9":"pa_yayinevi-ayrinti-yayinlari","10":"pa_yazar-m-c-lyons-d-e-p-jackson","12":"first","13":"instock","14":"sale","15":"shipping-taxable","16":"purchasable","17":"product-type-simple"},"_links":{"self":[{"href":"https:\/\/roveyayinevi.com.tr\/index.php\/wp-json\/wp\/v2\/product\/778077","targetHints":{"allow":["GET"]}}],"collection":[{"href":"https:\/\/roveyayinevi.com.tr\/index.php\/wp-json\/wp\/v2\/product"}],"about":[{"href":"https:\/\/roveyayinevi.com.tr\/index.php\/wp-json\/wp\/v2\/types\/product"}],"wp:attachment":[{"href":"https:\/\/roveyayinevi.com.tr\/index.php\/wp-json\/wp\/v2\/media?parent=778077"}],"wp:term":[{"taxonomy":"product_brand","embeddable":true,"href":"https:\/\/roveyayinevi.com.tr\/index.php\/wp-json\/wp\/v2\/product_brand?post=778077"},{"taxonomy":"product_cat","embeddable":true,"href":"https:\/\/roveyayinevi.com.tr\/index.php\/wp-json\/wp\/v2\/product_cat?post=778077"},{"taxonomy":"product_tag","embeddable":true,"href":"https:\/\/roveyayinevi.com.tr\/index.php\/wp-json\/wp\/v2\/product_tag?post=778077"}],"curies":[{"name":"wp","href":"https:\/\/api.w.org\/{rel}","templated":true}]}}