{"id":778075,"date":"2025-11-05T04:38:16","date_gmt":"2025-11-05T01:38:16","guid":{"rendered":"https:\/\/roveyayinevi.com.tr\/index.php\/urun\/direnis-6\/"},"modified":"2026-04-11T02:25:53","modified_gmt":"2026-04-10T23:25:53","slug":"direnis-6","status":"publish","type":"product","link":"https:\/\/roveyayinevi.com.tr\/index.php\/urun\/direnis-6\/","title":{"rendered":"Direni\u015f"},"content":{"rendered":"<p>Latin Amerika edebiyat\u0131n\u0131n son b\u00fcy\u00fck klasik yazarlar\u0131ndan Ernesto Sabato\u2019nun \u00f6lmeden \u00f6nce yazd\u0131\u011f\u0131 son kitab\u0131!Direni\u015f, insano\u011flunun ya\u015fad\u0131\u011f\u0131 d\u00fcnyaya ve \u00e7evresindeki di\u011fer bireylere kar\u015f\u0131 yabanc\u0131la\u015fmas\u0131n\u0131 ve yozla\u015fmas\u0131n\u0131 konu ediniyor.Arjantinli \u00fcnl\u00fc yazar, h\u0131zl\u0131 ya\u015fayan ve s\u00fcrekli \u00fcretmek zorunda kalan insanlara art\u0131k biraz soluklanmalar\u0131 gerekti\u011fini an\u0131msatarak hakl\u0131 bir direni\u015f \u00e7a\u011fr\u0131s\u0131nda bulunuyor. Arjantinli yazar Ernesto Sabato Direni\u015f\u2019te, art\u0131k unutulmaya y\u00fcz tutmu\u015f insani de\u011ferlerin yeniden hat\u0131rlanmas\u0131 gerekti\u011fini vurgularken, insan\u0131 sahte umutlara y\u00f6nelten teknolojiye kar\u015f\u0131 \u00e7e\u015fitli uyar\u0131larda bulunuyor. Arjantin\u2019in, \u00f6zellikle de Buenos Aires\u2019in h\u0131zl\u0131 modernle\u015fmesinin getirdi\u011fi yabanc\u0131la\u015fmaya, kentin temel de\u011ferlerini yitiri\u015fine vurgu yapan Sabato, modern hayat\u0131n insan\u0131 soluksuz b\u0131rakt\u0131\u011f\u0131n\u0131, bu h\u0131z i\u00e7inde insan\u0131n insanl\u0131\u011f\u0131n\u0131 kaybetti\u011fini \u00f6ne s\u00fcr\u00fcyor.Sabato sohbet havas\u0131nda kaleme ald\u0131\u011f\u0131 kitab\u0131nda, \u00e7a\u011f\u0131m\u0131z\u0131n teknolojik ve ekonomik \u00e7\u0131lg\u0131nl\u0131\u011f\u0131na kar\u015f\u0131 ahl\u00e2ki ve vicdani bir direni\u015fi savunuyor.&#8221;\u00c7evremizdeki k\u00fc\u00e7\u00fck d\u00fcnyada bir g\u00fczellik ortam\u0131 yaratamayacak hale gelip akl\u0131m\u0131z\u0131 sadece giderek daha fazla insanl\u0131ktan \u00e7\u0131kan ve rekabet\u00e7i olan i\u015fle ilgili konulara verirsek nas\u0131l direnebiliriz?\u201d <\/p>\n","protected":false},"excerpt":{"rendered":"<p>Latin Amerika edebiyat\u0131n\u0131n son b\u00fcy\u00fck klasik yazarlar\u0131ndan Ernesto Sabato\u2019nun \u00f6lmeden \u00f6nce yazd\u0131\u011f\u0131 son kitab\u0131!Direni\u015f, insano\u011flunun ya\u015fad\u0131\u011f\u0131 d\u00fcnyaya ve \u00e7evresindeki di\u011fer bireylere kar\u015f\u0131 yabanc\u0131la\u015fmas\u0131n\u0131 ve yozla\u015fmas\u0131n\u0131 konu<span class=\"excerpt-hellip\"> [\u2026]<\/span><\/p>\n","protected":false},"featured_media":0,"template":"","meta":{"_monsterinsights_skip_tracking":false,"_monsterinsights_sitenote_active":false,"_monsterinsights_sitenote_note":"","_monsterinsights_sitenote_category":0},"product_brand":[],"product_cat":[12291,12711],"product_tag":[],"class_list":{"0":"post-778075","1":"product","2":"type-product","3":"status-publish","5":"product_cat-edebiyat","6":"product_cat-roman-oyku","7":"pa_cilt-ciltsiz","8":"pa_tur-kitap","9":"pa_yayinevi-delidolu","10":"pa_yazar-ernesto-sabato","12":"first","13":"instock","14":"sale","15":"shipping-taxable","16":"purchasable","17":"product-type-simple"},"_links":{"self":[{"href":"https:\/\/roveyayinevi.com.tr\/index.php\/wp-json\/wp\/v2\/product\/778075","targetHints":{"allow":["GET"]}}],"collection":[{"href":"https:\/\/roveyayinevi.com.tr\/index.php\/wp-json\/wp\/v2\/product"}],"about":[{"href":"https:\/\/roveyayinevi.com.tr\/index.php\/wp-json\/wp\/v2\/types\/product"}],"wp:attachment":[{"href":"https:\/\/roveyayinevi.com.tr\/index.php\/wp-json\/wp\/v2\/media?parent=778075"}],"wp:term":[{"taxonomy":"product_brand","embeddable":true,"href":"https:\/\/roveyayinevi.com.tr\/index.php\/wp-json\/wp\/v2\/product_brand?post=778075"},{"taxonomy":"product_cat","embeddable":true,"href":"https:\/\/roveyayinevi.com.tr\/index.php\/wp-json\/wp\/v2\/product_cat?post=778075"},{"taxonomy":"product_tag","embeddable":true,"href":"https:\/\/roveyayinevi.com.tr\/index.php\/wp-json\/wp\/v2\/product_tag?post=778075"}],"curies":[{"name":"wp","href":"https:\/\/api.w.org\/{rel}","templated":true}]}}