{"id":778071,"date":"2025-11-05T04:13:30","date_gmt":"2025-11-05T01:13:30","guid":{"rendered":"https:\/\/roveyayinevi.com.tr\/index.php\/urun\/sayilarin-gizemi\/"},"modified":"2026-04-16T02:17:29","modified_gmt":"2026-04-15T23:17:29","slug":"sayilarin-gizemi","status":"publish","type":"product","link":"https:\/\/roveyayinevi.com.tr\/index.php\/urun\/sayilarin-gizemi\/","title":{"rendered":"Say\u0131lar\u0131n Gizemi"},"content":{"rendered":"<p>Hangi say\u0131 di\u015fi hangisi erildir? Ay\u0131n d\u00f6ng\u00fcleri neden bizi bu kadar etkiler? \u015eans\u0131m\u0131z daima se\u00e7ti\u011fimiz say\u0131lara m\u0131 ba\u011fl\u0131d\u0131r? Yarad\u0131l\u0131\u015f\u0131 anlamak i\u00e7in 1\u2019i, evreni kavramak i\u00e7in \u00f6nce 2\u2019yi mi anlamak gerekir? Annemarie Schimmel bu kitab\u0131nda, say\u0131lar\u0131n binlerce y\u0131ld\u0131r hayat\u0131m\u0131z\u0131n her k\u00f6\u015fesinde anlamlar\u0131n\u0131 nas\u0131l koruduklar\u0131n\u0131, farkl\u0131 inan\u00e7larda, k\u00fclt\u00fcrlerde ve  co\u011frafyalarda bazen bat\u0131l bir inan\u00e7, bazen dini bir rit\u00fcel bazen de bir \u015fiir dizesi olarak kar\u015f\u0131m\u0131za \u00e7\u0131kt\u0131\u011f\u0131n\u0131 hik\u00e2yeleriyle anlat\u0131yor. Birdenbire her \u015feyin, her \u015feye nas\u0131l gizlice ba\u011fl\u0131 oldu\u011funu \u00f6\u011freneceksiniz.\u201cSay\u0131lar\u0131n gizemli tarihinde enfes bir k\u00fclt\u00fcrleraras\u0131 yolculuk. Bu harika ara\u015ft\u0131rmay\u0131 bitirdi\u011finizde kendinizi g\u00f6\u011f\u00fcn yedinci kat\u0131nda hissetmekle kalmayacaks\u0131n\u0131z, neden orada oldu\u011funuzu da anlayacaks\u0131n\u0131z.\u201d \u2013The New York Times\u201cHarikulade bir ara\u015ft\u0131rma, farkl\u0131 k\u00fclt\u00fcrler aras\u0131nda g\u00f6z kama\u015ft\u0131r\u0131c\u0131 bir g\u00fc\u00e7 g\u00f6sterisi.\u201d\u2013Spectrum Review Supplement <\/p>\n","protected":false},"excerpt":{"rendered":"<p>Hangi say\u0131 di\u015fi hangisi erildir? Ay\u0131n d\u00f6ng\u00fcleri neden bizi bu kadar etkiler? \u015eans\u0131m\u0131z daima se\u00e7ti\u011fimiz say\u0131lara m\u0131 ba\u011fl\u0131d\u0131r? Yarad\u0131l\u0131\u015f\u0131 anlamak i\u00e7in 1\u2019i, evreni kavramak i\u00e7in \u00f6nce<span class=\"excerpt-hellip\"> [\u2026]<\/span><\/p>\n","protected":false},"featured_media":0,"template":"","meta":{"_monsterinsights_skip_tracking":false,"_monsterinsights_sitenote_active":false,"_monsterinsights_sitenote_note":"","_monsterinsights_sitenote_category":0},"product_brand":[],"product_cat":[12364,16154],"product_tag":[],"class_list":{"0":"post-778071","1":"product","2":"type-product","3":"status-publish","5":"product_cat-genel-konular","6":"product_cat-parapsikoloji","7":"pa_cilt-ciltsiz","8":"pa_tur-kitap","9":"pa_yayinevi-alfa-yayinlari","10":"pa_yazar-annemarie-schimmell","12":"first","13":"instock","14":"sale","15":"shipping-taxable","16":"purchasable","17":"product-type-simple"},"_links":{"self":[{"href":"https:\/\/roveyayinevi.com.tr\/index.php\/wp-json\/wp\/v2\/product\/778071","targetHints":{"allow":["GET"]}}],"collection":[{"href":"https:\/\/roveyayinevi.com.tr\/index.php\/wp-json\/wp\/v2\/product"}],"about":[{"href":"https:\/\/roveyayinevi.com.tr\/index.php\/wp-json\/wp\/v2\/types\/product"}],"wp:attachment":[{"href":"https:\/\/roveyayinevi.com.tr\/index.php\/wp-json\/wp\/v2\/media?parent=778071"}],"wp:term":[{"taxonomy":"product_brand","embeddable":true,"href":"https:\/\/roveyayinevi.com.tr\/index.php\/wp-json\/wp\/v2\/product_brand?post=778071"},{"taxonomy":"product_cat","embeddable":true,"href":"https:\/\/roveyayinevi.com.tr\/index.php\/wp-json\/wp\/v2\/product_cat?post=778071"},{"taxonomy":"product_tag","embeddable":true,"href":"https:\/\/roveyayinevi.com.tr\/index.php\/wp-json\/wp\/v2\/product_tag?post=778071"}],"curies":[{"name":"wp","href":"https:\/\/api.w.org\/{rel}","templated":true}]}}