{"id":778067,"date":"2025-11-05T02:32:09","date_gmt":"2025-11-04T23:32:09","guid":{"rendered":"https:\/\/roveyayinevi.com.tr\/index.php\/urun\/bir-zambak-hikayesi\/"},"modified":"2025-12-30T09:42:36","modified_gmt":"2025-12-30T06:42:36","slug":"bir-zambak-hikayesi","status":"publish","type":"product","link":"https:\/\/roveyayinevi.com.tr\/index.php\/urun\/bir-zambak-hikayesi\/","title":{"rendered":"Bir Zambak Hikayesi"},"content":{"rendered":"<p>Edebiyat tarihimizde, sadece \u201cilk\u201d olma \u00f6zelli\u011fini ta\u015f\u0131makla kalmay\u0131p ayn\u0131 zamanda ana tema ve kurgusal motif ba\u011flam\u0131nda \u00e7\u0131\u011f\u0131r a\u00e7m\u0131\u015f olan bir eser: Bir Zambak Hikayesi. T\u00fcm ahlaki tabular\u0131 bir \u00e7\u0131rp\u0131da yerle bir eden bu eser s\u0131rf bu niteli\u011fi nedeniyle g\u00fcn\u00fcm\u00fcze kadar  el s\u00fcr\u00fclmekten ka\u00e7\u0131n\u0131lmas\u0131 gereken  bir yap\u0131t olarak kalm\u0131\u015f, maalesef \u00e7a\u011fda\u015f okuyuculara ula\u015famam\u0131\u015ft\u0131. \u201cAd\u0131 var, kendi yok,\u201d i\u00e7inde ne yaz\u0131lm\u0131\u015f oldu\u011fu pek de bilinmeyen Mehmet Rauf&#8217;un bu \u00f6nemli eserini Osmanl\u0131ca orijinal metniyle birlikte okuyucuyla bulu\u015fturuyoruz. Edebiyat tarihimizin ilk erotik yap\u0131tlar\u0131ndan olan Bir Zambak Hikayesi bir nefeste okunacak t\u00fcrden&#8230; <\/p>\n","protected":false},"excerpt":{"rendered":"<p>Edebiyat tarihimizde, sadece \u201cilk\u201d olma \u00f6zelli\u011fini ta\u015f\u0131makla kalmay\u0131p ayn\u0131 zamanda ana tema ve kurgusal motif ba\u011flam\u0131nda \u00e7\u0131\u011f\u0131r a\u00e7m\u0131\u015f olan bir eser: Bir Zambak Hikayesi. T\u00fcm ahlaki<span class=\"excerpt-hellip\"> [\u2026]<\/span><\/p>\n","protected":false},"featured_media":0,"template":"","meta":{"_monsterinsights_skip_tracking":false,"_monsterinsights_sitenote_active":false,"_monsterinsights_sitenote_note":"","_monsterinsights_sitenote_category":0},"product_brand":[],"product_cat":[12409,12408],"product_tag":[],"class_list":{"0":"post-778067","1":"product","2":"type-product","3":"status-publish","5":"product_cat-fotograf-sinema-tiyatro","6":"product_cat-sanat","7":"pa_cilt-ciltsiz","8":"pa_tur-kitap","9":"pa_yayinevi-sel-yayincilik","10":"pa_yazar-mehmet-rauf","12":"first","13":"instock","14":"sale","15":"shipping-taxable","16":"purchasable","17":"product-type-simple"},"_links":{"self":[{"href":"https:\/\/roveyayinevi.com.tr\/index.php\/wp-json\/wp\/v2\/product\/778067","targetHints":{"allow":["GET"]}}],"collection":[{"href":"https:\/\/roveyayinevi.com.tr\/index.php\/wp-json\/wp\/v2\/product"}],"about":[{"href":"https:\/\/roveyayinevi.com.tr\/index.php\/wp-json\/wp\/v2\/types\/product"}],"wp:attachment":[{"href":"https:\/\/roveyayinevi.com.tr\/index.php\/wp-json\/wp\/v2\/media?parent=778067"}],"wp:term":[{"taxonomy":"product_brand","embeddable":true,"href":"https:\/\/roveyayinevi.com.tr\/index.php\/wp-json\/wp\/v2\/product_brand?post=778067"},{"taxonomy":"product_cat","embeddable":true,"href":"https:\/\/roveyayinevi.com.tr\/index.php\/wp-json\/wp\/v2\/product_cat?post=778067"},{"taxonomy":"product_tag","embeddable":true,"href":"https:\/\/roveyayinevi.com.tr\/index.php\/wp-json\/wp\/v2\/product_tag?post=778067"}],"curies":[{"name":"wp","href":"https:\/\/api.w.org\/{rel}","templated":true}]}}