{"id":778066,"date":"2025-11-05T02:27:44","date_gmt":"2025-11-04T23:27:44","guid":{"rendered":"https:\/\/roveyayinevi.com.tr\/index.php\/urun\/fotografcinin-gozu\/"},"modified":"2026-04-16T02:02:40","modified_gmt":"2026-04-15T23:02:40","slug":"fotografcinin-gozu","status":"publish","type":"product","link":"https:\/\/roveyayinevi.com.tr\/index.php\/urun\/fotografcinin-gozu\/","title":{"rendered":"Foto\u011fraf\u00e7\u0131n\u0131n G\u00f6z\u00fc"},"content":{"rendered":"<p>D\u00dcNYADA 600.000 \u00dcZER\u0130NDE SATI\u015e Ba\u015far\u0131l\u0131 bir foto\u011fraf yaratmada en \u00f6nemli tek fakt\u00f6r tasar\u0131md\u0131r. Bir sahnedeki g\u00fc\u00e7l\u00fc foto\u011fraf potansiyelini g\u00f6rebilme ve i\u00e7indeki grafik \u00f6geleri etkili, ilgi \u00e7ekici bir kompozisyona d\u00f6n\u00fc\u015ft\u00fcrebilme yetene\u011fi, her zaman foto\u011fraf\u00e7\u0131l\u0131\u011f\u0131n \u00f6nemli becerilerinden biri olmu\u015ftur. \u0130lk olarak 2007 y\u0131l\u0131nda yay\u0131mlanan Foto\u011fraf\u00e7\u0131n\u0131n G\u00f6z\u00fc, zaman i\u00e7inde konusunun temel kaynaklar\u0131ndan biri h\u00e2line gelmi\u015f ve g\u00fcn\u00fcm\u00fcz foto\u011fraf\u00e7\u0131lar\u0131 i\u00e7in vazge\u00e7ilmez bir ba\u015fvuru kitab\u0131 olmu\u015ftur. \u015eimdi t\u00fcm\u00fcyle g\u00f6zden ge\u00e7irilmi\u015f ve dijital foto\u011fraf\u00e7\u0131l\u0131ktaki en son geli\u015fmeleri yans\u0131tacak \u015fekilde g\u00fcncellenmi\u015f olan bu \u00f6nc\u00fc eser, yeni ku\u015faklara da yol g\u00f6stermeyi s\u00fcrd\u00fcrecek. <\/p>\n","protected":false},"excerpt":{"rendered":"<p>D\u00dcNYADA 600.000 \u00dcZER\u0130NDE SATI\u015e Ba\u015far\u0131l\u0131 bir foto\u011fraf yaratmada en \u00f6nemli tek fakt\u00f6r tasar\u0131md\u0131r. Bir sahnedeki g\u00fc\u00e7l\u00fc foto\u011fraf potansiyelini g\u00f6rebilme ve i\u00e7indeki grafik \u00f6geleri etkili, ilgi \u00e7ekici<span class=\"excerpt-hellip\"> [\u2026]<\/span><\/p>\n","protected":false},"featured_media":0,"template":"","meta":{"_monsterinsights_skip_tracking":false,"_monsterinsights_sitenote_active":false,"_monsterinsights_sitenote_note":"","_monsterinsights_sitenote_category":0},"product_brand":[],"product_cat":[12409,12408],"product_tag":[],"class_list":{"0":"post-778066","1":"product","2":"type-product","3":"status-publish","5":"product_cat-fotograf-sinema-tiyatro","6":"product_cat-sanat","7":"pa_cilt-ciltsiz","8":"pa_tur-kitap","9":"pa_yayinevi-remzi-kitabevi","10":"pa_yazar-michael-freeman","12":"first","13":"instock","14":"sale","15":"shipping-taxable","16":"purchasable","17":"product-type-simple"},"_links":{"self":[{"href":"https:\/\/roveyayinevi.com.tr\/index.php\/wp-json\/wp\/v2\/product\/778066","targetHints":{"allow":["GET"]}}],"collection":[{"href":"https:\/\/roveyayinevi.com.tr\/index.php\/wp-json\/wp\/v2\/product"}],"about":[{"href":"https:\/\/roveyayinevi.com.tr\/index.php\/wp-json\/wp\/v2\/types\/product"}],"wp:attachment":[{"href":"https:\/\/roveyayinevi.com.tr\/index.php\/wp-json\/wp\/v2\/media?parent=778066"}],"wp:term":[{"taxonomy":"product_brand","embeddable":true,"href":"https:\/\/roveyayinevi.com.tr\/index.php\/wp-json\/wp\/v2\/product_brand?post=778066"},{"taxonomy":"product_cat","embeddable":true,"href":"https:\/\/roveyayinevi.com.tr\/index.php\/wp-json\/wp\/v2\/product_cat?post=778066"},{"taxonomy":"product_tag","embeddable":true,"href":"https:\/\/roveyayinevi.com.tr\/index.php\/wp-json\/wp\/v2\/product_tag?post=778066"}],"curies":[{"name":"wp","href":"https:\/\/api.w.org\/{rel}","templated":true}]}}