{"id":778065,"date":"2025-11-05T02:04:34","date_gmt":"2025-11-04T23:04:34","guid":{"rendered":"https:\/\/roveyayinevi.com.tr\/index.php\/urun\/turkiyede-dindarlik\/"},"modified":"2026-03-22T02:03:22","modified_gmt":"2026-03-21T23:03:22","slug":"turkiyede-dindarlik","status":"publish","type":"product","link":"https:\/\/roveyayinevi.com.tr\/index.php\/urun\/turkiyede-dindarlik\/","title":{"rendered":"T\u00fcrkiye&#8217;de Dindarl\u0131k"},"content":{"rendered":"<p>&#8220;Ama art\u0131k insanlar\u0131n dinlerini bilemiyoruz. Dini nitelikleri sa\u011flam m\u0131d\u0131r, M\u00fcsl\u00fcman m\u0131d\u0131r; \u0130slami \u015feyler ta\u015f\u0131yor mu de\u011fil de art\u0131k \u015f\u00f6yle bir hale geldik. Ramazanda \u00e7ok \u00fcz\u00fcc\u00fc olaylar oldu. Lokantalar a\u00e7\u0131kt\u0131, hi\u00e7 olmamas\u0131 gereken bir \u015feydi bu. Lokantalar\u0131m\u0131z a\u00e7\u0131kt\u0131, Erzurum&#8217;da insanlara yemek verdiler. G\u00fcnd\u00fcz vakti yemek verdiler. Bu \u00e7ok ac\u0131nas\u0131 bir durum.&#8221; &#8220;Ben T\u00fcrkiye Cumhuriyeti olarak uygarl\u0131k yolunda ilerliyorsam\u2026 biz laik bir T\u00fcrk milletiyiz, di\u011fer \u0130slam \u00fclkelerinden ayr\u0131 bir yere koyuyoruz kendimizi\u2026 Namaz saatine g\u00f6re, bilmem oru\u00e7 saatine g\u00f6re i\u015f ya\u015fam\u0131n\u0131n d\u00fczenlenmesini d\u00fc\u015f\u00fcnmem ben yetkili olsam. Ama giderim, erken kalkar\u0131m sabah namaz\u0131m\u0131 k\u0131lar\u0131m, ondan sonra toplu olarak di\u011fer vakitleri ayarlar\u0131m. E\u011fer direncim varsa orucumu tutar\u0131m ki ben ilkokul 4&#8217;ten beri s\u00fcrekli orucunu tutan, hi\u00e7bir zaman aksatmayan bir insan\u0131&#8230;&#8221; Bu \u00fclkede dinin sosyal &#8216;anlam\u0131&#8217; nedir, insanlar dine nas\u0131l bak\u0131yorlar? Dindarl\u0131\u011f\u0131n \u00f6l\u00e7\u00fcs\u00fc ne, nas\u0131l alg\u0131lan\u0131yor? Dine bak\u0131\u015f, insanlar\u0131n g\u00fcndelik davran\u0131\u015flar\u0131n\u0131, sosyal ili\u015fkilerini, birbirlerine bak\u0131\u015flar\u0131n\u0131 nas\u0131l etkiliyor? Muhafazak\u00e2rl\u0131\u011f\u0131n, dindarl\u0131\u011f\u0131n, laikli\u011fin s\u0131n\u0131rlar\u0131 nerelerden ge\u00e7iyor? T\u00fcrkiye&#8217;de sosyolojinin b\u00fcy\u00fck hocalar\u0131ndan Bahattin Ak\u015fit&#8217;in Recep \u015eent\u00fcrk, \u00d6nder K\u00fc\u00e7\u00fckural ve Kurtulu\u015f Cengiz&#8217;le birlikte yapt\u0131\u011f\u0131 \u00fc\u00e7 y\u0131l s\u00fcren kapsaml\u0131 \u00e7al\u0131\u015fma, bu sorulara y\u00f6nelik cevap anahtarlar\u0131 sunuyor. Yirmi be\u015f ilde uygulanan anketlerin ve sekiz ilde yap\u0131lan derinlemesine g\u00f6r\u00fc\u015fmelerin analizini yapan yazarlar, afaki ve y\u00fczeysel de\u011ferlendirmeleri a\u015fan so\u011fukkanl\u0131 bir tart\u0131\u015fmaya zemin haz\u0131rl\u0131yorlar. \ufffcTan\u0131t\u0131m Metni<\/p>\n","protected":false},"excerpt":{"rendered":"<p>&#8220;Ama art\u0131k insanlar\u0131n dinlerini bilemiyoruz. Dini nitelikleri sa\u011flam m\u0131d\u0131r, M\u00fcsl\u00fcman m\u0131d\u0131r; \u0130slami \u015feyler ta\u015f\u0131yor mu de\u011fil de art\u0131k \u015f\u00f6yle bir hale geldik. Ramazanda \u00e7ok \u00fcz\u00fcc\u00fc olaylar<span class=\"excerpt-hellip\"> [\u2026]<\/span><\/p>\n","protected":false},"featured_media":0,"template":"","meta":{"_monsterinsights_skip_tracking":false,"_monsterinsights_sitenote_active":false,"_monsterinsights_sitenote_note":"","_monsterinsights_sitenote_category":0},"product_brand":[],"product_cat":[12835,12324],"product_tag":[],"class_list":{"0":"post-778065","1":"product","2":"type-product","3":"status-publish","5":"product_cat-genel-sosyoloji","6":"product_cat-sosyoloji","7":"pa_cilt-ciltsiz","8":"pa_tur-kitap","9":"pa_yayinevi-iletisim-yayinlari","10":"pa_yazar-bahattin-aksit","11":"pa_yazar-k-cengiz","12":"pa_yazar-onder-kucukkural","13":"pa_yazar-recep-senturk","15":"first","16":"instock","17":"sale","18":"shipping-taxable","19":"purchasable","20":"product-type-simple"},"_links":{"self":[{"href":"https:\/\/roveyayinevi.com.tr\/index.php\/wp-json\/wp\/v2\/product\/778065","targetHints":{"allow":["GET"]}}],"collection":[{"href":"https:\/\/roveyayinevi.com.tr\/index.php\/wp-json\/wp\/v2\/product"}],"about":[{"href":"https:\/\/roveyayinevi.com.tr\/index.php\/wp-json\/wp\/v2\/types\/product"}],"wp:attachment":[{"href":"https:\/\/roveyayinevi.com.tr\/index.php\/wp-json\/wp\/v2\/media?parent=778065"}],"wp:term":[{"taxonomy":"product_brand","embeddable":true,"href":"https:\/\/roveyayinevi.com.tr\/index.php\/wp-json\/wp\/v2\/product_brand?post=778065"},{"taxonomy":"product_cat","embeddable":true,"href":"https:\/\/roveyayinevi.com.tr\/index.php\/wp-json\/wp\/v2\/product_cat?post=778065"},{"taxonomy":"product_tag","embeddable":true,"href":"https:\/\/roveyayinevi.com.tr\/index.php\/wp-json\/wp\/v2\/product_tag?post=778065"}],"curies":[{"name":"wp","href":"https:\/\/api.w.org\/{rel}","templated":true}]}}