{"id":778062,"date":"2025-10-29T09:46:42","date_gmt":"2025-10-29T06:46:42","guid":{"rendered":"https:\/\/roveyayinevi.com.tr\/index.php\/urun\/dil-ve-isgal\/"},"modified":"2026-04-16T03:10:02","modified_gmt":"2026-04-16T00:10:02","slug":"dil-ve-isgal","status":"publish","type":"product","link":"https:\/\/roveyayinevi.com.tr\/index.php\/urun\/dil-ve-isgal\/","title":{"rendered":"Dil ve \u0130\u015fgal"},"content":{"rendered":"<p>Ben-Yehuda\u2019dan \u00f6nce Yahudilerin \u0130braniceyi konu\u015fma ihtimalleri vard\u0131 ama ondan sonra konu\u015fmaya ba\u015flad\u0131lar. Cecil Roth Ge\u00e7ti\u011fimiz y\u00fczy\u0131l\u0131n ba\u015f\u0131na kadar arkaik bir ibadet ve yaz\u0131 dili konumunda bulunan \u0130branice, Yahudiler aras\u0131nda konu\u015fma ve g\u00fcnl\u00fck ileti\u015fim diline d\u00f6n\u00fc\u015fmesini, Eliezer Ben-Yehuda adl\u0131 Belarus do\u011fumlu bir dilbilimcinin \u00e7abalar\u0131na bor\u00e7ludur. Ben-Yehuda, 1881\u2019de yerle\u015fti\u011fi Kud\u00fcs\u2019te ba\u015flad\u0131\u011f\u0131 \u00e7al\u0131\u015fmalar\u0131n\u0131, 1922\u2019deki \u00f6l\u00fcm\u00fcne kadar yo\u011fun bi\u00e7imde s\u00fcrd\u00fcrm\u00fc\u015f, arkas\u0131nda binlerce makale ve 17 ciltlik dev bir \u0130branice s\u00f6zl\u00fck b\u0131rakm\u0131\u015ft\u0131r. Dil ve \u0130\u015fgal: Eliezer Ben-Yehuda ve Modern \u0130branicenin Do\u011fu\u015fu, bir yandan Ben-Yehuda\u2019n\u0131n hayat hik\u00e2yesine ve \u0130braniceyi yeniden konu\u015fma dili h\u00e2line getirme s\u00fcrecindeki \u00f6nc\u00fc rol\u00fcne odaklan\u0131rken, bir yandan da \u0130branicenin modern hayatta tekrar sahneye \u00e7\u0131kmas\u0131n\u0131n Filistin topraklar\u0131n\u0131n Siyonistler taraf\u0131ndan i\u015fgalinde hayat\u00ee bir etki yapt\u0131\u011f\u0131n\u0131 vurguluyor. Yahudilerin ortak bir konu\u015fma ve ileti\u015fim diline kavu\u015fmas\u0131n\u0131n i\u015fgali sistematik h\u00e2le getirdi\u011fine ve h\u0131zland\u0131rd\u0131\u011f\u0131na i\u015faret eden kitap, \u0130srail\u2019in kurulu\u015funa giden s\u00fcrecin k\u00fclt\u00fcrel ve duygusal altyap\u0131s\u0131n\u0131n nas\u0131l haz\u0131rland\u0131\u011f\u0131n\u0131 g\u00f6zler \u00f6n\u00fcne seriyor. Dil ve \u0130\u015fgal: Eliezer Ben-Yehuda ve Modern \u0130branicenin Do\u011fu\u015fu, g\u00fcn\u00fcm\u00fczde \u0130sl\u00e2m d\u00fcnyas\u0131n\u0131 adeta kilitleyen Filistin meselesinin \u00e7\u00f6z\u00fcm\u00fc i\u00e7in nas\u0131l bir ciddiyetle ve disiplinle \u00e7al\u0131\u015f\u0131lmas\u0131 gerekti\u011fini g\u00f6steren rehber bir metin.<\/p>\n","protected":false},"excerpt":{"rendered":"<p>Ben-Yehuda\u2019dan \u00f6nce Yahudilerin \u0130braniceyi konu\u015fma ihtimalleri vard\u0131 ama ondan sonra konu\u015fmaya ba\u015flad\u0131lar. Cecil Roth Ge\u00e7ti\u011fimiz y\u00fczy\u0131l\u0131n ba\u015f\u0131na kadar arkaik bir ibadet ve yaz\u0131 dili konumunda bulunan<span class=\"excerpt-hellip\"> [\u2026]<\/span><\/p>\n","protected":false},"featured_media":0,"template":"","meta":{"_monsterinsights_skip_tracking":false,"_monsterinsights_sitenote_active":false,"_monsterinsights_sitenote_note":"","_monsterinsights_sitenote_category":0},"product_brand":[],"product_cat":[12304],"product_tag":[],"class_list":{"0":"post-778062","1":"product","2":"type-product","3":"status-publish","5":"product_cat-tarih","6":"pa_cilt-ciltsiz","7":"pa_tur-kitap","8":"pa_yayinevi-ketebe-yayinlari","9":"pa_yazar-taha-kilinc","11":"first","12":"instock","13":"sale","14":"shipping-taxable","15":"purchasable","16":"product-type-simple"},"_links":{"self":[{"href":"https:\/\/roveyayinevi.com.tr\/index.php\/wp-json\/wp\/v2\/product\/778062","targetHints":{"allow":["GET"]}}],"collection":[{"href":"https:\/\/roveyayinevi.com.tr\/index.php\/wp-json\/wp\/v2\/product"}],"about":[{"href":"https:\/\/roveyayinevi.com.tr\/index.php\/wp-json\/wp\/v2\/types\/product"}],"wp:attachment":[{"href":"https:\/\/roveyayinevi.com.tr\/index.php\/wp-json\/wp\/v2\/media?parent=778062"}],"wp:term":[{"taxonomy":"product_brand","embeddable":true,"href":"https:\/\/roveyayinevi.com.tr\/index.php\/wp-json\/wp\/v2\/product_brand?post=778062"},{"taxonomy":"product_cat","embeddable":true,"href":"https:\/\/roveyayinevi.com.tr\/index.php\/wp-json\/wp\/v2\/product_cat?post=778062"},{"taxonomy":"product_tag","embeddable":true,"href":"https:\/\/roveyayinevi.com.tr\/index.php\/wp-json\/wp\/v2\/product_tag?post=778062"}],"curies":[{"name":"wp","href":"https:\/\/api.w.org\/{rel}","templated":true}]}}