{"id":778059,"date":"2025-10-29T07:31:17","date_gmt":"2025-10-29T04:31:17","guid":{"rendered":"https:\/\/roveyayinevi.com.tr\/index.php\/urun\/beyin-kulubu-zeka-bulmacalari\/"},"modified":"2025-11-11T07:33:04","modified_gmt":"2025-11-11T04:33:04","slug":"beyin-kulubu-zeka-bulmacalari","status":"publish","type":"product","link":"https:\/\/roveyayinevi.com.tr\/index.php\/urun\/beyin-kulubu-zeka-bulmacalari\/","title":{"rendered":"Beyin Kul\u00fcb\u00fc Zeka Bulmacalar\u0131"},"content":{"rendered":"<p>\u015eapkan\u0131 \u00f6n\u00fcne koy ve d\u00fc\u015f\u00fcn! \u00c7\u0131lg\u0131n sorular ve etkinliklerle beynini \u00e7al\u0131\u015ft\u0131rmaya haz\u0131r m\u0131s\u0131n? Bu kitaptaki mant\u0131k bulmacalar\u0131 ve \u015fifre k\u0131r\u0131c\u0131lar akl\u0131n\u0131 ba\u015f\u0131ndan alacak! <\/p>\n","protected":false},"excerpt":{"rendered":"<p>\u015eapkan\u0131 \u00f6n\u00fcne koy ve d\u00fc\u015f\u00fcn! \u00c7\u0131lg\u0131n sorular ve etkinliklerle beynini \u00e7al\u0131\u015ft\u0131rmaya haz\u0131r m\u0131s\u0131n? Bu kitaptaki mant\u0131k bulmacalar\u0131 ve \u015fifre k\u0131r\u0131c\u0131lar akl\u0131n\u0131 ba\u015f\u0131ndan alacak!<\/p>\n","protected":false},"featured_media":0,"template":"","meta":{"_monsterinsights_skip_tracking":false,"_monsterinsights_sitenote_active":false,"_monsterinsights_sitenote_note":"","_monsterinsights_sitenote_category":0},"product_brand":[],"product_cat":[12492,12274],"product_tag":[],"class_list":{"0":"post-778059","1":"product","2":"type-product","3":"status-publish","5":"product_cat-bilmece-bulmaca","6":"product_cat-cocuk-ve-genclik-kitaplari","7":"pa_cilt-ciltsiz","8":"pa_tur-kitap","9":"pa_yayinevi-dogan-cocuk","10":"pa_yazar-dogan-cocuk-kolektif","12":"first","13":"instock","14":"sale","15":"shipping-taxable","16":"purchasable","17":"product-type-simple"},"_links":{"self":[{"href":"https:\/\/roveyayinevi.com.tr\/index.php\/wp-json\/wp\/v2\/product\/778059","targetHints":{"allow":["GET"]}}],"collection":[{"href":"https:\/\/roveyayinevi.com.tr\/index.php\/wp-json\/wp\/v2\/product"}],"about":[{"href":"https:\/\/roveyayinevi.com.tr\/index.php\/wp-json\/wp\/v2\/types\/product"}],"wp:attachment":[{"href":"https:\/\/roveyayinevi.com.tr\/index.php\/wp-json\/wp\/v2\/media?parent=778059"}],"wp:term":[{"taxonomy":"product_brand","embeddable":true,"href":"https:\/\/roveyayinevi.com.tr\/index.php\/wp-json\/wp\/v2\/product_brand?post=778059"},{"taxonomy":"product_cat","embeddable":true,"href":"https:\/\/roveyayinevi.com.tr\/index.php\/wp-json\/wp\/v2\/product_cat?post=778059"},{"taxonomy":"product_tag","embeddable":true,"href":"https:\/\/roveyayinevi.com.tr\/index.php\/wp-json\/wp\/v2\/product_tag?post=778059"}],"curies":[{"name":"wp","href":"https:\/\/api.w.org\/{rel}","templated":true}]}}