{"id":778058,"date":"2025-10-29T06:20:57","date_gmt":"2025-10-29T03:20:57","guid":{"rendered":"https:\/\/roveyayinevi.com.tr\/index.php\/urun\/diktatorluk-sendromu\/"},"modified":"2026-04-03T02:42:57","modified_gmt":"2026-04-02T23:42:57","slug":"diktatorluk-sendromu","status":"publish","type":"product","link":"https:\/\/roveyayinevi.com.tr\/index.php\/urun\/diktatorluk-sendromu\/","title":{"rendered":"Diktat\u00f6rl\u00fck Sendromu"},"content":{"rendered":"<p>Milyarlarca ki\u015fi \u00f6zg\u00fcrl\u00fcklerin ihlal edildi\u011fi; insan haklar\u0131n\u0131n \u00e7i\u011fnendi\u011fi; tutuklama, i\u015fkence, yarg\u0131s\u0131z infaz, yolsuzluk, iktisadi verimsizlik, fakirlik, cehalet, bula\u015f\u0131c\u0131 hastal\u0131k ve toplumsal adaletsizli\u011fin kol gezdi\u011fi otoriter rejimlerde ya\u015f\u0131yor. Diktat\u00f6rl\u00fck insanl\u0131\u011fa tehdit olu\u015fturan ve kesinlikle m\u00fccadele edilmesi gereken bir hastal\u0131kt\u0131r. Bir hastal\u0131\u011f\u0131n tedavisinde ilk ad\u0131m nedenlerin, ortaya \u00e7\u0131k\u0131\u015f ko\u015fulla r\u0131n\u0131n, semptomlar\u0131n ve hem halklarda hem de diktat\u00f6r\u00fcn kendisinde meydana gelen komplikasyonlar\u0131n ara\u015ft\u0131r\u0131lmas\u0131d\u0131r. Bu kitapta bunu yapmaya \u00e7al\u0131\u015faca\u011f\u0131z. Epey bir s\u00fcredir \u00fclkeler liderleriyle, liderlerinin siyasi tercihleriyle ve \u00f6n\u00fcne -izm gelen ideolojilerle an\u0131l\u0131yor ve anla\u015f\u0131lmaya \u00e7al\u0131\u015f\u0131yorlar. Bu, asl\u0131nda toplumsal olu\u015fumlar\u0131n liderlere indirgenebildi\u011fi ve diktat\u00f6rl\u00fc\u011fe meyyal bir siyasi kompozisyona da i\u015faret ediyor. Uzun y\u0131llara yay\u0131lan demokratik m\u00fccadeleler sonucu olu\u015fmu\u015f kurumlar ve gelenekler liderler taraf\u0131ndan a\u015f\u0131nd\u0131r\u0131l\u0131yor ve gereksizle\u015ftiriliyor. \u00dclkemizde Yakupyan Apartman\u0131 roman\u0131yla bilinen el-Asvani, Diktat\u00f6rl\u00fck Sendromu adl\u0131 bu kitab\u0131nda liderlerin y\u00fckseli\u015finin \u015fekillendirdi\u011fi siyasi ortamda, diktat\u00f6rl\u00fc\u011fe evrilme potansiyelinin nedenlerini ve sonu\u00e7lar\u0131n\u0131 irdeliyor, toplumlar\u0131n bu liderlere kar\u015f\u0131 nas\u0131l \u201cba\u011f\u0131\u015f\u0131kl\u0131k\u201d kazanabilece\u011finin tahliline giri\u015fiyor. <\/p>\n","protected":false},"excerpt":{"rendered":"<p>Milyarlarca ki\u015fi \u00f6zg\u00fcrl\u00fcklerin ihlal edildi\u011fi; insan haklar\u0131n\u0131n \u00e7i\u011fnendi\u011fi; tutuklama, i\u015fkence, yarg\u0131s\u0131z infaz, yolsuzluk, iktisadi verimsizlik, fakirlik, cehalet, bula\u015f\u0131c\u0131 hastal\u0131k ve toplumsal adaletsizli\u011fin kol gezdi\u011fi otoriter rejimlerde<span class=\"excerpt-hellip\"> [\u2026]<\/span><\/p>\n","protected":false},"featured_media":0,"template":"","meta":{"_monsterinsights_skip_tracking":false,"_monsterinsights_sitenote_active":false,"_monsterinsights_sitenote_note":"","_monsterinsights_sitenote_category":0},"product_brand":[],"product_cat":[14787,13488],"product_tag":[],"class_list":{"0":"post-778058","1":"product","2":"type-product","3":"status-publish","5":"product_cat-diger-toplum-ve-insan","6":"product_cat-toplum-ve-insan","7":"pa_cilt-ciltsiz","8":"pa_tur-kitap","9":"pa_yayinevi-iletisim-yayinlari","10":"pa_yazar-ala-el-asvani","12":"first","13":"instock","14":"sale","15":"shipping-taxable","16":"purchasable","17":"product-type-simple"},"_links":{"self":[{"href":"https:\/\/roveyayinevi.com.tr\/index.php\/wp-json\/wp\/v2\/product\/778058","targetHints":{"allow":["GET"]}}],"collection":[{"href":"https:\/\/roveyayinevi.com.tr\/index.php\/wp-json\/wp\/v2\/product"}],"about":[{"href":"https:\/\/roveyayinevi.com.tr\/index.php\/wp-json\/wp\/v2\/types\/product"}],"wp:attachment":[{"href":"https:\/\/roveyayinevi.com.tr\/index.php\/wp-json\/wp\/v2\/media?parent=778058"}],"wp:term":[{"taxonomy":"product_brand","embeddable":true,"href":"https:\/\/roveyayinevi.com.tr\/index.php\/wp-json\/wp\/v2\/product_brand?post=778058"},{"taxonomy":"product_cat","embeddable":true,"href":"https:\/\/roveyayinevi.com.tr\/index.php\/wp-json\/wp\/v2\/product_cat?post=778058"},{"taxonomy":"product_tag","embeddable":true,"href":"https:\/\/roveyayinevi.com.tr\/index.php\/wp-json\/wp\/v2\/product_tag?post=778058"}],"curies":[{"name":"wp","href":"https:\/\/api.w.org\/{rel}","templated":true}]}}