{"id":778054,"date":"2025-10-29T04:29:12","date_gmt":"2025-10-29T01:29:12","guid":{"rendered":"https:\/\/roveyayinevi.com.tr\/index.php\/urun\/elveda-bay-muffin-ciltli\/"},"modified":"2026-04-16T02:20:31","modified_gmt":"2026-04-15T23:20:31","slug":"elveda-bay-muffin-ciltli","status":"publish","type":"product","link":"https:\/\/roveyayinevi.com.tr\/index.php\/urun\/elveda-bay-muffin-ciltli\/","title":{"rendered":"Elveda Bay Muffin (Ciltli)"},"content":{"rendered":"<p>Bay Muffin, t\u00fcylerine ak d\u00fc\u015fm\u00fc\u015f, yorgun bir kobayd\u0131r art\u0131k. Mavi, kartondan evinde hayat\u0131n\u0131 g\u00f6zden ge\u00e7irir. Pek \u00e7oklar\u0131ndan daha iyi bir hayat\u0131 olmu\u015ftur; mutlu yuvas\u0131, \u00e7ok sevdi\u011fi e\u015fi, \u00e7ocuklar\u0131&#8230; Bay Muffin \u00e7ok ge\u00e7meden hayata sessiz sedas\u0131z veda eder. Ama sevenleri onu unutmayacakt\u0131r. \u0130sve\u00e7\u2019in prestijli August \u00d6d\u00fcl\u00fc\u2019ne de\u011fer g\u00f6r\u00fclen Elveda Bay Muffin, \u00e7ok sevilen bir evcil hayvan\u0131 kaybetmek \u00fczerine bilgelik dolu, dokunakl\u0131 bir hik\u00e2ye. <\/p>\n","protected":false},"excerpt":{"rendered":"<p>Bay Muffin, t\u00fcylerine ak d\u00fc\u015fm\u00fc\u015f, yorgun bir kobayd\u0131r art\u0131k. Mavi, kartondan evinde hayat\u0131n\u0131 g\u00f6zden ge\u00e7irir. Pek \u00e7oklar\u0131ndan daha iyi bir hayat\u0131 olmu\u015ftur; mutlu yuvas\u0131, \u00e7ok sevdi\u011fi<span class=\"excerpt-hellip\"> [\u2026]<\/span><\/p>\n","protected":false},"featured_media":0,"template":"","meta":{"_monsterinsights_skip_tracking":false,"_monsterinsights_sitenote_active":false,"_monsterinsights_sitenote_note":"","_monsterinsights_sitenote_category":0},"product_brand":[],"product_cat":[12274,12284],"product_tag":[],"class_list":{"0":"post-778054","1":"product","2":"type-product","3":"status-publish","5":"product_cat-cocuk-ve-genclik-kitaplari","6":"product_cat-hikayeler","7":"pa_cilt-ciltli","8":"pa_tur-kitap","9":"pa_yayinevi-can-cocuk-yayinlari","10":"pa_yazar-ulf-nilsson-anna-clara-tidholm","12":"first","13":"instock","14":"sale","15":"shipping-taxable","16":"purchasable","17":"product-type-simple"},"_links":{"self":[{"href":"https:\/\/roveyayinevi.com.tr\/index.php\/wp-json\/wp\/v2\/product\/778054","targetHints":{"allow":["GET"]}}],"collection":[{"href":"https:\/\/roveyayinevi.com.tr\/index.php\/wp-json\/wp\/v2\/product"}],"about":[{"href":"https:\/\/roveyayinevi.com.tr\/index.php\/wp-json\/wp\/v2\/types\/product"}],"wp:attachment":[{"href":"https:\/\/roveyayinevi.com.tr\/index.php\/wp-json\/wp\/v2\/media?parent=778054"}],"wp:term":[{"taxonomy":"product_brand","embeddable":true,"href":"https:\/\/roveyayinevi.com.tr\/index.php\/wp-json\/wp\/v2\/product_brand?post=778054"},{"taxonomy":"product_cat","embeddable":true,"href":"https:\/\/roveyayinevi.com.tr\/index.php\/wp-json\/wp\/v2\/product_cat?post=778054"},{"taxonomy":"product_tag","embeddable":true,"href":"https:\/\/roveyayinevi.com.tr\/index.php\/wp-json\/wp\/v2\/product_tag?post=778054"}],"curies":[{"name":"wp","href":"https:\/\/api.w.org\/{rel}","templated":true}]}}