{"id":778053,"date":"2025-10-29T03:45:00","date_gmt":"2025-10-29T00:45:00","guid":{"rendered":"https:\/\/roveyayinevi.com.tr\/index.php\/urun\/bir-demet-gul\/"},"modified":"2026-04-16T02:14:01","modified_gmt":"2026-04-15T23:14:01","slug":"bir-demet-gul","status":"publish","type":"product","link":"https:\/\/roveyayinevi.com.tr\/index.php\/urun\/bir-demet-gul\/","title":{"rendered":"Bir Demet G\u00fcl"},"content":{"rendered":"<p>Art\u0131k sustum ve akmakta olan \u0131rma\u011f\u0131na b\u0131rakt\u0131m kendimi,\u00c7\u00fcnk\u00fc senin \u0131rma\u011f\u0131ndan al\u0131r ak\u0131c\u0131l\u0131\u011f\u0131 ter \u00fc taze \u015fiirim benim <\/p>\n","protected":false},"excerpt":{"rendered":"<p>Art\u0131k sustum ve akmakta olan \u0131rma\u011f\u0131na b\u0131rakt\u0131m kendimi,\u00c7\u00fcnk\u00fc senin \u0131rma\u011f\u0131ndan al\u0131r ak\u0131c\u0131l\u0131\u011f\u0131 ter \u00fc taze \u015fiirim benim<\/p>\n","protected":false},"featured_media":0,"template":"","meta":{"_monsterinsights_skip_tracking":false,"_monsterinsights_sitenote_active":false,"_monsterinsights_sitenote_note":"","_monsterinsights_sitenote_category":0},"product_brand":[],"product_cat":[12291,12509],"product_tag":[],"class_list":{"0":"post-778053","1":"product","2":"type-product","3":"status-publish","5":"product_cat-edebiyat","6":"product_cat-siir","7":"pa_cilt-ciltsiz","8":"pa_tur-kitap","9":"pa_yayinevi-ayrinti-yayinlari","10":"pa_yazar-mevlana","12":"first","13":"instock","14":"sale","15":"shipping-taxable","16":"purchasable","17":"product-type-simple"},"_links":{"self":[{"href":"https:\/\/roveyayinevi.com.tr\/index.php\/wp-json\/wp\/v2\/product\/778053","targetHints":{"allow":["GET"]}}],"collection":[{"href":"https:\/\/roveyayinevi.com.tr\/index.php\/wp-json\/wp\/v2\/product"}],"about":[{"href":"https:\/\/roveyayinevi.com.tr\/index.php\/wp-json\/wp\/v2\/types\/product"}],"wp:attachment":[{"href":"https:\/\/roveyayinevi.com.tr\/index.php\/wp-json\/wp\/v2\/media?parent=778053"}],"wp:term":[{"taxonomy":"product_brand","embeddable":true,"href":"https:\/\/roveyayinevi.com.tr\/index.php\/wp-json\/wp\/v2\/product_brand?post=778053"},{"taxonomy":"product_cat","embeddable":true,"href":"https:\/\/roveyayinevi.com.tr\/index.php\/wp-json\/wp\/v2\/product_cat?post=778053"},{"taxonomy":"product_tag","embeddable":true,"href":"https:\/\/roveyayinevi.com.tr\/index.php\/wp-json\/wp\/v2\/product_tag?post=778053"}],"curies":[{"name":"wp","href":"https:\/\/api.w.org\/{rel}","templated":true}]}}