{"id":778052,"date":"2025-10-29T03:01:52","date_gmt":"2025-10-29T00:01:52","guid":{"rendered":"https:\/\/roveyayinevi.com.tr\/index.php\/urun\/6-sapkali-dusunme-teknigi\/"},"modified":"2026-04-16T02:08:17","modified_gmt":"2026-04-15T23:08:17","slug":"6-sapkali-dusunme-teknigi","status":"publish","type":"product","link":"https:\/\/roveyayinevi.com.tr\/index.php\/urun\/6-sapkali-dusunme-teknigi\/","title":{"rendered":"6 \u015eapkal\u0131 D\u00fc\u015f\u00fcnme Tekni\u011fi"},"content":{"rendered":"<p>D\u00fc\u015f\u00fcnme Yetene\u011fi \u0130nsan\u0131n Sahip Oldu\u011fu En \u00d6nemli Kaynakt\u0131r.\u2019  Yine de \u00e7o\u011fu insan, d\u00fc\u015f\u00fcnme konusunda ba\u015far\u0131l\u0131 oldu\u011funa o kadar emindir ki, sahip oldu\u011fu bu kayna\u011f\u0131 zenginle\u015ftirmek i\u00e7in hi\u00e7bir \u00e7aba g\u00f6stermez.   D\u00fc\u015f\u00fcnmenin \u00f6\u011fretilmesi konusunda d\u00fcnya \u00e7ap\u0131nda bir \u00fcne sahip bulunan, fikirleriyle bir\u00e7ok h\u00fck\u00fcmeti ve b\u00fcy\u00fck \u015firketi y\u00f6nlendirmi\u015f olan Edward de Bono, bu kitab\u0131nda her sorunun kolayl\u0131kla \u00fcstesinden gelmenizi sa\u011flayacak bir y\u00f6ntemi ortaya koyuyor: Alt\u0131 \u015eapkal\u0131 D\u00fc\u015f\u00fcnme Tekni\u011fi. Bu y\u00f6ntemle d\u00fc\u015f\u00fcncelerinizi bir orkestra \u015fefi gibi y\u00f6netebilecek, sonu gelmeyen tart\u0131\u015fmalarda kaybolmak yerine, yarat\u0131c\u0131 ve yap\u0131c\u0131 sonu\u00e7lar elde edebileceksiniz.<\/p>\n","protected":false},"excerpt":{"rendered":"<p>D\u00fc\u015f\u00fcnme Yetene\u011fi \u0130nsan\u0131n Sahip Oldu\u011fu En \u00d6nemli Kaynakt\u0131r.\u2019 Yine de \u00e7o\u011fu insan, d\u00fc\u015f\u00fcnme konusunda ba\u015far\u0131l\u0131 oldu\u011funa o kadar emindir ki, sahip oldu\u011fu bu kayna\u011f\u0131 zenginle\u015ftirmek i\u00e7in<span class=\"excerpt-hellip\"> [\u2026]<\/span><\/p>\n","protected":false},"featured_media":0,"template":"","meta":{"_monsterinsights_skip_tracking":false,"_monsterinsights_sitenote_active":false,"_monsterinsights_sitenote_note":"","_monsterinsights_sitenote_category":0},"product_brand":[],"product_cat":[12364,12376],"product_tag":[],"class_list":{"0":"post-778052","1":"product","2":"type-product","3":"status-publish","5":"product_cat-genel-konular","6":"product_cat-kisisel-gelisim","7":"pa_cilt-ciltsiz","8":"pa_tur-kitap","9":"pa_yayinevi-remzi-kitabevi","10":"pa_yazar-edward-de-bono","12":"first","13":"instock","14":"sale","15":"shipping-taxable","16":"purchasable","17":"product-type-simple"},"_links":{"self":[{"href":"https:\/\/roveyayinevi.com.tr\/index.php\/wp-json\/wp\/v2\/product\/778052","targetHints":{"allow":["GET"]}}],"collection":[{"href":"https:\/\/roveyayinevi.com.tr\/index.php\/wp-json\/wp\/v2\/product"}],"about":[{"href":"https:\/\/roveyayinevi.com.tr\/index.php\/wp-json\/wp\/v2\/types\/product"}],"wp:attachment":[{"href":"https:\/\/roveyayinevi.com.tr\/index.php\/wp-json\/wp\/v2\/media?parent=778052"}],"wp:term":[{"taxonomy":"product_brand","embeddable":true,"href":"https:\/\/roveyayinevi.com.tr\/index.php\/wp-json\/wp\/v2\/product_brand?post=778052"},{"taxonomy":"product_cat","embeddable":true,"href":"https:\/\/roveyayinevi.com.tr\/index.php\/wp-json\/wp\/v2\/product_cat?post=778052"},{"taxonomy":"product_tag","embeddable":true,"href":"https:\/\/roveyayinevi.com.tr\/index.php\/wp-json\/wp\/v2\/product_tag?post=778052"}],"curies":[{"name":"wp","href":"https:\/\/api.w.org\/{rel}","templated":true}]}}