{"id":778049,"date":"2025-10-29T02:00:27","date_gmt":"2025-10-28T23:00:27","guid":{"rendered":"https:\/\/roveyayinevi.com.tr\/index.php\/urun\/aziz-istanbul\/"},"modified":"2026-04-16T01:58:38","modified_gmt":"2026-04-15T22:58:38","slug":"aziz-istanbul","status":"publish","type":"product","link":"https:\/\/roveyayinevi.com.tr\/index.php\/urun\/aziz-istanbul\/","title":{"rendered":"Aziz \u0130stanbul"},"content":{"rendered":"<p>\u201cFetihten sonra \u0130stanbul&#8217;a yerle\u015fmi\u015f olan halk\u0131n iklimle bu imtizac\u0131n\u0131 kaydettikten sonra, yeni ba\u015ftan kurmu\u015f oldu\u011fu bu \u015fehirde yaratm\u0131\u015f oldu\u011fu g\u00fczelliklerin en y\u00fcksek bir k\u0131ratta oldu\u011funu s\u00f6ylemek l\u00e2z\u0131md\u0131r. XIX. as\u0131rda, romantizm cereyan\u0131ndan sonra, insanlar\u0131n g\u00f6zleri tabiat\u0131 g\u00f6rmek i\u00e7in a\u00e7\u0131ld\u0131\u011f\u0131 vakit, \u0130stanbul, b\u00fct\u00fcn \u015fehirler aras\u0131nda birinci derecede g\u00f6r\u00fcnd\u00fc ve Avrupa&#8217;n\u0131n en y\u00fcksek \u015fairlerinin g\u00f6zlerini kama\u015ft\u0131rd\u0131 ve en g\u00fczide ruhlu seyyahlar\u0131n\u0131n muhayyilesine yerle\u015fti. Farz-\u0131 muh\u00e2l olarak T\u00fcrkl\u00fc\u011f\u00fcn, yery\u00fcz\u00fcnde g\u00fczellik nam\u0131na ba\u015fka bir eseri olmasayd\u0131, yaln\u0131z bu \u015fehir onun nas\u0131l yarat\u0131c\u0131 bir kudrette oldu\u011funu ispat etmeye kifayet ederdi.\u201d Yahya Kemal Yahya Kemal, kelimenin en sahih ve geni\u015f m\u00e2n\u00e2s\u0131yla bir &#8220;\u0130stanbul \u015eairi\u201ddir. Ama O, ayn\u0131 zamanda, ayn\u0131 mikyasta bir &#8220;\u0130stanbul Yazar\u0131\u201dd\u0131r da. \u00c7\u00fcnk\u00fc Paris&#8217;ten d\u00f6nd\u00fckten sonra en hakik\u00ee \u00e7ehresiyle g\u00f6rd\u00fc\u011f\u00fc, kavrad\u0131\u011f\u0131, hayran\u0131 ve \u00e2\u015f\u0131\u011f\u0131 oldu\u011fu; T\u00fcrkl\u00fc\u011f\u00fcn en g\u00fczel \u015fekilde aksetti\u011fi bir ayna olarak kabul etti\u011fi \u0130stanbul&#8217;u daima gezmi\u015f, okumu\u015f, &#8220;duymu\u015f&#8221;, anlatm\u0131\u015f ve yazm\u0131\u015ft\u0131. \u0130stanbul elbette as\u0131rlarca, \u00e7e\u015fitli \u015fairler, yazarlar, seyyahlar taraf\u0131ndan anlat\u0131lm\u0131\u015f, \u00f6v\u00fclm\u00fc\u015f bir \u015fehirdi fakat bu \u015fehri, bir medeniyetin, bir zevkin, kolektif bir duyu\u015fun tecelli etti\u011fi bir zek\u00e2, estetik ve zarafet merkezi olarak ilk kez g\u00f6ren ve g\u00f6steren Yahya Kemal olmu\u015ftu. Aziz \u0130stanbul, Yahya Kemal&#8217;in \u00e7o\u011fu sa\u011fl\u0131\u011f\u0131nda matbuatta yay\u0131mlad\u0131\u011f\u0131 makalelerinden, sohbetlerinden ve konferans metinlerinden olu\u015fuyor.<\/p>\n","protected":false},"excerpt":{"rendered":"<p>\u201cFetihten sonra \u0130stanbul&#8217;a yerle\u015fmi\u015f olan halk\u0131n iklimle bu imtizac\u0131n\u0131 kaydettikten sonra, yeni ba\u015ftan kurmu\u015f oldu\u011fu bu \u015fehirde yaratm\u0131\u015f oldu\u011fu g\u00fczelliklerin en y\u00fcksek bir k\u0131ratta oldu\u011funu s\u00f6ylemek<span class=\"excerpt-hellip\"> [\u2026]<\/span><\/p>\n","protected":false},"featured_media":0,"template":"","meta":{"_monsterinsights_skip_tracking":false,"_monsterinsights_sitenote_active":false,"_monsterinsights_sitenote_note":"","_monsterinsights_sitenote_category":0},"product_brand":[],"product_cat":[13054,20153],"product_tag":[],"class_list":{"0":"post-778049","1":"product","2":"type-product","3":"status-publish","5":"product_cat-gezi-ve-rehber-kitaplari","6":"product_cat-istanbul-rehberi","7":"pa_cilt-ciltsiz","8":"pa_tur-kitap","9":"pa_yayinevi-fetih-cemiyeti-yayinlari","10":"pa_yazar-yahya-kemal-beyatli","12":"first","13":"instock","14":"sale","15":"shipping-taxable","16":"purchasable","17":"product-type-simple"},"_links":{"self":[{"href":"https:\/\/roveyayinevi.com.tr\/index.php\/wp-json\/wp\/v2\/product\/778049","targetHints":{"allow":["GET"]}}],"collection":[{"href":"https:\/\/roveyayinevi.com.tr\/index.php\/wp-json\/wp\/v2\/product"}],"about":[{"href":"https:\/\/roveyayinevi.com.tr\/index.php\/wp-json\/wp\/v2\/types\/product"}],"wp:attachment":[{"href":"https:\/\/roveyayinevi.com.tr\/index.php\/wp-json\/wp\/v2\/media?parent=778049"}],"wp:term":[{"taxonomy":"product_brand","embeddable":true,"href":"https:\/\/roveyayinevi.com.tr\/index.php\/wp-json\/wp\/v2\/product_brand?post=778049"},{"taxonomy":"product_cat","embeddable":true,"href":"https:\/\/roveyayinevi.com.tr\/index.php\/wp-json\/wp\/v2\/product_cat?post=778049"},{"taxonomy":"product_tag","embeddable":true,"href":"https:\/\/roveyayinevi.com.tr\/index.php\/wp-json\/wp\/v2\/product_tag?post=778049"}],"curies":[{"name":"wp","href":"https:\/\/api.w.org\/{rel}","templated":true}]}}