{"id":778048,"date":"2025-10-28T20:18:29","date_gmt":"2025-10-28T17:18:29","guid":{"rendered":"https:\/\/roveyayinevi.com.tr\/index.php\/urun\/hamlet-ciltli-2\/"},"modified":"2026-04-15T03:43:43","modified_gmt":"2026-04-15T00:43:43","slug":"hamlet-ciltli-2","status":"publish","type":"product","link":"https:\/\/roveyayinevi.com.tr\/index.php\/urun\/hamlet-ciltli-2\/","title":{"rendered":"Hamlet (Ciltli)"},"content":{"rendered":"<p>Danimarka saray\u0131n\u0131n so\u011fuk duvarlar\u0131na yas ve d\u00fc\u011f\u00fcn sisi h\u00e2kimdir. Kral ani bir \u015fekilde \u00f6lm\u00fc\u015f, krali\u00e7e ise k\u0131sa s\u00fcre sonra kocas\u0131n\u0131n karde\u015fi Claudius\u2019la evlenmi\u015ftir. Prens Hamlet, bu ani ve \u015f\u00fcpheli geli\u015fmeler kar\u015f\u0131s\u0131nda b\u00fcy\u00fck bir keder ve \u00f6fke i\u00e7indedir. \u0130hanet, intikam, delilik ve ahlaki \u00e7\u00f6k\u00fc\u015f\u00fcn g\u00f6lgesinde \u015fekillenen bir hik\u00e2yeyi sahneye ta\u015f\u0131yan &#8220;Hamlet&#8221;, sadece bir prensin de\u011fil insanl\u0131\u011f\u0131n da en derin varolu\u015f sorgusu. William Shakespeare\u2019in y\u00fczy\u0131llard\u0131r tart\u0131\u015f\u0131lan ve sahnelenen bu eseri, \u015fimdi \u00f6zel bask\u0131s\u0131yla hep kitap\u2019ta.<\/p>\n","protected":false},"excerpt":{"rendered":"<p>Danimarka saray\u0131n\u0131n so\u011fuk duvarlar\u0131na yas ve d\u00fc\u011f\u00fcn sisi h\u00e2kimdir. Kral ani bir \u015fekilde \u00f6lm\u00fc\u015f, krali\u00e7e ise k\u0131sa s\u00fcre sonra kocas\u0131n\u0131n karde\u015fi Claudius\u2019la evlenmi\u015ftir. Prens Hamlet, bu<span class=\"excerpt-hellip\"> [\u2026]<\/span><\/p>\n","protected":false},"featured_media":0,"template":"","meta":{"_monsterinsights_skip_tracking":false,"_monsterinsights_sitenote_active":false,"_monsterinsights_sitenote_note":"","_monsterinsights_sitenote_category":0},"product_brand":[],"product_cat":[12291,15566],"product_tag":[],"class_list":{"0":"post-778048","1":"product","2":"type-product","3":"status-publish","5":"product_cat-edebiyat","6":"product_cat-oyun","7":"pa_cilt-ciltli","8":"pa_tur-kitap","9":"pa_yayinevi-hep-kitap","10":"pa_yazar-william-shakespeare","12":"first","13":"instock","14":"sale","15":"shipping-taxable","16":"purchasable","17":"product-type-simple"},"_links":{"self":[{"href":"https:\/\/roveyayinevi.com.tr\/index.php\/wp-json\/wp\/v2\/product\/778048","targetHints":{"allow":["GET"]}}],"collection":[{"href":"https:\/\/roveyayinevi.com.tr\/index.php\/wp-json\/wp\/v2\/product"}],"about":[{"href":"https:\/\/roveyayinevi.com.tr\/index.php\/wp-json\/wp\/v2\/types\/product"}],"wp:attachment":[{"href":"https:\/\/roveyayinevi.com.tr\/index.php\/wp-json\/wp\/v2\/media?parent=778048"}],"wp:term":[{"taxonomy":"product_brand","embeddable":true,"href":"https:\/\/roveyayinevi.com.tr\/index.php\/wp-json\/wp\/v2\/product_brand?post=778048"},{"taxonomy":"product_cat","embeddable":true,"href":"https:\/\/roveyayinevi.com.tr\/index.php\/wp-json\/wp\/v2\/product_cat?post=778048"},{"taxonomy":"product_tag","embeddable":true,"href":"https:\/\/roveyayinevi.com.tr\/index.php\/wp-json\/wp\/v2\/product_tag?post=778048"}],"curies":[{"name":"wp","href":"https:\/\/api.w.org\/{rel}","templated":true}]}}