{"id":778047,"date":"2025-10-28T20:18:28","date_gmt":"2025-10-28T17:18:28","guid":{"rendered":"https:\/\/roveyayinevi.com.tr\/index.php\/urun\/erdemli-davraniyorum-gonuller-kazaniyorum\/"},"modified":"2026-04-15T03:43:43","modified_gmt":"2026-04-15T00:43:43","slug":"erdemli-davraniyorum-gonuller-kazaniyorum","status":"publish","type":"product","link":"https:\/\/roveyayinevi.com.tr\/index.php\/urun\/erdemli-davraniyorum-gonuller-kazaniyorum\/","title":{"rendered":"Erdemli Davran\u0131yorum G\u00f6n\u00fcller Kazan\u0131yorum"},"content":{"rendered":"<p>K\u00fc\u00e7\u00fck kalpleri Cennetler kadar g\u00fczel olan Sevgili \u00c7ocuklar, Merhaba\u2026 \u201cErdemli davran\u0131yorum G\u00f6n\u00fcller kazan\u0131yorum\u201d isimli yeni kitab\u0131m\u0131z ile yine birlikteyiz. Allah\u2019\u0131m\u0131za sonsuz \u015f\u00fck\u00fcrler olsun. Sevgili \u00e7ocuklar, bu eserimde siz sevgili \u00e7ocuklar\u0131n ya\u015f\u0131na g\u00f6re okumalar\u0131n\u0131n ve \u00f6\u011frenmelerinin daha \u00f6ncelenece\u011fi erdem ve ahlak kurallar\u0131n\u0131 yazd\u0131m. Bunu yaparken siz sevgili \u00e7ocuklar\u0131n seviyesine uygun, kolay anla\u015f\u0131l\u0131r ve \u00e7ocuksu bir \u00fcslup kulland\u0131m. Sevece\u011finiz etkinliklerle, \u00f6yk\u00fclerle, \u015fiirlerle, bilmecelerle, bulmacalarla, f\u0131kralarla ve i\u00e7eri\u011findeki de\u011ferler e\u011fitimi ve kazan\u0131mlarla ki\u015fisel geli\u015fiminize katk\u0131lar sundum. Sevgili \u00c7ocuklar, elinizdeki kitab\u0131n\u0131z ile Psiko-sosyal geli\u015fiminize de katk\u0131larda bulundum. Zek\u00e2 geli\u015fiminizi h\u0131zland\u0131racak faaliyetler yapman\u0131za \u00f6nem verdim. B\u00f6ylece derslerinizde \u00e7ok daha ba\u015far\u0131l\u0131 olman\u0131z\u0131 istedim. \u00c7\u00fcnk\u00fc \u201czek\u00e2\u201d kulland\u0131k\u00e7a artan \u015fey anlam\u0131na gelir. Sizler \u00e7\u00f6zd\u00fc\u011f\u00fcn\u00fcz her bir etkinlikte zek\u00e2n\u0131z\u0131 daha \u00e7ok kullanacaks\u0131n\u0131z ve okudu\u011funuz s\u0131n\u0131flar\u0131n birincisi olacaks\u0131n\u0131z.   Haydi \u00f6yleyse, d\u00fcnyan\u0131z ve ahiretiniz cennet olsun diye \u201cBismillah\u201d diyerek kitab\u0131n\u0131z\u0131 okumaya ba\u015flay\u0131n\u0131z. Mutlu okumalar\u2026 <\/p>\n","protected":false},"excerpt":{"rendered":"<p>K\u00fc\u00e7\u00fck kalpleri Cennetler kadar g\u00fczel olan Sevgili \u00c7ocuklar, Merhaba\u2026 \u201cErdemli davran\u0131yorum G\u00f6n\u00fcller kazan\u0131yorum\u201d isimli yeni kitab\u0131m\u0131z ile yine birlikteyiz. Allah\u2019\u0131m\u0131za sonsuz \u015f\u00fck\u00fcrler olsun. Sevgili \u00e7ocuklar, bu<span class=\"excerpt-hellip\"> [\u2026]<\/span><\/p>\n","protected":false},"featured_media":0,"template":"","meta":{"_monsterinsights_skip_tracking":false,"_monsterinsights_sitenote_active":false,"_monsterinsights_sitenote_note":"","_monsterinsights_sitenote_category":0},"product_brand":[],"product_cat":[12718,12719],"product_tag":[],"class_list":{"0":"post-778047","1":"product","2":"type-product","3":"status-publish","5":"product_cat-din","6":"product_cat-islam","7":"pa_cilt-ciltsiz","8":"pa_tur-kitap","9":"pa_yayinevi-zet-yayinlari","10":"pa_yazar-yilmaz-yenidinc","12":"first","13":"instock","14":"sale","15":"shipping-taxable","16":"purchasable","17":"product-type-simple"},"_links":{"self":[{"href":"https:\/\/roveyayinevi.com.tr\/index.php\/wp-json\/wp\/v2\/product\/778047","targetHints":{"allow":["GET"]}}],"collection":[{"href":"https:\/\/roveyayinevi.com.tr\/index.php\/wp-json\/wp\/v2\/product"}],"about":[{"href":"https:\/\/roveyayinevi.com.tr\/index.php\/wp-json\/wp\/v2\/types\/product"}],"wp:attachment":[{"href":"https:\/\/roveyayinevi.com.tr\/index.php\/wp-json\/wp\/v2\/media?parent=778047"}],"wp:term":[{"taxonomy":"product_brand","embeddable":true,"href":"https:\/\/roveyayinevi.com.tr\/index.php\/wp-json\/wp\/v2\/product_brand?post=778047"},{"taxonomy":"product_cat","embeddable":true,"href":"https:\/\/roveyayinevi.com.tr\/index.php\/wp-json\/wp\/v2\/product_cat?post=778047"},{"taxonomy":"product_tag","embeddable":true,"href":"https:\/\/roveyayinevi.com.tr\/index.php\/wp-json\/wp\/v2\/product_tag?post=778047"}],"curies":[{"name":"wp","href":"https:\/\/api.w.org\/{rel}","templated":true}]}}