{"id":778046,"date":"2025-10-28T20:18:26","date_gmt":"2025-10-28T17:18:26","guid":{"rendered":"https:\/\/roveyayinevi.com.tr\/index.php\/urun\/ogrenme-guclugu-ve-davranissal-sorunlarda-butuncul-mudahale-yontemleri\/"},"modified":"2026-04-15T03:43:43","modified_gmt":"2026-04-15T00:43:43","slug":"ogrenme-guclugu-ve-davranissal-sorunlarda-butuncul-mudahale-yontemleri","status":"publish","type":"product","link":"https:\/\/roveyayinevi.com.tr\/index.php\/urun\/ogrenme-guclugu-ve-davranissal-sorunlarda-butuncul-mudahale-yontemleri\/","title":{"rendered":"\u00d6\u011frenme G\u00fc\u00e7l\u00fc\u011f\u00fc ve Davran\u0131\u015fsal Sorunlarda B\u00fct\u00fcnc\u00fcl M\u00fcdahale Y\u00f6ntemleri"},"content":{"rendered":"<p>Kitab\u0131n; \u00e7ocuklar\u0131n d\u00fcnyas\u0131na dokunmas\u0131 ve herkes i\u00e7in bir rehber olmas\u0131 ama\u00e7lanm\u0131\u015ft\u0131r. G\u00fcn\u00fcm\u00fczde \u00e7ok rastlad\u0131\u011f\u0131m\u0131z \u00d6\u00d6G ve DEHB, yakla\u015f\u0131m\u0131n yanl\u0131\u015fl\u0131\u011f\u0131ndan do\u011fan davran\u0131\u015f bozukluklar\u0131na kar\u015f\u0131, fazla ekran s\u00fcrelerinden kaynakl\u0131 sorunlar\u0131n ne oldu\u011funa de\u011finmek ve tedavi i\u00e7in bilimsel a\u00e7\u0131dan b\u00fct\u00fcnsel yakla\u015f\u0131m\u0131n ne kadar \u00f6nemli oldu\u011fu vurgulanmak istenmi\u015ftir. \u0130nsan biyopsikososyol bir varl\u0131kt\u0131r. Sadece akademik boyutu ya da biyolojik boyutuyla ele al\u0131namaz. Her birey biriciktir. Tedavi s\u00fcreci de her bireye \u00f6zg\u00fc b\u00fct\u00fcnsel \u00e7er\u00e7eveyle ele al\u0131nmal\u0131d\u0131r. Biyolojik, psikolojik ve sosyal boyutunu da g\u00f6rmezden gelemeyiz. <\/p>\n","protected":false},"excerpt":{"rendered":"<p>Kitab\u0131n; \u00e7ocuklar\u0131n d\u00fcnyas\u0131na dokunmas\u0131 ve herkes i\u00e7in bir rehber olmas\u0131 ama\u00e7lanm\u0131\u015ft\u0131r. G\u00fcn\u00fcm\u00fczde \u00e7ok rastlad\u0131\u011f\u0131m\u0131z \u00d6\u00d6G ve DEHB, yakla\u015f\u0131m\u0131n yanl\u0131\u015fl\u0131\u011f\u0131ndan do\u011fan davran\u0131\u015f bozukluklar\u0131na kar\u015f\u0131, fazla ekran s\u00fcrelerinden<span class=\"excerpt-hellip\"> [\u2026]<\/span><\/p>\n","protected":false},"featured_media":0,"template":"","meta":{"_monsterinsights_skip_tracking":false,"_monsterinsights_sitenote_active":false,"_monsterinsights_sitenote_note":"","_monsterinsights_sitenote_category":0},"product_brand":[],"product_cat":[25175,12357],"product_tag":[],"class_list":{"0":"post-778046","1":"product","2":"type-product","3":"status-publish","5":"product_cat-egitim-psikolojisi","6":"product_cat-psikoloji","7":"pa_cilt-ciltsiz","8":"pa_tur-kitap","9":"pa_yayinevi-zet-akademi-yayinlari","10":"pa_yazar-nejdet-ozbek","12":"first","13":"instock","14":"sale","15":"shipping-taxable","16":"purchasable","17":"product-type-simple"},"_links":{"self":[{"href":"https:\/\/roveyayinevi.com.tr\/index.php\/wp-json\/wp\/v2\/product\/778046","targetHints":{"allow":["GET"]}}],"collection":[{"href":"https:\/\/roveyayinevi.com.tr\/index.php\/wp-json\/wp\/v2\/product"}],"about":[{"href":"https:\/\/roveyayinevi.com.tr\/index.php\/wp-json\/wp\/v2\/types\/product"}],"wp:attachment":[{"href":"https:\/\/roveyayinevi.com.tr\/index.php\/wp-json\/wp\/v2\/media?parent=778046"}],"wp:term":[{"taxonomy":"product_brand","embeddable":true,"href":"https:\/\/roveyayinevi.com.tr\/index.php\/wp-json\/wp\/v2\/product_brand?post=778046"},{"taxonomy":"product_cat","embeddable":true,"href":"https:\/\/roveyayinevi.com.tr\/index.php\/wp-json\/wp\/v2\/product_cat?post=778046"},{"taxonomy":"product_tag","embeddable":true,"href":"https:\/\/roveyayinevi.com.tr\/index.php\/wp-json\/wp\/v2\/product_tag?post=778046"}],"curies":[{"name":"wp","href":"https:\/\/api.w.org\/{rel}","templated":true}]}}