{"id":778045,"date":"2025-10-28T20:18:23","date_gmt":"2025-10-28T17:18:23","guid":{"rendered":"https:\/\/roveyayinevi.com.tr\/index.php\/urun\/karanligin-son-isigi\/"},"modified":"2026-04-15T03:43:43","modified_gmt":"2026-04-15T00:43:43","slug":"karanligin-son-isigi","status":"publish","type":"product","link":"https:\/\/roveyayinevi.com.tr\/index.php\/urun\/karanligin-son-isigi\/","title":{"rendered":"Karanl\u0131\u011f\u0131n Son I\u015f\u0131\u011f\u0131"},"content":{"rendered":"<p>G\u00f6lgelerin i\u00e7indeki s\u0131r, zincirlerin ard\u0131nda sakl\u0131d\u0131r\u2026 Selena, \u0131\u015f\u0131kla karanl\u0131\u011f\u0131n aras\u0131nda y\u00fcr\u00fcyen bir simyac\u0131. Eski efsanelerin g\u00f6lgesinde, kay\u0131p zincirlerin pe\u015fine d\u00fc\u015ferken hem dostluk hem ihanetle y\u00fczle\u015fmek zorunda kal\u0131r. Buz denizinde ba\u015flayan yolculu\u011fu, zincirlerin son halkas\u0131nda kaderiyle y\u00fczle\u015fti\u011fi bir sava\u015fa d\u00f6n\u00fc\u015f\u00fcr. Maskeli fig\u00fcr\u00fcn karanl\u0131k ordular\u0131 kar\u015f\u0131s\u0131nda yaln\u0131z kalm\u0131\u015fken, Selena\u2019n\u0131n kalbinde tek bir umut vard\u0131r: \u00d6zg\u00fcrl\u00fc\u011f\u00fcn anahtar\u0131. Ama her anahtar, bir bedel ister\u2026 I\u015f\u0131k ve g\u00f6lge, umut ve \u00e7aresizlik, fedak\u00e2rl\u0131k ve kaybolu\u015f\u2026 Selena\u2019n\u0131n hik\u00e2yesi, yaln\u0131zca zincirlerin sonunu de\u011fil, yeni bir ba\u015flang\u0131c\u0131n da kap\u0131s\u0131n\u0131 a\u00e7\u0131yor. \u201cKaranl\u0131\u011f\u0131n Son I\u015f\u0131\u011f\u0131\u201d, destans\u0131 bir yolculu\u011fun hem biti\u015fini hem de daha b\u00fcy\u00fck bir maceran\u0131n do\u011fu\u015funu anlat\u0131yor. <\/p>\n","protected":false},"excerpt":{"rendered":"<p>G\u00f6lgelerin i\u00e7indeki s\u0131r, zincirlerin ard\u0131nda sakl\u0131d\u0131r\u2026 Selena, \u0131\u015f\u0131kla karanl\u0131\u011f\u0131n aras\u0131nda y\u00fcr\u00fcyen bir simyac\u0131. Eski efsanelerin g\u00f6lgesinde, kay\u0131p zincirlerin pe\u015fine d\u00fc\u015ferken hem dostluk hem ihanetle y\u00fczle\u015fmek zorunda<span class=\"excerpt-hellip\"> [\u2026]<\/span><\/p>\n","protected":false},"featured_media":0,"template":"","meta":{"_monsterinsights_skip_tracking":false,"_monsterinsights_sitenote_active":false,"_monsterinsights_sitenote_note":"","_monsterinsights_sitenote_category":0},"product_brand":[],"product_cat":[12291,12711],"product_tag":[],"class_list":{"0":"post-778045","1":"product","2":"type-product","3":"status-publish","5":"product_cat-edebiyat","6":"product_cat-roman-oyku","7":"pa_cilt-ciltsiz","8":"pa_tur-kitap","9":"pa_yayinevi-zet-yayinlari","10":"pa_yazar-umit-sirin","12":"first","13":"instock","14":"sale","15":"shipping-taxable","16":"purchasable","17":"product-type-simple"},"_links":{"self":[{"href":"https:\/\/roveyayinevi.com.tr\/index.php\/wp-json\/wp\/v2\/product\/778045","targetHints":{"allow":["GET"]}}],"collection":[{"href":"https:\/\/roveyayinevi.com.tr\/index.php\/wp-json\/wp\/v2\/product"}],"about":[{"href":"https:\/\/roveyayinevi.com.tr\/index.php\/wp-json\/wp\/v2\/types\/product"}],"wp:attachment":[{"href":"https:\/\/roveyayinevi.com.tr\/index.php\/wp-json\/wp\/v2\/media?parent=778045"}],"wp:term":[{"taxonomy":"product_brand","embeddable":true,"href":"https:\/\/roveyayinevi.com.tr\/index.php\/wp-json\/wp\/v2\/product_brand?post=778045"},{"taxonomy":"product_cat","embeddable":true,"href":"https:\/\/roveyayinevi.com.tr\/index.php\/wp-json\/wp\/v2\/product_cat?post=778045"},{"taxonomy":"product_tag","embeddable":true,"href":"https:\/\/roveyayinevi.com.tr\/index.php\/wp-json\/wp\/v2\/product_tag?post=778045"}],"curies":[{"name":"wp","href":"https:\/\/api.w.org\/{rel}","templated":true}]}}