{"id":778039,"date":"2025-10-28T20:18:08","date_gmt":"2025-10-28T17:18:08","guid":{"rendered":"https:\/\/roveyayinevi.com.tr\/index.php\/urun\/afrikada-bolgesel-guvenlik-ve-teror-boko-haram-iswap-isgs-jnim-aqim-es-sebab\/"},"modified":"2025-11-07T12:04:27","modified_gmt":"2025-11-07T09:04:27","slug":"afrikada-bolgesel-guvenlik-ve-teror-boko-haram-iswap-isgs-jnim-aqim-es-sebab","status":"publish","type":"product","link":"https:\/\/roveyayinevi.com.tr\/index.php\/urun\/afrikada-bolgesel-guvenlik-ve-teror-boko-haram-iswap-isgs-jnim-aqim-es-sebab\/","title":{"rendered":"Afrika&#8217;da B\u00f6lgesel G\u00fcvenlik ve Ter\u00f6r: Boko Haram, ISWAP, ISGS, JNIM, AQIM, E\u015f \u015eebab"},"content":{"rendered":"<p>Yazar\u0131n uzun y\u0131llara dayanan saha \u00e7al\u0131\u015fmalar\u0131 ve Afrika&#8217;daki derin tecr\u00fcbesiyle haz\u0131rlanan bu eser, k\u0131tada faaliyet g\u00f6steren ter\u00f6r \u00f6rg\u00fctlerinin b\u00f6lgesel g\u00fcvenlik \u00fczerindeki etkilerini B\u00f6lgesel G\u00fcvenlik Kompleksi Teorisi \u00e7er\u00e7evesinde incelemektedir. Afrika Boynuzu G\u00fcvenlik Kompleksi ve Sahel B\u00f6lgesi G\u00fcvenlik Kompleksi\u2019ne odaklanan kitap, Boko Haram, ISWAP, AQIM, JNIM ve El-\u015eebab gibi \u00f6rg\u00fctlerin tarihsel, ideolojik ve yap\u0131sal analizlerini bir arada sunmaktad\u0131r. Bu \u00f6rg\u00fctlerin, kolonyal d\u00f6nemden miras kalan yap\u0131sal sorunlar\u0131 nas\u0131l kullanarak modern devlet yap\u0131lar\u0131 ve b\u00f6lgesel g\u00fcvenlik dengeleri \u00fczerinde etkili oldu\u011fu ayr\u0131nt\u0131l\u0131 bir \u015fekilde ele al\u0131nmaktad\u0131r. Osman T\u00fcrk, uzun y\u0131llar boyunca edindi\u011fi saha tecr\u00fcbesiyle, bu \u00f6rg\u00fctlerin Afrika\u2019daki siyasi ve sosyal yap\u0131larla ili\u015fkilerini titizlikle \u00e7\u00f6z\u00fcmlemekte ve k\u0131tadaki g\u00fcvenlik dinamiklerini \u00e7ok boyutlu bir perspektifle de\u011ferlendirmektedir. Eser, Afrika\u2019da b\u00f6lgesel g\u00fcvenlik ve ter\u00f6r konular\u0131nda \u00e7al\u0131\u015fan akademisyenler, ara\u015ft\u0131rmac\u0131lar ve politika yap\u0131c\u0131lar i\u00e7in \u00f6nemli bir kaynak niteli\u011findedir.<\/p>\n","protected":false},"excerpt":{"rendered":"<p>Yazar\u0131n uzun y\u0131llara dayanan saha \u00e7al\u0131\u015fmalar\u0131 ve Afrika&#8217;daki derin tecr\u00fcbesiyle haz\u0131rlanan bu eser, k\u0131tada faaliyet g\u00f6steren ter\u00f6r \u00f6rg\u00fctlerinin b\u00f6lgesel g\u00fcvenlik \u00fczerindeki etkilerini B\u00f6lgesel G\u00fcvenlik Kompleksi Teorisi<span class=\"excerpt-hellip\"> [\u2026]<\/span><\/p>\n","protected":false},"featured_media":0,"template":"","meta":{"_monsterinsights_skip_tracking":false,"_monsterinsights_sitenote_active":false,"_monsterinsights_sitenote_note":"","_monsterinsights_sitenote_category":0},"product_brand":[],"product_cat":[141304],"product_tag":[],"class_list":{"0":"post-778039","1":"product","2":"type-product","3":"status-publish","5":"product_cat-yeni-cikanlar","6":"pa_cilt-ciltsiz","7":"pa_tur-kitap","8":"pa_yayinevi-nobel-akademik-yayincilik","9":"pa_yazar-osman-turk","11":"first","12":"instock","13":"sale","14":"shipping-taxable","15":"purchasable","16":"product-type-simple"},"_links":{"self":[{"href":"https:\/\/roveyayinevi.com.tr\/index.php\/wp-json\/wp\/v2\/product\/778039","targetHints":{"allow":["GET"]}}],"collection":[{"href":"https:\/\/roveyayinevi.com.tr\/index.php\/wp-json\/wp\/v2\/product"}],"about":[{"href":"https:\/\/roveyayinevi.com.tr\/index.php\/wp-json\/wp\/v2\/types\/product"}],"wp:attachment":[{"href":"https:\/\/roveyayinevi.com.tr\/index.php\/wp-json\/wp\/v2\/media?parent=778039"}],"wp:term":[{"taxonomy":"product_brand","embeddable":true,"href":"https:\/\/roveyayinevi.com.tr\/index.php\/wp-json\/wp\/v2\/product_brand?post=778039"},{"taxonomy":"product_cat","embeddable":true,"href":"https:\/\/roveyayinevi.com.tr\/index.php\/wp-json\/wp\/v2\/product_cat?post=778039"},{"taxonomy":"product_tag","embeddable":true,"href":"https:\/\/roveyayinevi.com.tr\/index.php\/wp-json\/wp\/v2\/product_tag?post=778039"}],"curies":[{"name":"wp","href":"https:\/\/api.w.org\/{rel}","templated":true}]}}