{"id":778038,"date":"2025-10-28T20:18:07","date_gmt":"2025-10-28T17:18:07","guid":{"rendered":"https:\/\/roveyayinevi.com.tr\/index.php\/urun\/cin-istilasina-karsi-malazgirt-doktrini-asya-birligi\/"},"modified":"2025-11-07T12:04:27","modified_gmt":"2025-11-07T09:04:27","slug":"cin-istilasina-karsi-malazgirt-doktrini-asya-birligi","status":"publish","type":"product","link":"https:\/\/roveyayinevi.com.tr\/index.php\/urun\/cin-istilasina-karsi-malazgirt-doktrini-asya-birligi\/","title":{"rendered":"\u00c7in \u0130stilas\u0131na Kar\u015f\u0131 Malazgirt Doktrini Asya Birli\u011fi"},"content":{"rendered":"<p>K\u00fcresel g\u00fc\u00e7 sava\u015flar\u0131n\u0131n g\u00f6lgesinde, Asya&#8217;n\u0131n kalbinde stratejik bir uyan\u0131\u015f&#8230; 21. y\u00fczy\u0131l\u0131n ba\u015fat g\u00fc\u00e7 m\u00fccadelesi art\u0131k sadece Bat\u0131&#8217;da de\u011fil Orta Asya&#8217;n\u0131n derinliklerinde, T\u00fcrk d\u00fcnyas\u0131n\u0131n kalbinde ya\u015fan\u0131yor. \u00c7in&#8217;in y\u00fckseli\u015fi, \u015ei Cinping&#8217;in hegemonik vizyonu ve Ku\u015fak-Yol Giri\u015fimi sadece ekonomik bir proje de\u011fil; politik, k\u00fclt\u00fcrel ve asker\u00ee bir yay\u0131lman\u0131n ayak sesleri&#8230; Bu kitap; \u00c7in&#8217;in Orta Asya \u00fczerindeki etkilerini g\u00fc\u00e7 ge\u00e7i\u015fi teorileriyle a\u00e7\u0131kl\u0131yor, \u015ei Cinping&#8217;in stratejik akl\u0131n\u0131 analiz ediyor ve T\u00fcrk Cumhuriyetlerinin kar\u015f\u0131 kar\u015f\u0131ya oldu\u011fu riskleri g\u00f6zler \u00f6n\u00fcne seriyor. Ama ayn\u0131 zamanda bir \u00e7\u0131k\u0131\u015f yolu sunuyor: Malazgirt doktrini. Malazgirt sadece bir tarih de\u011fil, ayn\u0131 zamanda gelece\u011fi in\u015fa edecek bir sembold\u00fcr. Yazarlar, NATO ve Avrupa Birli\u011fi modelinden ilhamla, Asya T\u00fcrk Devletleri Birli\u011fi vizyonunu ortaya koyuyor. Bu vizyon; T\u00fcrkiye&#8217;nin \u00f6nc\u00fcl\u00fc\u011f\u00fcnde b\u00f6lgesel birlik, ekonomik dayan\u0131\u015fma ve ortak g\u00fcvenlik sistemlerini m\u00fcmk\u00fcn k\u0131labilecek ger\u00e7ek\u00e7i ve kapsaml\u0131 bir model sunuyor. D\u00fcnya d\u00fczeni yeniden \u015fekillenirken T\u00fcrk d\u00fcnyas\u0131 nerede duracak? Bu soruya verilen tarihsel, kuramsal ve stratejik yan\u0131tlar bu kitapta mevcut. \u00c7in tehdidini anlamak ve Malazgirt ruhunu diriltmek isteyenler i\u00e7in g\u00fc\u00e7l\u00fc bir ba\u015fvuru kayna\u011f\u0131.<\/p>\n","protected":false},"excerpt":{"rendered":"<p>K\u00fcresel g\u00fc\u00e7 sava\u015flar\u0131n\u0131n g\u00f6lgesinde, Asya&#8217;n\u0131n kalbinde stratejik bir uyan\u0131\u015f&#8230; 21. y\u00fczy\u0131l\u0131n ba\u015fat g\u00fc\u00e7 m\u00fccadelesi art\u0131k sadece Bat\u0131&#8217;da de\u011fil Orta Asya&#8217;n\u0131n derinliklerinde, T\u00fcrk d\u00fcnyas\u0131n\u0131n kalbinde ya\u015fan\u0131yor. \u00c7in&#8217;in<span class=\"excerpt-hellip\"> [\u2026]<\/span><\/p>\n","protected":false},"featured_media":0,"template":"","meta":{"_monsterinsights_skip_tracking":false,"_monsterinsights_sitenote_active":false,"_monsterinsights_sitenote_note":"","_monsterinsights_sitenote_category":0},"product_brand":[],"product_cat":[12304,13650],"product_tag":[],"class_list":{"0":"post-778038","1":"product","2":"type-product","3":"status-publish","5":"product_cat-tarih","6":"product_cat-turk-tarihi-arastirmalari","7":"pa_cilt-ciltsiz","8":"pa_tur-kitap","9":"pa_yayinevi-nobel-akademi","10":"pa_yazar-ihsan-budak-mahmut-karakaya","12":"first","13":"instock","14":"sale","15":"shipping-taxable","16":"purchasable","17":"product-type-simple"},"_links":{"self":[{"href":"https:\/\/roveyayinevi.com.tr\/index.php\/wp-json\/wp\/v2\/product\/778038","targetHints":{"allow":["GET"]}}],"collection":[{"href":"https:\/\/roveyayinevi.com.tr\/index.php\/wp-json\/wp\/v2\/product"}],"about":[{"href":"https:\/\/roveyayinevi.com.tr\/index.php\/wp-json\/wp\/v2\/types\/product"}],"wp:attachment":[{"href":"https:\/\/roveyayinevi.com.tr\/index.php\/wp-json\/wp\/v2\/media?parent=778038"}],"wp:term":[{"taxonomy":"product_brand","embeddable":true,"href":"https:\/\/roveyayinevi.com.tr\/index.php\/wp-json\/wp\/v2\/product_brand?post=778038"},{"taxonomy":"product_cat","embeddable":true,"href":"https:\/\/roveyayinevi.com.tr\/index.php\/wp-json\/wp\/v2\/product_cat?post=778038"},{"taxonomy":"product_tag","embeddable":true,"href":"https:\/\/roveyayinevi.com.tr\/index.php\/wp-json\/wp\/v2\/product_tag?post=778038"}],"curies":[{"name":"wp","href":"https:\/\/api.w.org\/{rel}","templated":true}]}}