{"id":778036,"date":"2025-10-28T20:18:03","date_gmt":"2025-10-28T17:18:03","guid":{"rendered":"https:\/\/roveyayinevi.com.tr\/index.php\/urun\/orta-asya-milletleri-orta-asya-etnolojisi-1868\/"},"modified":"2025-11-07T12:04:26","modified_gmt":"2025-11-07T09:04:26","slug":"orta-asya-milletleri-orta-asya-etnolojisi-1868","status":"publish","type":"product","link":"https:\/\/roveyayinevi.com.tr\/index.php\/urun\/orta-asya-milletleri-orta-asya-etnolojisi-1868\/","title":{"rendered":"Orta Asya Milletleri (Orta Asya Etnolojisi) &#8211; 1868"},"content":{"rendered":"<p>Vambery, Yahudi casusun Orta Asya raporlar\u0131, sadece istihbarat d\u00fcnyas\u0131n\u0131n derinliklerindeki bir perspektifi sunmakla kalm\u0131yor, ayn\u0131 zamanda insan\u0131n kararlar\u0131n\u0131n tarihsel ak\u0131\u015fa nas\u0131l etki edebilece\u011fini g\u00f6steriyor. Theodor Herzl ile de irtibatl\u0131 bu casus Casusun titizlikle haz\u0131rlad\u0131\u011f\u0131 bu raporlar, b\u00f6lgenin stratejik \u00f6nemini ve siyasi karma\u015f\u0131kl\u0131\u011f\u0131n\u0131 t\u00fcm detaylar\u0131yla ele al\u0131yor. Kitap, yazar\u0131n Orta Asya&#8217;ya yapt\u0131\u011f\u0131 ziyaret s\u0131ras\u0131nda g\u00f6zlemlerine odaklan\u0131yor. B\u00f6lgedeki siyasi de\u011fi\u015fiklikleri ve Rus ilerleyi\u015finin etkilerini ayr\u0131nt\u0131l\u0131 bir \u015fekilde ele al\u0131yor. Yazar, Ta\u015fkent&#8217;ten Kazak karakollar\u0131na, Hokand&#8217;dan \u0130ssik-K\u00f6l&#8217;e kadar b\u00f6lgedeki \u00f6nemli noktalarda ya\u015fanan de\u011fi\u015fiklikleri ve etkilerini inceliyor. Kitap, bu de\u011fi\u015fimleri ele al\u0131rken, b\u00f6lgenin tarihine ve k\u00fclt\u00fcr\u00fcne sayg\u0131 g\u00f6steriyor ve Orta Asya&#8217;n\u0131n farkl\u0131 topluluklar\u0131 ve liderleriyle olan ili\u015fkileri anlat\u0131yor. Ayr\u0131ca, Rus ilerleyi\u015finin b\u00f6lgedeki etkilerini ve insanlar\u0131n bu de\u011fi\u015fime nas\u0131l tepki verdiklerini detayl\u0131 bir \u015fekilde a\u00e7\u0131kl\u0131yor. Orta Asya&#8217;n\u0131n karma\u015f\u0131k ve de\u011fi\u015fen tarihini anlamak isteyen okurlar i\u00e7in ilgin\u00e7 bir bak\u0131\u015f a\u00e7\u0131s\u0131 sunuyor. Yazar\u0131n g\u00f6zlemleri ve yorumlar\u0131, b\u00f6lgenin ge\u00e7mi\u015fi ve gelece\u011fi hakk\u0131nda d\u00fc\u015f\u00fcnmeye te\u015fvik edici bir okuma sunuyor.<\/p>\n","protected":false},"excerpt":{"rendered":"<p>Vambery, Yahudi casusun Orta Asya raporlar\u0131, sadece istihbarat d\u00fcnyas\u0131n\u0131n derinliklerindeki bir perspektifi sunmakla kalm\u0131yor, ayn\u0131 zamanda insan\u0131n kararlar\u0131n\u0131n tarihsel ak\u0131\u015fa nas\u0131l etki edebilece\u011fini g\u00f6steriyor. Theodor Herzl<span class=\"excerpt-hellip\"> [\u2026]<\/span><\/p>\n","protected":false},"featured_media":0,"template":"","meta":{"_monsterinsights_skip_tracking":false,"_monsterinsights_sitenote_active":false,"_monsterinsights_sitenote_note":"","_monsterinsights_sitenote_category":0},"product_brand":[],"product_cat":[12370,12304],"product_tag":[],"class_list":{"0":"post-778036","1":"product","2":"type-product","3":"status-publish","5":"product_cat-arastirma-inceleme","6":"product_cat-tarih","7":"pa_cilt-ciltsiz","8":"pa_tur-kitap","9":"pa_yayinevi-dorlion-yayinevi","10":"pa_yazar-arminius-vambery","12":"first","13":"instock","14":"sale","15":"shipping-taxable","16":"purchasable","17":"product-type-simple"},"_links":{"self":[{"href":"https:\/\/roveyayinevi.com.tr\/index.php\/wp-json\/wp\/v2\/product\/778036","targetHints":{"allow":["GET"]}}],"collection":[{"href":"https:\/\/roveyayinevi.com.tr\/index.php\/wp-json\/wp\/v2\/product"}],"about":[{"href":"https:\/\/roveyayinevi.com.tr\/index.php\/wp-json\/wp\/v2\/types\/product"}],"wp:attachment":[{"href":"https:\/\/roveyayinevi.com.tr\/index.php\/wp-json\/wp\/v2\/media?parent=778036"}],"wp:term":[{"taxonomy":"product_brand","embeddable":true,"href":"https:\/\/roveyayinevi.com.tr\/index.php\/wp-json\/wp\/v2\/product_brand?post=778036"},{"taxonomy":"product_cat","embeddable":true,"href":"https:\/\/roveyayinevi.com.tr\/index.php\/wp-json\/wp\/v2\/product_cat?post=778036"},{"taxonomy":"product_tag","embeddable":true,"href":"https:\/\/roveyayinevi.com.tr\/index.php\/wp-json\/wp\/v2\/product_tag?post=778036"}],"curies":[{"name":"wp","href":"https:\/\/api.w.org\/{rel}","templated":true}]}}