{"id":778035,"date":"2025-10-28T20:18:01","date_gmt":"2025-10-28T17:18:01","guid":{"rendered":"https:\/\/roveyayinevi.com.tr\/index.php\/urun\/balkan-harbinde-turk-filosu\/"},"modified":"2025-11-07T12:04:26","modified_gmt":"2025-11-07T09:04:26","slug":"balkan-harbinde-turk-filosu","status":"publish","type":"product","link":"https:\/\/roveyayinevi.com.tr\/index.php\/urun\/balkan-harbinde-turk-filosu\/","title":{"rendered":"Balkan Harbinde T\u00fcrk Filosu"},"content":{"rendered":"<p>Ali Haydar Emir (ALPAGOT)  (1886-1937) Deniz tarih\u00e7isi 1907\u2019de Deniz Harp Okulunu bitirdi. Donanmada g\u00f6rev ald\u0131. 1916\u2019da sa\u011fl\u0131k nedeniyle g\u00f6revden ayr\u0131ld\u0131. Bahriye Nezareti Erk\u00e2n-\u0131 Harbiyesinde Osmanl\u0131 deniz harp tarihi yazarl\u0131\u011f\u0131na atand\u0131. Ayr\u0131ca Deniz Harp Okulunda Harp Tarihi \u00f6\u011fretmenli\u011fi yapt\u0131. Cumhuriyet d\u00f6neminde de 1928\u2019den ba\u015flayarak deniz harp tarihi uzmanl\u0131\u011f\u0131 g\u00f6revini s\u00fcrd\u00fcrd\u00fc.    Balkan Sava\u015flar\u0131 d\u00f6neminde T\u00fcrk Deniz Kuvvetlerinin ve y\u00f6netimlerinin i\u00e7inde bulundu\u011fu \u015fartlar, donanman\u0131n imk\u00e2n ve zorluklar\u0131, ordunun verdi\u011fi m\u00fccadelenin b\u00fct\u00fcn kronolojik d\u00fczeni ve ya\u015fanan sava\u015f\u0131n t\u00fcm olumlu ve olumsuz durumlar\u0131n\u0131 ayr\u0131nt\u0131lar\u0131yla a\u00e7\u0131klayarak tarihe not d\u00fc\u015f\u00fcrd\u00fc\u011f\u00fc de\u011ferli bir \u00e7al\u0131\u015fmayla Ali Haydar Emir donanman\u0131n i\u00e7inden gelen biri olarak nesnel bir \u00e7al\u0131\u015fmaya imzas\u0131n\u0131 atmaya \u00e7al\u0131\u015fm\u0131\u015ft\u0131r. Dorlion Yay\u0131nlar\u0131 olarak 1932 y\u0131l\u0131nda yay\u0131mlanan bu \u00e7al\u0131\u015fmay\u0131 yeniden g\u00f6z ge\u00e7irerek ve sadele\u015ftirme \u00e7al\u0131\u015fmas\u0131 yaparak okurlar\u0131m\u0131zla payla\u015fmaktan mutluyuz.<\/p>\n","protected":false},"excerpt":{"rendered":"<p>Ali Haydar Emir (ALPAGOT) (1886-1937) Deniz tarih\u00e7isi 1907\u2019de Deniz Harp Okulunu bitirdi. Donanmada g\u00f6rev ald\u0131. 1916\u2019da sa\u011fl\u0131k nedeniyle g\u00f6revden ayr\u0131ld\u0131. Bahriye Nezareti Erk\u00e2n-\u0131 Harbiyesinde Osmanl\u0131 deniz<span class=\"excerpt-hellip\"> [\u2026]<\/span><\/p>\n","protected":false},"featured_media":0,"template":"","meta":{"_monsterinsights_skip_tracking":false,"_monsterinsights_sitenote_active":false,"_monsterinsights_sitenote_note":"","_monsterinsights_sitenote_category":0},"product_brand":[],"product_cat":[12370,12304],"product_tag":[],"class_list":{"0":"post-778035","1":"product","2":"type-product","3":"status-publish","5":"product_cat-arastirma-inceleme","6":"product_cat-tarih","7":"pa_cilt-ciltsiz","8":"pa_tur-kitap","9":"pa_yayinevi-dorlion-yayinevi","10":"pa_yazar-ali-haydar-emir","12":"first","13":"instock","14":"sale","15":"shipping-taxable","16":"purchasable","17":"product-type-simple"},"_links":{"self":[{"href":"https:\/\/roveyayinevi.com.tr\/index.php\/wp-json\/wp\/v2\/product\/778035","targetHints":{"allow":["GET"]}}],"collection":[{"href":"https:\/\/roveyayinevi.com.tr\/index.php\/wp-json\/wp\/v2\/product"}],"about":[{"href":"https:\/\/roveyayinevi.com.tr\/index.php\/wp-json\/wp\/v2\/types\/product"}],"wp:attachment":[{"href":"https:\/\/roveyayinevi.com.tr\/index.php\/wp-json\/wp\/v2\/media?parent=778035"}],"wp:term":[{"taxonomy":"product_brand","embeddable":true,"href":"https:\/\/roveyayinevi.com.tr\/index.php\/wp-json\/wp\/v2\/product_brand?post=778035"},{"taxonomy":"product_cat","embeddable":true,"href":"https:\/\/roveyayinevi.com.tr\/index.php\/wp-json\/wp\/v2\/product_cat?post=778035"},{"taxonomy":"product_tag","embeddable":true,"href":"https:\/\/roveyayinevi.com.tr\/index.php\/wp-json\/wp\/v2\/product_tag?post=778035"}],"curies":[{"name":"wp","href":"https:\/\/api.w.org\/{rel}","templated":true}]}}