{"id":778031,"date":"2025-10-28T20:17:54","date_gmt":"2025-10-28T17:17:54","guid":{"rendered":"https:\/\/roveyayinevi.com.tr\/index.php\/urun\/emperyalist-kuresellesme-ve-degisen-gucler-dengesi\/"},"modified":"2026-04-15T03:43:41","modified_gmt":"2026-04-15T00:43:41","slug":"emperyalist-kuresellesme-ve-degisen-gucler-dengesi","status":"publish","type":"product","link":"https:\/\/roveyayinevi.com.tr\/index.php\/urun\/emperyalist-kuresellesme-ve-degisen-gucler-dengesi\/","title":{"rendered":"Emperyalist K\u00fcreselle\u015fme Ve  De\u011fi\u015fen G\u00fc\u00e7ler Dengesi"},"content":{"rendered":"<p>Amerikan emperyalizminin d\u00fcnya hegemon g\u00fcc\u00fc olarak varl\u0131\u011f\u0131n\u0131 s\u00fcrd\u00fcrmek i\u00e7in koydu\u011fu kurallar, \u015fimdi ona ayak ba\u011f\u0131 oldu\u011fu i\u00e7in o kurumlar\u0131 \u00f6nemsemiyor, yok say\u0131yor veya ba\u011f\u0131n\u0131 kopart\u0131yor. Ama art\u0131k yeni kurallar koyacak durumda da de\u011fil. Daha do\u011frusu, Amerikan emperyalizminin yeni kurallar\u0131, di\u011fer emperyalist \u00fclkelerin ve emperyalistle\u015fen \u00fclkelerin \u00e7o\u011funu ba\u011flamayacakt\u0131r. Bunun b\u00f6yle oldu\u011funu Suriye eksenli Ortado\u011fu\u2019da g\u00f6r\u00fcyoruz. Amerikan emperyalizmi, gerileyen d\u00fcnya g\u00fcc\u00fc olarak neoliberal yeni d\u00fcnya d\u00fczenini kuramad\u0131, ama eski d\u00fczenin devam ettirilmesi de m\u00fcmk\u00fcn de\u011fildi. \u015eimdi ortaya, giderek etkisizle\u015fseler de eski kurallar\u0131n, kurumlar\u0131n hala var oldu\u011fu, yenilerinin olu\u015fmad\u0131\u011f\u0131 bir ge\u00e7i\u015f d\u00f6nemi d\u00fcnyas\u0131 \u00e7\u0131kt\u0131. Bu d\u00fcnya \u00e7ok rekabet merkezli d\u00fcnyad\u0131r. Bu \u00e7al\u0131\u015fmada d\u00fcnya \u00e7ap\u0131nda g\u00fc\u00e7ler dengesinin -tarihsel olarak da- geli\u015fme seyrini ve bu geli\u015fme i\u00e7inde T\u00fcrkiye&#8217;nin yerini analiz etmeye \u00e7al\u0131\u015ft\u0131k. <\/p>\n","protected":false},"excerpt":{"rendered":"<p>Amerikan emperyalizminin d\u00fcnya hegemon g\u00fcc\u00fc olarak varl\u0131\u011f\u0131n\u0131 s\u00fcrd\u00fcrmek i\u00e7in koydu\u011fu kurallar, \u015fimdi ona ayak ba\u011f\u0131 oldu\u011fu i\u00e7in o kurumlar\u0131 \u00f6nemsemiyor, yok say\u0131yor veya ba\u011f\u0131n\u0131 kopart\u0131yor. Ama<span class=\"excerpt-hellip\"> [\u2026]<\/span><\/p>\n","protected":false},"featured_media":0,"template":"","meta":{"_monsterinsights_skip_tracking":false,"_monsterinsights_sitenote_active":false,"_monsterinsights_sitenote_note":"","_monsterinsights_sitenote_category":0},"product_brand":[],"product_cat":[13590,12337],"product_tag":[],"class_list":{"0":"post-778031","1":"product","2":"type-product","3":"status-publish","5":"product_cat-arastirma-inceleme-politika-siyaset","6":"product_cat-politika-siyaset","7":"pa_cilt-ciltsiz","8":"pa_tur-kitap","9":"pa_yayinevi-sinirsiz-kitap","10":"pa_yazar-ibrahim-okcuoglu","12":"first","13":"instock","14":"sale","15":"shipping-taxable","16":"purchasable","17":"product-type-simple"},"_links":{"self":[{"href":"https:\/\/roveyayinevi.com.tr\/index.php\/wp-json\/wp\/v2\/product\/778031","targetHints":{"allow":["GET"]}}],"collection":[{"href":"https:\/\/roveyayinevi.com.tr\/index.php\/wp-json\/wp\/v2\/product"}],"about":[{"href":"https:\/\/roveyayinevi.com.tr\/index.php\/wp-json\/wp\/v2\/types\/product"}],"wp:attachment":[{"href":"https:\/\/roveyayinevi.com.tr\/index.php\/wp-json\/wp\/v2\/media?parent=778031"}],"wp:term":[{"taxonomy":"product_brand","embeddable":true,"href":"https:\/\/roveyayinevi.com.tr\/index.php\/wp-json\/wp\/v2\/product_brand?post=778031"},{"taxonomy":"product_cat","embeddable":true,"href":"https:\/\/roveyayinevi.com.tr\/index.php\/wp-json\/wp\/v2\/product_cat?post=778031"},{"taxonomy":"product_tag","embeddable":true,"href":"https:\/\/roveyayinevi.com.tr\/index.php\/wp-json\/wp\/v2\/product_tag?post=778031"}],"curies":[{"name":"wp","href":"https:\/\/api.w.org\/{rel}","templated":true}]}}