{"id":778030,"date":"2025-10-28T20:17:52","date_gmt":"2025-10-28T17:17:52","guid":{"rendered":"https:\/\/roveyayinevi.com.tr\/index.php\/urun\/turkiyede-kapitalizmin-gelismesi\/"},"modified":"2026-04-15T03:43:41","modified_gmt":"2026-04-15T00:43:41","slug":"turkiyede-kapitalizmin-gelismesi","status":"publish","type":"product","link":"https:\/\/roveyayinevi.com.tr\/index.php\/urun\/turkiyede-kapitalizmin-gelismesi\/","title":{"rendered":"T\u00fcrkiye\u2019de Kapitalizmin Geli\u015fmesi"},"content":{"rendered":"<p>Co\u011frafyam\u0131zda toplumsal yap\u0131, a\u011f\u0131rl\u0131kta k\u00fc\u00e7\u00fck burjuva unsurlar\u0131n varl\u0131\u011f\u0131, bu d\u00fc\u015f\u00fcncelerin s\u00fcrekli farkl\u0131 siyasi ve teorik bi\u00e7imlerde\/g\u00f6r\u00fcn\u00fcmlerde ya\u015fam bulmalar\u0131na maddi temel te\u015fkil ediyor. Bu ko\u015fullar var oldu\u011fu m\u00fcddet\u00e7e -istesek de istemesek de- k\u00fc\u00e7\u00fck burjuva devrimcili\u011fine kar\u015f\u0131 m\u00fccadele etmek zorunda kalaca\u011f\u0131z. Maoculuk, toplumsal geli\u015fmeyi analiz etmekte ve bundan siyasi sonu\u00e7lar \u00e7\u0131kartmakta yetersizdir, bir \u00e7\u0131kmaz i\u00e7indedir. Ufku, en fazlas\u0131yla k\u00fc\u00e7\u00fck burjuva demokrasisiyle s\u0131n\u0131rl\u0131d\u0131r; ondaki sosyalizm, Marksizm-Leninizm sadece laf\u0131zdad\u0131r; d\u00fcnya g\u00f6r\u00fc\u015f\u00fc olarak geli\u015fmesinin maddi ko\u015fullar\u0131 yoktur, \u00e7\u00fcnk\u00fc hitap etti\u011fi s\u0131n\u0131f gelece\u011fi olan bir s\u0131n\u0131f de\u011fildir ve bu nedenle ulusal ve uluslararas\u0131 \u00e7apta Maocu ak\u0131mlar olarak b\u00f6l\u00fcn\u00fcp par\u00e7alanmaktad\u0131r. Bu kitap da di\u011fer ilk \u00fc\u00e7 kitap gibi tamamen y\u00f6ntem ve teori \u00fczerine k\u00fc\u00e7\u00fck burjuva devrimcili\u011fi ile somut olarak da T\u00fcrkiye&#8217;de Maocu \u00f6rg\u00fctlenmelerle bir hesapla\u015fmad\u0131r. <\/p>\n","protected":false},"excerpt":{"rendered":"<p>Co\u011frafyam\u0131zda toplumsal yap\u0131, a\u011f\u0131rl\u0131kta k\u00fc\u00e7\u00fck burjuva unsurlar\u0131n varl\u0131\u011f\u0131, bu d\u00fc\u015f\u00fcncelerin s\u00fcrekli farkl\u0131 siyasi ve teorik bi\u00e7imlerde\/g\u00f6r\u00fcn\u00fcmlerde ya\u015fam bulmalar\u0131na maddi temel te\u015fkil ediyor. Bu ko\u015fullar var oldu\u011fu<span class=\"excerpt-hellip\"> [\u2026]<\/span><\/p>\n","protected":false},"featured_media":0,"template":"","meta":{"_monsterinsights_skip_tracking":false,"_monsterinsights_sitenote_active":false,"_monsterinsights_sitenote_note":"","_monsterinsights_sitenote_category":0},"product_brand":[],"product_cat":[13590,12337],"product_tag":[],"class_list":{"0":"post-778030","1":"product","2":"type-product","3":"status-publish","5":"product_cat-arastirma-inceleme-politika-siyaset","6":"product_cat-politika-siyaset","7":"pa_cilt-ciltsiz","8":"pa_tur-kitap","9":"pa_yayinevi-sinirsiz-kitap","10":"pa_yazar-ibrahim-okcuoglu","12":"first","13":"instock","14":"sale","15":"shipping-taxable","16":"purchasable","17":"product-type-simple"},"_links":{"self":[{"href":"https:\/\/roveyayinevi.com.tr\/index.php\/wp-json\/wp\/v2\/product\/778030","targetHints":{"allow":["GET"]}}],"collection":[{"href":"https:\/\/roveyayinevi.com.tr\/index.php\/wp-json\/wp\/v2\/product"}],"about":[{"href":"https:\/\/roveyayinevi.com.tr\/index.php\/wp-json\/wp\/v2\/types\/product"}],"wp:attachment":[{"href":"https:\/\/roveyayinevi.com.tr\/index.php\/wp-json\/wp\/v2\/media?parent=778030"}],"wp:term":[{"taxonomy":"product_brand","embeddable":true,"href":"https:\/\/roveyayinevi.com.tr\/index.php\/wp-json\/wp\/v2\/product_brand?post=778030"},{"taxonomy":"product_cat","embeddable":true,"href":"https:\/\/roveyayinevi.com.tr\/index.php\/wp-json\/wp\/v2\/product_cat?post=778030"},{"taxonomy":"product_tag","embeddable":true,"href":"https:\/\/roveyayinevi.com.tr\/index.php\/wp-json\/wp\/v2\/product_tag?post=778030"}],"curies":[{"name":"wp","href":"https:\/\/api.w.org\/{rel}","templated":true}]}}