{"id":778024,"date":"2025-10-28T20:17:43","date_gmt":"2025-10-28T17:17:43","guid":{"rendered":"https:\/\/roveyayinevi.com.tr\/index.php\/urun\/seyyid-serif-curcaninin-hayati-eserleri-tarikati-ve-tasavvufi-gorusleri\/"},"modified":"2026-04-15T03:43:40","modified_gmt":"2026-04-15T00:43:40","slug":"seyyid-serif-curcaninin-hayati-eserleri-tarikati-ve-tasavvufi-gorusleri","status":"publish","type":"product","link":"https:\/\/roveyayinevi.com.tr\/index.php\/urun\/seyyid-serif-curcaninin-hayati-eserleri-tarikati-ve-tasavvufi-gorusleri\/","title":{"rendered":"Seyyid \u015eerif C\u00fcrcani\u2019nin Hayat\u0131, Eserleri, Tarikat\u0131 Ve Tasavvufi G\u00f6r\u00fc\u015fleri"},"content":{"rendered":"<p>14. y\u00fczy\u0131lda ya\u015fam\u0131\u015f, ilim d\u00fcnyas\u0131na damgas\u0131n\u0131 vuran \u00e7ok y\u00f6nl\u00fc bir \u0130slam alimidir. Soyunun Hz. Muhammed\u2019e dayanmas\u0131 nedeniyle \u201cSeyyid \u015eer\u00eef\u201d unvan\u0131n\u0131 alm\u0131\u015ft\u0131r. \u0130lk e\u011fitimini memleketinde tamamlad\u0131ktan sonra ilim yolculu\u011funa \u00e7\u0131kt\u0131. D\u00f6nemin \u00f6nemli alimlerinden ders almak i\u00e7in Herat\u2019a, ard\u0131ndan da M\u0131s\u0131r\u2019a gitti. Burada ba\u015fta mant\u0131k ve kelam olmak \u00fczere bir\u00e7ok alanda e\u011fitim g\u00f6rd\u00fc. Tahsilini tamamlay\u0131p \u00fclkesine d\u00f6nd\u00fc\u011f\u00fcnde, \u015eiraz\u2019da medrese m\u00fcderrisli\u011fine atand\u0131 ve b\u00fcy\u00fck bir \u015f\u00f6hret kazand\u0131. Timur\u2019un \u015eiraz\u2019\u0131 ele ge\u00e7irmesiyle zorla Semerkant\u2019a g\u00f6t\u00fcr\u00fcld\u00fc. Burada 18 y\u0131l boyunca ba\u015fm\u00fcderrislik yapt\u0131. Bu d\u00f6nemde, \u00f6zellikle \u00e7a\u011fda\u015f\u0131 Teft\u00e2z\u00e2n\u00ee ile girdi\u011fi ilmi tart\u0131\u015fmalarla \u00fcn\u00fc daha da artt\u0131. Bu s\u00fcre\u00e7te, Nak\u015fibendiyye tarikat\u0131na ilgi duyarak tasavvufi sohbetlere kat\u0131ld\u0131. Timur\u2019un \u00f6l\u00fcm\u00fcnden sonra \u015eiraz\u2019a d\u00f6nerek \u00f6mr\u00fcn\u00fcn geri kalan\u0131n\u0131 ilmi \u00e7al\u0131\u015fmalarla ge\u00e7irdi ve 816\/1413 y\u0131l\u0131nda vefat etti. C\u00fcrc\u00e2n\u00ee, ard\u0131nda b\u0131rakt\u0131\u011f\u0131 \u00e7ok say\u0131da eserle ve yeti\u015ftirdi\u011fi \u00f6\u011frencileriyle sonraki y\u00fczy\u0131llar boyunca \u0130slam d\u00fc\u015f\u00fcncesinde etkili bir otorite olarak kabul edildi. G\u00f6r\u00fc\u015fleri, medreselerin e\u011fitim sisteminde y\u00fczy\u0131llarca temel kaynak olarak kullan\u0131ld\u0131. <\/p>\n","protected":false},"excerpt":{"rendered":"<p>14. y\u00fczy\u0131lda ya\u015fam\u0131\u015f, ilim d\u00fcnyas\u0131na damgas\u0131n\u0131 vuran \u00e7ok y\u00f6nl\u00fc bir \u0130slam alimidir. Soyunun Hz. Muhammed\u2019e dayanmas\u0131 nedeniyle \u201cSeyyid \u015eer\u00eef\u201d unvan\u0131n\u0131 alm\u0131\u015ft\u0131r. \u0130lk e\u011fitimini memleketinde tamamlad\u0131ktan sonra<span class=\"excerpt-hellip\"> [\u2026]<\/span><\/p>\n","protected":false},"featured_media":0,"template":"","meta":{"_monsterinsights_skip_tracking":false,"_monsterinsights_sitenote_active":false,"_monsterinsights_sitenote_note":"","_monsterinsights_sitenote_category":0},"product_brand":[],"product_cat":[12718,12719,12720],"product_tag":[],"class_list":{"0":"post-778024","1":"product","2":"type-product","3":"status-publish","5":"product_cat-din","6":"product_cat-islam","7":"product_cat-tasavvuf-mezhepler-tarikatlar","8":"pa_cilt-ciltsiz","9":"pa_tur-kitap","10":"pa_yayinevi-soncag-akademik-kitaplar","11":"pa_yazar-omer-faruk-calimli","13":"first","14":"instock","15":"sale","16":"shipping-taxable","17":"purchasable","18":"product-type-simple"},"_links":{"self":[{"href":"https:\/\/roveyayinevi.com.tr\/index.php\/wp-json\/wp\/v2\/product\/778024","targetHints":{"allow":["GET"]}}],"collection":[{"href":"https:\/\/roveyayinevi.com.tr\/index.php\/wp-json\/wp\/v2\/product"}],"about":[{"href":"https:\/\/roveyayinevi.com.tr\/index.php\/wp-json\/wp\/v2\/types\/product"}],"wp:attachment":[{"href":"https:\/\/roveyayinevi.com.tr\/index.php\/wp-json\/wp\/v2\/media?parent=778024"}],"wp:term":[{"taxonomy":"product_brand","embeddable":true,"href":"https:\/\/roveyayinevi.com.tr\/index.php\/wp-json\/wp\/v2\/product_brand?post=778024"},{"taxonomy":"product_cat","embeddable":true,"href":"https:\/\/roveyayinevi.com.tr\/index.php\/wp-json\/wp\/v2\/product_cat?post=778024"},{"taxonomy":"product_tag","embeddable":true,"href":"https:\/\/roveyayinevi.com.tr\/index.php\/wp-json\/wp\/v2\/product_tag?post=778024"}],"curies":[{"name":"wp","href":"https:\/\/api.w.org\/{rel}","templated":true}]}}