{"id":778021,"date":"2025-10-28T20:17:37","date_gmt":"2025-10-28T17:17:37","guid":{"rendered":"https:\/\/roveyayinevi.com.tr\/index.php\/urun\/isiklar-sondugunde-karanliga-dogru-1\/"},"modified":"2026-04-15T03:43:40","modified_gmt":"2026-04-15T00:43:40","slug":"isiklar-sondugunde-karanliga-dogru-1","status":"publish","type":"product","link":"https:\/\/roveyayinevi.com.tr\/index.php\/urun\/isiklar-sondugunde-karanliga-dogru-1\/","title":{"rendered":"I\u015f\u0131klar S\u00f6nd\u00fc\u011f\u00fcnde \u2013 Karanl\u0131\u011fa Do\u011fru 1"},"content":{"rendered":"<p>y\u00fcz\u00fc.me\u00e7hul.adam seni takip etmeye ba\u015flad\u0131   GECE KADAR KARANLIK RUHU OLAN B\u0130R\u0130N\u0130 \u0130ST\u0130YORDUM. BEN\u0130M \u0130\u00c7\u0130N D\u00dcNYAYI ATE\u015eE VERECEK VE BUNUN \u0130\u00c7\u0130N B\u0130R AN B\u0130LE P\u0130\u015eMANLIK DUYMAYACAK B\u0130R\u0130N\u0130.   Acil hem\u015firesi Aly, \u00e7e\u015fitli travmalara \u015fahit oldu\u011fu zorlu n\u00f6betlerin stresinden internetteki maskeli erkekler sayesinde ka\u00e7\u0131yordu. En b\u00fcy\u00fck fantezisiyse s\u00fcrekli takip etti\u011fi d\u00f6vmeli ve maskeli adam\u0131n bir g\u00fcn eve geldi\u011finde onu yatak odas\u0131nda bekliyor olmas\u0131yd\u0131.  Elinde b\u0131\u00e7a\u011f\u0131yla. Ama adam\u0131n hesab\u0131na sarho\u015fken att\u0131\u011f\u0131 bir mesaj\u0131n bu hayalini ger\u00e7e\u011fe d\u00f6n\u00fc\u015ft\u00fcrece\u011fini asla tahmin edemezdi.   Josh hayat\u0131 boyunca g\u00f6z \u00f6n\u00fcnde olmaktan ka\u00e7m\u0131\u015ft\u0131. Ger\u00e7i babas\u0131 ger\u00e7ek su\u00e7 belgesellerine konu olmu\u015f bir seri katilken pek bir se\u00e7ene\u011fi de yoktu. Ama geceleri milyonlarca takip\u00e7isi i\u00e7in maskeli payla\u015f\u0131mlar yapan bamba\u015fka biri olabiliyordu. Derken onu avlamas\u0131 i\u00e7in yalvaran bir takip\u00e7isi dikkatini \u00e7ekmeyi ba\u015fard\u0131.   Aly ve Josh i\u00e7in kapal\u0131 kap\u0131lar\u0131n ard\u0131 ate\u015fli oldu\u011fu kadar tehlikeliydi de. Birbirlerinin en karanl\u0131k yanlar\u0131n\u0131 ortaya \u00e7\u0131kar\u0131yorlard\u0131 ama Aly \u00e7ok daha \u015feytani niyetleri olan birinin hedefi haline geldi\u011finde Josh avc\u0131dan koruyucuya d\u00f6n\u00fc\u015fmek zorunda kalacakt\u0131. Hayat\u0131n\u0131n a\u015fk\u0131 i\u00e7in ne kadar ileri gidebilirdi?     \u201cI\u015f\u0131klar S\u00f6nd\u00fc\u011f\u00fcnde karanl\u0131k romantizm okurlar\u0131n\u0131n arad\u0131\u011f\u0131 her \u015fey: maskeli bir adam, ate\u015fli bir tutku, komik laf dala\u015flar\u0131 ve Fred isimli s\u0131rna\u015f\u0131k bir kedi.\u201d \u2013CM Hutton <\/p>\n","protected":false},"excerpt":{"rendered":"<p>y\u00fcz\u00fc.me\u00e7hul.adam seni takip etmeye ba\u015flad\u0131 GECE KADAR KARANLIK RUHU OLAN B\u0130R\u0130N\u0130 \u0130ST\u0130YORDUM. BEN\u0130M \u0130\u00c7\u0130N D\u00dcNYAYI ATE\u015eE VERECEK VE BUNUN \u0130\u00c7\u0130N B\u0130R AN B\u0130LE P\u0130\u015eMANLIK DUYMAYACAK B\u0130R\u0130N\u0130.<span class=\"excerpt-hellip\"> [\u2026]<\/span><\/p>\n","protected":false},"featured_media":0,"template":"","meta":{"_monsterinsights_skip_tracking":false,"_monsterinsights_sitenote_active":false,"_monsterinsights_sitenote_note":"","_monsterinsights_sitenote_category":0},"product_brand":[],"product_cat":[12291,12711],"product_tag":[],"class_list":{"0":"post-778021","1":"product","2":"type-product","3":"status-publish","5":"product_cat-edebiyat","6":"product_cat-roman-oyku","7":"pa_cilt-ciltsiz","8":"pa_tur-kitap","9":"pa_yayinevi-indigo-kitap","10":"pa_yazar-navessa-allen","12":"first","13":"instock","14":"sale","15":"shipping-taxable","16":"purchasable","17":"product-type-simple"},"_links":{"self":[{"href":"https:\/\/roveyayinevi.com.tr\/index.php\/wp-json\/wp\/v2\/product\/778021","targetHints":{"allow":["GET"]}}],"collection":[{"href":"https:\/\/roveyayinevi.com.tr\/index.php\/wp-json\/wp\/v2\/product"}],"about":[{"href":"https:\/\/roveyayinevi.com.tr\/index.php\/wp-json\/wp\/v2\/types\/product"}],"wp:attachment":[{"href":"https:\/\/roveyayinevi.com.tr\/index.php\/wp-json\/wp\/v2\/media?parent=778021"}],"wp:term":[{"taxonomy":"product_brand","embeddable":true,"href":"https:\/\/roveyayinevi.com.tr\/index.php\/wp-json\/wp\/v2\/product_brand?post=778021"},{"taxonomy":"product_cat","embeddable":true,"href":"https:\/\/roveyayinevi.com.tr\/index.php\/wp-json\/wp\/v2\/product_cat?post=778021"},{"taxonomy":"product_tag","embeddable":true,"href":"https:\/\/roveyayinevi.com.tr\/index.php\/wp-json\/wp\/v2\/product_tag?post=778021"}],"curies":[{"name":"wp","href":"https:\/\/api.w.org\/{rel}","templated":true}]}}