{"id":778018,"date":"2025-10-28T20:17:09","date_gmt":"2025-10-28T17:17:09","guid":{"rendered":"https:\/\/roveyayinevi.com.tr\/index.php\/urun\/fae-prensleri\/"},"modified":"2026-04-15T03:43:37","modified_gmt":"2026-04-15T00:43:37","slug":"fae-prensleri","status":"publish","type":"product","link":"https:\/\/roveyayinevi.com.tr\/index.php\/urun\/fae-prensleri\/","title":{"rendered":"Fae Prensleri"},"content":{"rendered":"<p>Efsanelerin ger\u00e7ek oldu\u011funu hepimiz \u00f6\u011frenmi\u015ftik. Var Olmayan \u00dclke\u2019nin iki g\u00f6lgesi de art\u0131k yerini bulmu\u015f, b\u00fcy\u00fck sava\u015f bitmi\u015fti. Kas ve Bash de hak ettikleri tahta kavu\u015ftuklar\u0131nda nihayet sonsuza kadar mutlu ya\u015fayacakt\u0131k.   Ama hi\u00e7 hesaba katmad\u0131\u011f\u0131m\u0131z bir d\u00fc\u015fman sald\u0131rmak \u00fczereydi. Alt\u0131n kanatl\u0131, k\u00f6t\u00fc kalpli ve uzun zamand\u0131r lag\u00fcn\u00fcn derinliklerine g\u00f6m\u00fcl\u00fc bir peri. Var Olmayan \u00dclke\u2019yi istiyordu ve \u00f6n\u00fcne \u00e7\u0131kan herkesi yok etmeye ant i\u00e7mi\u015fti.   Kendi kan\u0131ndan olanlar\u0131 bile. <\/p>\n","protected":false},"excerpt":{"rendered":"<p>Efsanelerin ger\u00e7ek oldu\u011funu hepimiz \u00f6\u011frenmi\u015ftik. Var Olmayan \u00dclke\u2019nin iki g\u00f6lgesi de art\u0131k yerini bulmu\u015f, b\u00fcy\u00fck sava\u015f bitmi\u015fti. Kas ve Bash de hak ettikleri tahta kavu\u015ftuklar\u0131nda nihayet<span class=\"excerpt-hellip\"> [\u2026]<\/span><\/p>\n","protected":false},"featured_media":0,"template":"","meta":{"_monsterinsights_skip_tracking":false,"_monsterinsights_sitenote_active":false,"_monsterinsights_sitenote_note":"","_monsterinsights_sitenote_category":0},"product_brand":[],"product_cat":[12291,12711],"product_tag":[],"class_list":{"0":"post-778018","1":"product","2":"type-product","3":"status-publish","5":"product_cat-edebiyat","6":"product_cat-roman-oyku","7":"pa_cilt-ciltsiz","8":"pa_tur-kitap","9":"pa_yayinevi-nox-yayinlari","10":"pa_yazar-nikki-st-crowe","12":"first","13":"instock","14":"sale","15":"shipping-taxable","16":"purchasable","17":"product-type-simple"},"_links":{"self":[{"href":"https:\/\/roveyayinevi.com.tr\/index.php\/wp-json\/wp\/v2\/product\/778018","targetHints":{"allow":["GET"]}}],"collection":[{"href":"https:\/\/roveyayinevi.com.tr\/index.php\/wp-json\/wp\/v2\/product"}],"about":[{"href":"https:\/\/roveyayinevi.com.tr\/index.php\/wp-json\/wp\/v2\/types\/product"}],"wp:attachment":[{"href":"https:\/\/roveyayinevi.com.tr\/index.php\/wp-json\/wp\/v2\/media?parent=778018"}],"wp:term":[{"taxonomy":"product_brand","embeddable":true,"href":"https:\/\/roveyayinevi.com.tr\/index.php\/wp-json\/wp\/v2\/product_brand?post=778018"},{"taxonomy":"product_cat","embeddable":true,"href":"https:\/\/roveyayinevi.com.tr\/index.php\/wp-json\/wp\/v2\/product_cat?post=778018"},{"taxonomy":"product_tag","embeddable":true,"href":"https:\/\/roveyayinevi.com.tr\/index.php\/wp-json\/wp\/v2\/product_tag?post=778018"}],"curies":[{"name":"wp","href":"https:\/\/api.w.org\/{rel}","templated":true}]}}