{"id":778017,"date":"2025-10-28T20:17:07","date_gmt":"2025-10-28T17:17:07","guid":{"rendered":"https:\/\/roveyayinevi.com.tr\/index.php\/urun\/bagisiklik-ve-yasamin-felsefesi\/"},"modified":"2026-04-15T03:43:36","modified_gmt":"2026-04-15T00:43:36","slug":"bagisiklik-ve-yasamin-felsefesi","status":"publish","type":"product","link":"https:\/\/roveyayinevi.com.tr\/index.php\/urun\/bagisiklik-ve-yasamin-felsefesi\/","title":{"rendered":"Ba\u011f\u0131\u015f\u0131kl\u0131k ve Ya\u015fam\u0131n Felsefesi"},"content":{"rendered":"<p>\u201cYa\u015flanmak ka\u00e7\u0131n\u0131lmazd\u0131r. Sa\u011fl\u0131kl\u0131 ya\u015flanmak ise bizim elimizdedir.\u201d   Ben, y\u0131llar\u0131m\u0131 ba\u011f\u0131\u015f\u0131kl\u0131k sistemini anlamaya ve insan \u00f6mr\u00fcn\u00fc daha sa\u011fl\u0131kl\u0131, daha anlaml\u0131 k\u0131lacak yollar\u0131 ara\u015ft\u0131rmaya adad\u0131m. Bu kitapta sizleri, ba\u011f\u0131\u015f\u0131kl\u0131\u011f\u0131n gizemli ve b\u00fcy\u00fcleyici d\u00fcnyas\u0131na davet ediyorum. H\u00fccrelerimizin i\u00e7indeki g\u00f6r\u00fcnmez sava\u015flardan ba\u011f\u0131rsaklar\u0131m\u0131zda ya\u015fayan mikrobiyotan\u0131n sessiz kahramanlar\u0131na; epitel bariyerin koruyucu g\u00fcc\u00fcnden eksozomlar\u0131n umut vaat eden rol\u00fcne; uykunun, stresin, beslenmenin ve hareketin ya\u015fam\u0131m\u0131za katt\u0131\u011f\u0131 derin etkilere kadar kapsaml\u0131 bir yolculu\u011fa \u00e7\u0131kaca\u011f\u0131z.   Ba\u011f\u0131\u015f\u0131kl\u0131k ve Ya\u015fam\u0131n Felsefesi yaln\u0131zca bir bilimsel rehber de\u011fil, ayn\u0131 zamanda ya\u015fam\u0131n anlam\u0131n\u0131 arayan bir yolculu\u011fun da ifadesidir. Antik filozoflar\u0131n d\u00fc\u015f\u00fcncelerini modern bilimin sundu\u011fu verilerle harmanlad\u0131\u011f\u0131m bu eserde, hem zihninizi besleyecek bilgileri hem de ruhunuza ilham verecek yakla\u015f\u0131mlar\u0131 bulacaks\u0131n\u0131z.   Bu kitap, size kendi ki\u015fisel longevity plan\u0131n\u0131z\u0131 olu\u015fturman\u0131z i\u00e7in bir yol haritas\u0131 sunuyor. Daha uzun ya\u015famak i\u00e7in de\u011fil; daha dolu, daha huzurlu, daha bilin\u00e7li ya\u015famak i\u00e7in\u2026   Benim dile\u011fim, her bir sat\u0131rda hem bilimin \u0131\u015f\u0131\u011f\u0131n\u0131 hem de ya\u015fam felsefesinin derinli\u011fini bulman\u0131z. \u00c7\u00fcnk\u00fc ba\u011f\u0131\u015f\u0131kl\u0131k yaln\u0131zca bedenimizi de\u011fil, ya\u015fam\u0131m\u0131z\u0131n b\u00fct\u00fcn\u00fcn\u00fc \u015fekillendiren g\u00f6r\u00fcnmez bir pusulad\u0131r.   \u2014 Prof. Dr. Tun\u00e7 Akko\u00e7 <\/p>\n","protected":false},"excerpt":{"rendered":"<p>\u201cYa\u015flanmak ka\u00e7\u0131n\u0131lmazd\u0131r. Sa\u011fl\u0131kl\u0131 ya\u015flanmak ise bizim elimizdedir.\u201d Ben, y\u0131llar\u0131m\u0131 ba\u011f\u0131\u015f\u0131kl\u0131k sistemini anlamaya ve insan \u00f6mr\u00fcn\u00fc daha sa\u011fl\u0131kl\u0131, daha anlaml\u0131 k\u0131lacak yollar\u0131 ara\u015ft\u0131rmaya adad\u0131m. Bu kitapta sizleri,<span class=\"excerpt-hellip\"> [\u2026]<\/span><\/p>\n","protected":false},"featured_media":0,"template":"","meta":{"_monsterinsights_skip_tracking":false,"_monsterinsights_sitenote_active":false,"_monsterinsights_sitenote_note":"","_monsterinsights_sitenote_category":0},"product_brand":[],"product_cat":[13365],"product_tag":[],"class_list":{"0":"post-778017","1":"product","2":"type-product","3":"status-publish","5":"product_cat-saglik","6":"pa_cilt-ciltsiz","7":"pa_tur-kitap","8":"pa_yayinevi-destek-yayinlari","9":"pa_yazar-tunc-akkoc","11":"first","12":"instock","13":"sale","14":"shipping-taxable","15":"purchasable","16":"product-type-simple"},"_links":{"self":[{"href":"https:\/\/roveyayinevi.com.tr\/index.php\/wp-json\/wp\/v2\/product\/778017","targetHints":{"allow":["GET"]}}],"collection":[{"href":"https:\/\/roveyayinevi.com.tr\/index.php\/wp-json\/wp\/v2\/product"}],"about":[{"href":"https:\/\/roveyayinevi.com.tr\/index.php\/wp-json\/wp\/v2\/types\/product"}],"wp:attachment":[{"href":"https:\/\/roveyayinevi.com.tr\/index.php\/wp-json\/wp\/v2\/media?parent=778017"}],"wp:term":[{"taxonomy":"product_brand","embeddable":true,"href":"https:\/\/roveyayinevi.com.tr\/index.php\/wp-json\/wp\/v2\/product_brand?post=778017"},{"taxonomy":"product_cat","embeddable":true,"href":"https:\/\/roveyayinevi.com.tr\/index.php\/wp-json\/wp\/v2\/product_cat?post=778017"},{"taxonomy":"product_tag","embeddable":true,"href":"https:\/\/roveyayinevi.com.tr\/index.php\/wp-json\/wp\/v2\/product_tag?post=778017"}],"curies":[{"name":"wp","href":"https:\/\/api.w.org\/{rel}","templated":true}]}}