{"id":778014,"date":"2025-10-28T20:16:58","date_gmt":"2025-10-28T17:16:58","guid":{"rendered":"https:\/\/roveyayinevi.com.tr\/index.php\/urun\/cadikorusu-dugumu\/"},"modified":"2026-04-15T03:43:36","modified_gmt":"2026-04-15T00:43:36","slug":"cadikorusu-dugumu","status":"publish","type":"product","link":"https:\/\/roveyayinevi.com.tr\/index.php\/urun\/cadikorusu-dugumu\/","title":{"rendered":"Cad\u0131korusu D\u00fc\u011f\u00fcm\u00fc"},"content":{"rendered":"<p>Cad\u0131korusu Malik\u00e2nesi\u2019nde olaylar bitmiyordu. \u015eimdi de periler, gen\u00e7 efendiyi ka\u00e7\u0131rm\u0131\u015ft\u0131. Fakat yeni gelen m\u00fcrebbiye gizemli yetenekleriyle duruma m\u00fcdahale edecek ve gen\u00e7 efendiyi kurtarmak i\u00e7in elinden geleni yapacakt\u0131.M\u00fcrebbiye Winifred Hall kolayca kand\u0131r\u0131labilecek t\u00fcrden bir kad\u0131n de\u011fildi. Bak\u0131m\u0131n\u0131 \u00fcstlendi\u011fi \u015f\u0131mar\u0131k gen\u00e7 efendisi bir gecede mum gibi bir \u00e7ocu\u011fa d\u00f6n\u00fc\u015ft\u00fc\u011f\u00fcnde, onun Peri Halk\u0131 taraf\u0131ndan ka\u00e7\u0131r\u0131ld\u0131\u011f\u0131n\u0131 hemen fark etti. Ancak ortada ba\u015fka bir sorun daha vard\u0131: Cad\u0131korusu Malik\u00e2nesi\u2019nin so\u011fukkanl\u0131 lordu perilerin varl\u0131\u011f\u0131na inanacak son insand\u0131. Bu da Winnie\u2019ye pek bir se\u00e7enek b\u0131rakm\u0131yordu. Zavall\u0131 gen\u00e7 lordu kendisinin kurtarmas\u0131 gerekecekti.Cad\u0131korusu Malik\u00e2nesi\u2019nin duvarlar\u0131n\u0131n ard\u0131na gizlenen ba\u015fka bir d\u00fcnyan\u0131n karanl\u0131k tehlikeleri birer birer ortaya \u00e7\u0131kt\u0131\u011f\u0131nda Winnie, malik\u00e2nenin u\u015fa\u011f\u0131 Bay Quincy\u2019den yard\u0131m istemek zorunda kald\u0131. Her ne kadar g\u00fcvenilmez ve karanl\u0131k biri olsa da Bay Quincy aile hakk\u0131ndaki korkun\u00e7 s\u0131rlar\u0131 bilen tek ki\u015fiydi.Winnie, zek\u00e2s\u0131 ve cesaretiyle Cad\u0131korusu D\u00fc\u011f\u00fcm\u00fc\u2019n\u00fc \u00e7\u00f6zmeyi umuyordu. Ancak i\u015fler planlad\u0131\u011f\u0131 gibi gitmedi\u011finde, kime g\u00fcvenmeye cesaret edecek ve yoluna t\u00fcm tehlikelere ra\u011fmen nas\u0131l devam edecekti? \u201cCad\u0131korusu D\u00fc\u011f\u00fcm\u00fc, \u015fimdiye kadar okudu\u011fum en iyi Atwater roman\u0131. Hem zarafetiyle hem karanl\u0131\u011f\u0131yla b\u00fcy\u00fcleyen gotik bir a\u015fk hik\u00e2yesi.\u201d\u2014Alix E. Harrow\u201cCad\u0131korusu D\u00fc\u011f\u00fcm\u00fc, hayallerimdeki gotik-fantastik a\u015fk roman\u0131. Ne kadar sevdi\u011fimi anlatmaya yetecek g\u00fc\u00e7l\u00fc bir s\u0131fat bulam\u0131yorum. Zarif dili, \u00fcrpertici atmosferi, ilgi \u00e7ekici karakterleri ile kitab\u0131n her sat\u0131r\u0131 beni b\u00fcy\u00fcledi. Bu kitap t\u00fcm zamanlar\u0131n favorileri listemde \u00e2n\u0131nda yerini ald\u0131.\u201d\u2014India Holton\u201cYazar, d\u00fcnyan\u0131n adaletsizliklerinden ka\u00e7mayan, aksine onlara \u00f6fke, zek\u00e2, cesaret ve \u015fefkatle kar\u015f\u0131 duran bir kurguyu kaleme alm\u0131\u015f. Sizi hem b\u00fcy\u00fcleyecek hem de ayn\u0131 zamanda size g\u00fc\u00e7 verecek bir hik\u00e2ye.\u201d\u2014Shelley Parker-Chan\u201cKusursuz bir kurgu. Karanl\u0131k, \u00fcrk\u00fct\u00fcc\u00fc ve romantik. Sonbahar i\u00e7in harika bir kitap.\u201d\u2014Quenby Olson\u201cCad\u0131korusu D\u00fc\u011f\u00fcm\u00fc, o muhte\u015fem Viktoryen gotik malik\u00e2ne havas\u0131n\u0131 okurla bulu\u015fturuyor. Beklenmedik bir a\u015fk, kadim b\u00fcy\u00fcler ve karanl\u0131k bir atmosferle birlikte\u2026Winnie, cesur, inat\u00e7\u0131 ve \u015fa\u015f\u0131rt\u0131c\u0131 bir karakter; ona hayran olmamak elde de\u011fil.\u201d\u2014Jacquelyn Benson\u201cK\u00f6t\u00fc niyetli periler ve \u015f\u0131mar\u0131k erkeklerden b\u0131km\u0131\u015f bir kad\u0131n kahraman\u2026 Bir fantastik a\u015fk roman\u0131ndan daha ne beklenebilir ki? Atwater\u2019\u0131n t\u00fcm romanlar\u0131n\u0131 okudum ve hepsini sevdim ama bu kesinlikle en favorim.\u201d\u2014Virginia McClain <\/p>\n","protected":false},"excerpt":{"rendered":"<p>Cad\u0131korusu Malik\u00e2nesi\u2019nde olaylar bitmiyordu. \u015eimdi de periler, gen\u00e7 efendiyi ka\u00e7\u0131rm\u0131\u015ft\u0131. Fakat yeni gelen m\u00fcrebbiye gizemli yetenekleriyle duruma m\u00fcdahale edecek ve gen\u00e7 efendiyi kurtarmak i\u00e7in elinden geleni<span class=\"excerpt-hellip\"> [\u2026]<\/span><\/p>\n","protected":false},"featured_media":0,"template":"","meta":{"_monsterinsights_skip_tracking":false,"_monsterinsights_sitenote_active":false,"_monsterinsights_sitenote_note":"","_monsterinsights_sitenote_category":0},"product_brand":[],"product_cat":[12291,14777],"product_tag":[],"class_list":{"0":"post-778014","1":"product","2":"type-product","3":"status-publish","5":"product_cat-edebiyat","6":"product_cat-fantastik","7":"pa_cilt-ciltsiz","8":"pa_tur-kitap","9":"pa_yayinevi-yabanci-yayinevi","10":"pa_yazar-olivia-atwater","12":"first","13":"instock","14":"sale","15":"shipping-taxable","16":"purchasable","17":"product-type-simple"},"_links":{"self":[{"href":"https:\/\/roveyayinevi.com.tr\/index.php\/wp-json\/wp\/v2\/product\/778014","targetHints":{"allow":["GET"]}}],"collection":[{"href":"https:\/\/roveyayinevi.com.tr\/index.php\/wp-json\/wp\/v2\/product"}],"about":[{"href":"https:\/\/roveyayinevi.com.tr\/index.php\/wp-json\/wp\/v2\/types\/product"}],"wp:attachment":[{"href":"https:\/\/roveyayinevi.com.tr\/index.php\/wp-json\/wp\/v2\/media?parent=778014"}],"wp:term":[{"taxonomy":"product_brand","embeddable":true,"href":"https:\/\/roveyayinevi.com.tr\/index.php\/wp-json\/wp\/v2\/product_brand?post=778014"},{"taxonomy":"product_cat","embeddable":true,"href":"https:\/\/roveyayinevi.com.tr\/index.php\/wp-json\/wp\/v2\/product_cat?post=778014"},{"taxonomy":"product_tag","embeddable":true,"href":"https:\/\/roveyayinevi.com.tr\/index.php\/wp-json\/wp\/v2\/product_tag?post=778014"}],"curies":[{"name":"wp","href":"https:\/\/api.w.org\/{rel}","templated":true}]}}