{"id":778012,"date":"2025-10-28T20:16:53","date_gmt":"2025-10-28T17:16:53","guid":{"rendered":"https:\/\/roveyayinevi.com.tr\/index.php\/urun\/oyunlarin-oyuncusu\/"},"modified":"2026-04-15T03:43:36","modified_gmt":"2026-04-15T00:43:36","slug":"oyunlarin-oyuncusu","status":"publish","type":"product","link":"https:\/\/roveyayinevi.com.tr\/index.php\/urun\/oyunlarin-oyuncusu\/","title":{"rendered":"Oyunlar\u0131n Oyuncusu"},"content":{"rendered":"<p>\u201cBanks, yaln\u0131zca yeni d\u00fcnyalar hayal etmekle kalmaz, ayn\u0131 zamanda ya\u015fad\u0131\u011f\u0131m\u0131z d\u00fcnyay\u0131 bilimkurgu edebiyat\u0131nda \u00e7ok az ki\u015finin yapabilece\u011fi bir \u015fekilde ele\u015ftirir.\u201d \u2014Margaret Atwood \u201cIain M. Banks\u2019in K\u00fclt\u00fcr romanlar\u0131, benim i\u00e7in heyecan verici ve entelekt\u00fcel a\u00e7\u0131dan zorlay\u0131c\u0131 bir gelecek ke\u015ffi. Geli\u015fmi\u015f teknolojinin olanaklar\u0131 ve bunun toplum \u00fczerindeki etkileri konusunda benzersiz bir bak\u0131\u015f a\u00e7\u0131s\u0131 sunuyorlar.\u201d \u2014Arthur C. Clarke \u201cOKUYACA\u011eINIZ, SIRF B\u0130R OYUN OYNAMAK \u0130\u00c7\u0130N UZUN S\u00dcREL\u0130\u011eINE \u00c7OK UZAKLARA G\u0130TM\u0130\u015e B\u0130R ADAMIN H\u0130K\u00c2YES\u0130.\u201dHem spek\u00fclatif kurgu hem de anaak\u0131m edebiyat sahas\u0131nda eserler veren Iain M. Banks, \u00fctopyac\u0131 bilimkurguyu K\u00fclt\u00fcr Serisi kitaplar\u0131yla devasa bir oyun sahnesine ta\u015f\u0131sa da ideolojilerle ilgili derdini, tarihsel bak\u0131\u015f a\u00e7\u0131s\u0131n\u0131 asla kaybetmedi. Her ne kadar kariyerindeki ilk b\u00fcy\u00fck \u00e7\u0131k\u0131\u015f\u0131n\u0131 1984 y\u0131l\u0131nda yay\u0131mlanan E\u015fekar\u0131s\u0131 Fabrikas\u0131 adl\u0131 kitab\u0131yla yakalasa da d\u00f6neminin en \u00f6nemli yazarlar\u0131ndan biri olmas\u0131n\u0131 sa\u011flayan eserleri bilimkurgular\u0131yd\u0131. Oyunlar\u0131n Oyuncusu ise Banks\u2019in K\u00fclt\u00fcr evrenindeki en e\u011flenceli ve en sevilen roman\u0131. K\u00fclt\u00fcr\u2019\u00fcn efsanevi oyuncusu Jernau Morat Gurgeh, her \u015feyin m\u00fcmk\u00fcn say\u0131ld\u0131\u011f\u0131 bir \u00fctopyada anlam aray\u0131\u015f\u0131ndan vazge\u00e7mi\u015f, can s\u0131k\u0131nt\u0131s\u0131yla bo\u011fu\u015fan bir d\u00e2hiydi. Ac\u0131mas\u0131z Azad \u0130mparatorlu\u011fu\u2019ndan gelen teklifse onun i\u00e7in bir kurtulu\u015f vaadi gibiydi: Medeniyetin kaderini belirleyen Azad oyununa kat\u0131lmak. Azad, yaln\u0131zca bir strateji oyunundan ibaret de\u011fildi; imparatorlu\u011fun ac\u0131mas\u0131z, cinsiyet\u00e7i ve hiyerar\u015fik d\u00fczeninin ta kendisiydi. Oyunda ba\u015far\u0131 stat\u00fcy\u00fc me\u015frula\u015ft\u0131r\u0131rd\u0131; yenilgi ise \u00f6l\u00fcm demekti. Gurgeh, bu arenada sadece rakipleriyle de\u011fil, bir varolu\u015f bi\u00e7iminin bizzat kendisiyle y\u00fczle\u015fecekti. \u00dcstelik bu \u00f6lu\u0308mc\u00fcl oyunda yaln\u0131zca bir \u201coyuncu\u201d de\u011fildi, fark\u0131nda olmadan ba\u015fka bir felsefenin silah\u0131 h\u00e2line gelecekti. Zaferin bedelinin koca bir medeniyete mal olaca\u011f\u0131 nihai oyundu bu. Oyunlar\u0131n Oyuncusu, evrendeki en tehlikeli oyunun elkitab\u0131.<\/p>\n","protected":false},"excerpt":{"rendered":"<p>\u201cBanks, yaln\u0131zca yeni d\u00fcnyalar hayal etmekle kalmaz, ayn\u0131 zamanda ya\u015fad\u0131\u011f\u0131m\u0131z d\u00fcnyay\u0131 bilimkurgu edebiyat\u0131nda \u00e7ok az ki\u015finin yapabilece\u011fi bir \u015fekilde ele\u015ftirir.\u201d \u2014Margaret Atwood \u201cIain M. Banks\u2019in K\u00fclt\u00fcr<span class=\"excerpt-hellip\"> [\u2026]<\/span><\/p>\n","protected":false},"featured_media":0,"template":"","meta":{"_monsterinsights_skip_tracking":false,"_monsterinsights_sitenote_active":false,"_monsterinsights_sitenote_note":"","_monsterinsights_sitenote_category":0},"product_brand":[],"product_cat":[12540,12291],"product_tag":[],"class_list":{"0":"post-778012","1":"product","2":"type-product","3":"status-publish","5":"product_cat-bilim-kurgu","6":"product_cat-edebiyat","7":"pa_cilt-ciltsiz","8":"pa_tur-kitap","9":"pa_yayinevi-ithaki-yayinlari","10":"pa_yazar-iain-m-banks","12":"first","13":"instock","14":"sale","15":"shipping-taxable","16":"purchasable","17":"product-type-simple"},"_links":{"self":[{"href":"https:\/\/roveyayinevi.com.tr\/index.php\/wp-json\/wp\/v2\/product\/778012","targetHints":{"allow":["GET"]}}],"collection":[{"href":"https:\/\/roveyayinevi.com.tr\/index.php\/wp-json\/wp\/v2\/product"}],"about":[{"href":"https:\/\/roveyayinevi.com.tr\/index.php\/wp-json\/wp\/v2\/types\/product"}],"wp:attachment":[{"href":"https:\/\/roveyayinevi.com.tr\/index.php\/wp-json\/wp\/v2\/media?parent=778012"}],"wp:term":[{"taxonomy":"product_brand","embeddable":true,"href":"https:\/\/roveyayinevi.com.tr\/index.php\/wp-json\/wp\/v2\/product_brand?post=778012"},{"taxonomy":"product_cat","embeddable":true,"href":"https:\/\/roveyayinevi.com.tr\/index.php\/wp-json\/wp\/v2\/product_cat?post=778012"},{"taxonomy":"product_tag","embeddable":true,"href":"https:\/\/roveyayinevi.com.tr\/index.php\/wp-json\/wp\/v2\/product_tag?post=778012"}],"curies":[{"name":"wp","href":"https:\/\/api.w.org\/{rel}","templated":true}]}}