{"id":778004,"date":"2025-10-28T20:09:06","date_gmt":"2025-10-28T17:09:06","guid":{"rendered":"https:\/\/roveyayinevi.com.tr\/index.php\/urun\/kadinlar-ormani\/"},"modified":"2025-11-07T11:55:52","modified_gmt":"2025-11-07T08:55:52","slug":"kadinlar-ormani","status":"publish","type":"product","link":"https:\/\/roveyayinevi.com.tr\/index.php\/urun\/kadinlar-ormani\/","title":{"rendered":"Kad\u0131nlar Orman\u0131"},"content":{"rendered":"<p>G\u00fczelli\u011fin tehlike, gen\u00e7 k\u0131z olman\u0131n su\u00e7 say\u0131ld\u0131\u011f\u0131 bir yer. Anneler, kartelin eline ge\u00e7mesinden korktuklar\u0131 k\u0131zlar\u0131n\u0131 o\u011flan \u00e7ocu\u011fu gibi giydirir, onlar\u0131 ellerinden geldi\u011fince \u00e7irkinle\u015ftirir. Uyu\u015fturucu baronlar\u0131na ait siyah arazi ara\u00e7lar\u0131 k\u00f6ye indi\u011finde k\u0131zlar topra\u011f\u0131n alt\u0131na g\u00f6m\u00fcl\u00fcr, hayaller tehlike ge\u00e7ene de\u011fin ertelenir. Burada toprak hem \u00f6l\u00fclere hem de dirilere gebedir ve kad\u0131nlar, hayatta kalmak i\u00e7in g\u00f6lgelere kar\u0131\u015fmay\u0131 \u00f6\u011frenir. Ad\u0131n\u0131 babas\u0131n\u0131n annesine ihanetinden alan Ladydi Garcia Mart\u00ednez, i\u015fte bu tekinsiz topraklarda do\u011far ve b\u00fcy\u00fcr. O da di\u011ferleri gibi saklanmay\u0131, g\u00f6r\u00fcnmez olmay\u0131 ve kendi dayan\u0131\u015fma a\u011flar\u0131n\u0131 kurmay\u0131 \u00f6\u011frenir. Jennifer Clement, PEN\/Faulkner \u00d6d\u00fcl\u00fc\u2019ne aday olan bu sars\u0131c\u0131 ve g\u00fczel romanda Meksika\u2019da kad\u0131nlar\u0131, kay\u0131plara kar\u0131\u015fanlar\u0131 ve kaybedecek pek bir \u015feyi olmayanlar\u0131 anlat\u0131yor. Akrepler ve akbabalarla, erkekler ve erkek \u015fiddetiyle bo\u011fucu bir d\u00fcnyan\u0131n s\u0131n\u0131rlar\u0131n\u0131 kad\u0131n s\u00f6zleri, kad\u0131n sesleriyle geni\u015fletiyor. Kad\u0131nlar Orman\u0131 bitti\u011fi yerde ba\u015flayan, farkl\u0131 co\u011frafyalarda benzer zorluklarla m\u00fccadele eden kad\u0131nlar\u0131 birbirine ba\u011flayan ve karanl\u0131klar\u0131n i\u00e7inde \u0131\u015f\u0131l \u0131\u015f\u0131l parlayan bir roman.   Kad\u0131nlar\u0131n direncine dair ilham verici bir hik\u00e2ye. \u2013 Psychologies   Kad\u0131nlar Orman\u0131 sanki gizli bir dildeki bir r\u00fcyadan terc\u00fcme edilmi\u015f gibi\u2026 B\u00fcy\u00fcleyici, hatta \u00e7\u0131lg\u0131nca cezbedici. \u2013The New York Times Book Review   G\u00fczel ve y\u00fcrek burkan bir roman\u2026 \u0130nsan ya\u015fam\u0131 ile nesneler d\u00fcnyas\u0131 aras\u0131ndaki keskin g\u00f6zlemler, hik\u00e2ye boyunca s\u00fcregelen bir motif olu\u015fturuyor. (&#8230;) \u00d6ylesine etkileyici ki elden b\u0131rak\u0131lmayacak, g\u00fc\u00e7l\u00fc bir okuma deneyimi sunuyor. \u2014 Wall Street JournalYazar, imgeleriyle herkesin mutlaka duydu\u011fu ama \u00e7ok az ki\u015finin cesaret edip \u00fczerine gidebilece\u011fi sars\u0131c\u0131 bir ger\u00e7e\u011fi yeniden kuran g\u00fc\u00e7l\u00fc bir anlat\u0131 in\u015fa ediyor. \u2014 El Paso Times <\/p>\n","protected":false},"excerpt":{"rendered":"<p>G\u00fczelli\u011fin tehlike, gen\u00e7 k\u0131z olman\u0131n su\u00e7 say\u0131ld\u0131\u011f\u0131 bir yer. Anneler, kartelin eline ge\u00e7mesinden korktuklar\u0131 k\u0131zlar\u0131n\u0131 o\u011flan \u00e7ocu\u011fu gibi giydirir, onlar\u0131 ellerinden geldi\u011fince \u00e7irkinle\u015ftirir. Uyu\u015fturucu baronlar\u0131na ait<span class=\"excerpt-hellip\"> [\u2026]<\/span><\/p>\n","protected":false},"featured_media":0,"template":"","meta":{"_monsterinsights_skip_tracking":false,"_monsterinsights_sitenote_active":false,"_monsterinsights_sitenote_note":"","_monsterinsights_sitenote_category":0},"product_brand":[],"product_cat":[12291,12711],"product_tag":[],"class_list":{"0":"post-778004","1":"product","2":"type-product","3":"status-publish","5":"product_cat-edebiyat","6":"product_cat-roman-oyku","7":"pa_cilt-ciltsiz","8":"pa_tur-kitap","9":"pa_yayinevi-siren-yayinlari","10":"pa_yazar-jennifer-clement","12":"first","13":"instock","14":"sale","15":"shipping-taxable","16":"purchasable","17":"product-type-simple"},"_links":{"self":[{"href":"https:\/\/roveyayinevi.com.tr\/index.php\/wp-json\/wp\/v2\/product\/778004","targetHints":{"allow":["GET"]}}],"collection":[{"href":"https:\/\/roveyayinevi.com.tr\/index.php\/wp-json\/wp\/v2\/product"}],"about":[{"href":"https:\/\/roveyayinevi.com.tr\/index.php\/wp-json\/wp\/v2\/types\/product"}],"wp:attachment":[{"href":"https:\/\/roveyayinevi.com.tr\/index.php\/wp-json\/wp\/v2\/media?parent=778004"}],"wp:term":[{"taxonomy":"product_brand","embeddable":true,"href":"https:\/\/roveyayinevi.com.tr\/index.php\/wp-json\/wp\/v2\/product_brand?post=778004"},{"taxonomy":"product_cat","embeddable":true,"href":"https:\/\/roveyayinevi.com.tr\/index.php\/wp-json\/wp\/v2\/product_cat?post=778004"},{"taxonomy":"product_tag","embeddable":true,"href":"https:\/\/roveyayinevi.com.tr\/index.php\/wp-json\/wp\/v2\/product_tag?post=778004"}],"curies":[{"name":"wp","href":"https:\/\/api.w.org\/{rel}","templated":true}]}}