{"id":778003,"date":"2025-10-28T20:08:59","date_gmt":"2025-10-28T17:08:59","guid":{"rendered":"https:\/\/roveyayinevi.com.tr\/index.php\/urun\/idil-ural-ve-turkistanda-fikir-hareketleri\/"},"modified":"2026-04-15T03:41:36","modified_gmt":"2026-04-15T00:41:36","slug":"idil-ural-ve-turkistanda-fikir-hareketleri","status":"publish","type":"product","link":"https:\/\/roveyayinevi.com.tr\/index.php\/urun\/idil-ural-ve-turkistanda-fikir-hareketleri\/","title":{"rendered":"\u0130dil &#8211; Ural ve T\u00fcrkistan&#8217;da Fikir Hareketleri"},"content":{"rendered":"<p>T\u00fcrkistan\u2019\u0131n entelekt\u00fcel tarihi ve reform hareketleri konusunda \u00f6nemli ara\u015ft\u0131rmalar\u0131yla uluslararas\u0131 bir otorite kabul edilen Ahmet Kanl\u0131dere, y\u0131llara yay\u0131lan \u00e7al\u0131\u015fmalar\u0131n\u0131 yeni ula\u015ft\u0131\u011f\u0131 sonu\u00e7larla sentezleyerek \u0130dil- Ural\u2019\u0131n din\u00ee uyan\u0131\u015f ve modernle\u015fme tarihine dair kapsaml\u0131 bir monografiyle bilgilerimizi g\u00fcncelliyor. Kitap, Tatar edebiyat\u0131n\u0131n do\u011fu\u015fu ve Cedit\u00e7ilikten halk\u00e7\u0131 ve sosyalist d\u00fc\u015f\u00fcncelerin y\u00fckseli\u015fine, dil ve kimlik meselelerinden kad\u0131n haklar\u0131na, Rusya M\u00fcsl\u00fcmanlar\u0131n\u0131n siyasi faaliyetlerinden Osmanl\u0131 T\u00fcrkleriyle ili\u015fkilerine, T\u00fcrkistan ve Kazan\u2019\u0131n entelekt\u00fcel birikiminin Osmanl\u0131 T\u00fcrkiyesi\u2019ndeki etki ve izd\u00fc\u015f\u00fcmlerinden yenilik hareketlerinin son ku\u015fa\u011f\u0131n\u0131n Sovyet siyasetiyle m\u00fccadelesine kadar \u00e7e\u015fitlenen pek \u00e7ok ba\u015fl\u0131k alt\u0131nda T\u00fcrk d\u00fcnyas\u0131n\u0131n fikir ve tecedd\u00fct tarihine muazzam bir \u0131\u015f\u0131k tutuyor.<\/p>\n","protected":false},"excerpt":{"rendered":"<p>T\u00fcrkistan\u2019\u0131n entelekt\u00fcel tarihi ve reform hareketleri konusunda \u00f6nemli ara\u015ft\u0131rmalar\u0131yla uluslararas\u0131 bir otorite kabul edilen Ahmet Kanl\u0131dere, y\u0131llara yay\u0131lan \u00e7al\u0131\u015fmalar\u0131n\u0131 yeni ula\u015ft\u0131\u011f\u0131 sonu\u00e7larla sentezleyerek \u0130dil- Ural\u2019\u0131n din\u00ee<span class=\"excerpt-hellip\"> [\u2026]<\/span><\/p>\n","protected":false},"featured_media":0,"template":"","meta":{"_monsterinsights_skip_tracking":false,"_monsterinsights_sitenote_active":false,"_monsterinsights_sitenote_note":"","_monsterinsights_sitenote_category":0},"product_brand":[],"product_cat":[12370,12304],"product_tag":[],"class_list":{"0":"post-778003","1":"product","2":"type-product","3":"status-publish","5":"product_cat-arastirma-inceleme","6":"product_cat-tarih","7":"pa_cilt-ciltsiz","8":"pa_tur-kitap","9":"pa_yayinevi-otuken-nesriyat","10":"pa_yazar-ahmet-kanlidere","12":"first","13":"instock","14":"sale","15":"shipping-taxable","16":"purchasable","17":"product-type-simple"},"_links":{"self":[{"href":"https:\/\/roveyayinevi.com.tr\/index.php\/wp-json\/wp\/v2\/product\/778003","targetHints":{"allow":["GET"]}}],"collection":[{"href":"https:\/\/roveyayinevi.com.tr\/index.php\/wp-json\/wp\/v2\/product"}],"about":[{"href":"https:\/\/roveyayinevi.com.tr\/index.php\/wp-json\/wp\/v2\/types\/product"}],"wp:attachment":[{"href":"https:\/\/roveyayinevi.com.tr\/index.php\/wp-json\/wp\/v2\/media?parent=778003"}],"wp:term":[{"taxonomy":"product_brand","embeddable":true,"href":"https:\/\/roveyayinevi.com.tr\/index.php\/wp-json\/wp\/v2\/product_brand?post=778003"},{"taxonomy":"product_cat","embeddable":true,"href":"https:\/\/roveyayinevi.com.tr\/index.php\/wp-json\/wp\/v2\/product_cat?post=778003"},{"taxonomy":"product_tag","embeddable":true,"href":"https:\/\/roveyayinevi.com.tr\/index.php\/wp-json\/wp\/v2\/product_tag?post=778003"}],"curies":[{"name":"wp","href":"https:\/\/api.w.org\/{rel}","templated":true}]}}